{"id":3233,"date":"2018-04-30T13:16:49","date_gmt":"2018-04-30T11:16:49","guid":{"rendered":"https:\/\/new.villa-visnjan.eu\/?page_id=3233"},"modified":"2026-01-02T19:54:31","modified_gmt":"2026-01-02T18:54:31","slug":"visnjan","status":"publish","type":"page","link":"https:\/\/villa-visnjan.eu\/de\/visnjan\/","title":{"rendered":"Visnjan, , Pore\u010d, Istriena, Kroatien"},"content":{"rendered":"<p><\/p>\n<h2>VI\u0160NJAN<\/h2>\n<p>Der Name stammt wahrscheinlich vom lat.Wort Vicinianus, was \u201ein der N\u00e4he&#8220; bedeutet. Vi\u0161njan war n\u00e4mlich einst der n\u00e4chste Besitz von Pore\u010d. Vi\u0161njan geh\u00f6rte bis zum Jahr 1203 vollkommen dem Bischof von Pore\u010d, und sp\u00e4ter war er im Besitz der F\u00fcrsten von Gorica und Pazin im Lehnssystem von Motovun. Zusammen mit Motovun kam Vi\u0161njan unter die Herrschaft Venedigs, was auch das Stadttor, mit einem venezianischen L\u00f6wen aus dem 17. Jahrhundert verziert, best\u00e4tigt. Das romantische historische Zentrum, in dem sich die Villa Vi\u0161njan befindet, versteckt eine pr\u00e4chtige Stadtloggia aus dem 17.Jahrhundert, einst Mittelpunkt gesellschaftlichen Lebens, und heute ein einzigartiger Ort um Fotos aufzunehmen, mit einer Aussicht auf das Meer und die istrischen Olivenhaine und Weinberge. Die restlichen sehenswerten Bauten sind die Hl.Quirik und Julita Pfarrkirche, mit der klassizistischen Fassade und dem abgesondert stehenden Glockenturm, der sanierte Palast Sin\u010di\u0107, und als kleine Perle am Eingang ins Altstadtzentrum erscheint die Kirche des Hl.Antonius des Einsiedlers (14.Jh.) mit Fresken und Resten Graffiti in glagolitischer Schrift. In der N\u00e4he von Vi\u0161njan sind unterirdische Reste der Kirche und des Klosters des Hl.Michels aus dem Mittelalter sichtbar. Die Bewohner von Vi\u0161njan sind haupts\u00e4chlich in der Landwirtschaft t\u00e4tig (ein Ort bekannter kroatischer Winzer) oder sind Angestellte im Fremdenverkehrsektor der nahe gelegenen Urlaubsorte wie Pore\u010d, Vrsar, Lanterna oder Novigrad. Vi\u0161njan hat auch eine Sternwarte und ist in Kroatien f\u00fcr den Wissenschaftler Korado Korlevic und dem Renommee der Sternwarte bekannt.<br \/>\n(Quelle: Enzyklop\u00e4die Istriens)<\/p>\n<p>&nbsp;<\/p>\n<h2>STERNWARTE<\/h2>\n<p><img loading=\"lazy\" decoding=\"async\" class=\"size-medium wp-image-4108 alignright\" src=\"http:\/\/new.villa-visnjan.eu\/wp-content\/uploads\/2018\/05\/zvjezdarnica-300x231.jpg\" alt=\"\" width=\"300\" height=\"231\" srcset=\"https:\/\/villa-visnjan.eu\/wp-content\/uploads\/2018\/05\/zvjezdarnica-300x231.jpg 300w, https:\/\/villa-visnjan.eu\/wp-content\/uploads\/2018\/05\/zvjezdarnica-768x591.jpg 768w, https:\/\/villa-visnjan.eu\/wp-content\/uploads\/2018\/05\/zvjezdarnica.jpg 1024w, https:\/\/villa-visnjan.eu\/wp-content\/uploads\/2018\/05\/zvjezdarnica-600x462.jpg 600w\" sizes=\"auto, (max-width: 300px) 100vw, 300px\" \/>Wenn Sie neue Gebiete besuchen und neue Leute und ihre Hobbys kennen lernen wollen, ist Vi\u0161njan wirklich der beste Ort f\u00fcr Sie. Neben dem Weinbau und Tourismus, wo die meisten Leute t\u00e4tig sind, widmen einige Bewohner von Vi\u0161njan ihre N\u00e4chte dem Himmel. In Vi\u0161njan wirkt schon seit Jahrzehnten die seri\u00f6se astronomische Gesellschaft, der es gelungen ist das Observatorium dieses kleinen Ortes mit gerade 2400 Einwohner zu einem des ber\u00fchmtesten der Welt zu machen. Fachleute sagen, und wir beweisen es, da\u00df die Astronomen in Vi\u0161njan noch 1998 \u00fcber 370 neue Asteroide entdeckt haben, was mehr als die Summe aller Entdeckungen der Sternwarte in Nizza, Wien, Pula und Belgrad in der ganzen Geschichte ist. Im n\u00e4chsten Jahr waren sie noch besser und entdeckten noch weitere 923 neue Asteroide, zwei Kometen und ein potentiell gef\u00e4hrliches Objekt. Schon 2003 wird Vi\u0161njan zu einer der produktivsten Weltsternwarten aller Zeiten und stattet eine neue und bessere Beobachtungsstelle au\u00dferhalb der Umgebung in einem nahen Vorort Vi\u0161njans, der Ti\u0107an hei\u00dft.<br \/>\nDie astronomische Gesellschaft gibt sich neben den Entdeckungen neuer Himmelserscheinungen auch viel M\u00fche um die Ausbildung Jugendlicher. In Vi\u0161njan findet im Rahmen der Sternwarte schon viele Jahre lang die Nationale astronomische Schule statt und die Sternwarte wurde eines der 19 Zentren des weltweiten Bildungsnetzwerkes f\u00fcr Spitzenleistung (Network of excellence). Einige Mitglieder der Gesellschaft f\u00fcr Astronomie aus Vi\u0161njan arbeiten heute erfolgreich an Projekten der NASA. Ebenso interessant, da\u00df in Vi\u0161njan die Kamera Nr.77 in Zusammenarbeit mit dem deutschen Netzwerk \u201eEuropean fireball network&#8220; aufgestellt wurde, die jahrelang schon den Meteoritenfall verfolgt. Zus\u00e4tzliche Ausk\u00fcnfte \u00fcber den Sternwartebesuch finden Sie auf der Webseite der Astronomie Gesellschaft Vi\u0161njan oder beim Tourismusverband Vi\u0161njan.<\/p>\n<p>&nbsp;<\/p>\n<h2>BAREDINE H\u00d6HLE<\/h2>\n<p><img loading=\"lazy\" decoding=\"async\" class=\"size-medium wp-image-4109 alignright\" src=\"http:\/\/new.villa-visnjan.eu\/wp-content\/uploads\/2018\/05\/Jama-Baredine-dvorana-300x199.jpg\" alt=\"\" width=\"300\" height=\"199\" srcset=\"https:\/\/villa-visnjan.eu\/wp-content\/uploads\/2018\/05\/Jama-Baredine-dvorana-300x199.jpg 300w, https:\/\/villa-visnjan.eu\/wp-content\/uploads\/2018\/05\/Jama-Baredine-dvorana-768x510.jpg 768w, https:\/\/villa-visnjan.eu\/wp-content\/uploads\/2018\/05\/Jama-Baredine-dvorana.jpg 1024w, https:\/\/villa-visnjan.eu\/wp-content\/uploads\/2018\/05\/Jama-Baredine-dvorana-600x398.jpg 600w\" sizes=\"auto, (max-width: 300px) 100vw, 300px\" \/>Istrien ist die st\u00e4rkste kroatische geoturistische Umgebung. Dies beweist, neben der H\u00f6hle Festini bei \u017dminj und der H\u00f6hle Mramornica, gerade das ber\u00fchmteste geomorphologische Naturdenkmal \u2013 die H\u00f6hle Baredine, die sich auf dem halben Weg zwischen Pore\u010d und Vi\u0161njan befindet. Die ersten H\u00f6hlenerforschungen gab es schon 1926 und heute k\u00f6nnen die Besucher, unter fachlicher F\u00fchrung, auf 40 Minuten, durch f\u00fcnf S\u00e4le in die H\u00f6hle hinuntersteigen und die endemische Tierart, den Grottenolm, die reich beschm\u00fcckten Stalaktiten und Stalagmiten und Tropfsteinst\u00e4mme verschiedener Farben sehen. Die Temperatur liegt bei 13 Grad; nehmen Sie sich deshalb etwas Warmes mit. Im Rahmen des Ausflugsorts kann man sich die ethnologische Sammlung alter landwirtschaftlicher Maschinen ansehen und drau\u00dfen einen leichten Imbiss genie\u00dfen; sonntags wird meistens Tanzmusik organisiert. Das ist ein netter Urlaubsort, nicht nur f\u00fcr H\u00f6hlenfans, sondern auch f\u00fcr Familien mit Kindern. Hier k\u00f6nnen die G\u00e4ste auch die st\u00e4ndige Ausstellung \u201eTraktor Story&#8220; \u00fcber die hiesige Landwirtschaft besuchen.<\/p>\n<p>&nbsp;<\/p>\n<h2>FAHRRAD-ROUTE-VI\u0160NJAN<\/h2>\n<p><strong>STERNENRADWEG (24,5 km) (1:15-1:30 h)<br \/>\n(Vi\u0161njan \u2013 Markovac \u2013 Jadruhi \u2013 Ba\u0161koti \u2013 Prhati \u2013 Rapavel- Radovani \u2013 Ba\u010dva)<\/strong><\/p>\n<h2><\/h2>\n<p><img loading=\"lazy\" decoding=\"async\" class=\"size-medium wp-image-4110 alignright\" src=\"http:\/\/new.villa-visnjan.eu\/wp-content\/uploads\/2018\/05\/bike-staze2-300x198.jpg\" alt=\"\" width=\"300\" height=\"198\" srcset=\"https:\/\/villa-visnjan.eu\/wp-content\/uploads\/2018\/05\/bike-staze2-300x198.jpg 300w, https:\/\/villa-visnjan.eu\/wp-content\/uploads\/2018\/05\/bike-staze2-768x508.jpg 768w, https:\/\/villa-visnjan.eu\/wp-content\/uploads\/2018\/05\/bike-staze2.jpg 1024w, https:\/\/villa-visnjan.eu\/wp-content\/uploads\/2018\/05\/bike-staze2-600x397.jpg 600w\" sizes=\"auto, (max-width: 300px) 100vw, 300px\" \/>Falls Sie es nicht wu\u00dften, haben wir in Istrien eine erfolgreiche Sternwarte, die Dank ihrer Entdeckungen zu den 5 weltber\u00fchmtesten z\u00e4hlt. Das neue Observatorium befindet sich in Ti\u0107an, dem Vorort von Vi\u0161njan. Deswegen hei\u00dft unser Radweg Sternenradweg. Am Anfang der Hauptstra\u00dfe von Vi\u0161njan kommen Sie an der Kirche des Hl.Anton mit glagolitischen Schriftzeichen aus 1550 und wertvollen Freskoresten von Dominik aus Udine vorbei. Das k\u00f6nnte ihr Ausgangspunkt sein. Die Hauptpfarrkirche mit einem f\u00fcr Fotos wundersch\u00f6nen Ausblick und einer romantischen Loggia befindet sich am Ende der Fortuna Stra\u00dfe (Ulica S.Fortuna). Weiter k\u00f6nnen Sie durch die ruhige Landschaft \u00fcber die Orte Markovac, Ba\u0161koti, Vranici und Prhati bis nach Montaver fahren. Hier werden Sie jeden Augenblick in der friedlichen Umgebung und der authentischen Architektur genie\u00dfen, und falls Sie Lust an echte istrische Gerichte und Wein haben, besuchen Sie einen der zahlreichen Agrotourismen, den Sie dort finden. Auf der R\u00fcckkehr, 3 Kilometer s\u00fcdlich von Vi\u0161njan liegt das Dorf Ba\u010dva. Hier finden Sie die Hl.Jakob Kirche aus dem 12.Jh. und hundert Meter weiter die Kirche der heiligen Muttergottes aus dem 14.\/15.Jh., umgeben vom Gr\u00fcn und H\u00e4usern. Wir schlagen Ihnen folgende Gastst\u00e4tten vor: Milena in Ba\u010dva und Borgonja in Vi\u0161njan.<\/p>\n<p><strong>Technische Beschreibung:<\/strong><\/p>\n<ul>\n<li>Ausgangspunkt: Vi\u0161njan<\/li>\n<li>Radwegl\u00e4nge: 24.5 km<\/li>\n<li>Ziel: Vi\u0161njan<\/li>\n<li>Schwierigkeitsgard: leicht<\/li>\n<li>H\u00f6henunterschied: 306 m<\/li>\n<li>H\u00f6chster Punkt: 331 m<\/li>\n<li>Niedrigster Punkt: 190 m<\/li>\n<li>Radwegtyp: Asphalt (16.7 km; 68,16%)<\/li>\n<li>Schotter (7.8 km; 31,84%)<\/li>\n<\/ul>\n<p><strong>Weitere empfohlene Radwege bei Vi\u0161njan:<\/strong><\/p>\n<ul>\n<li>Euphrasiana-Radweg<\/li>\n<li>Sv.Mauro-Radweg<\/li>\n<li>St.Michel unter der Erde- Radweg<\/li>\n<li>15.Etappe Giro d&#8217;Italia- Radweg<\/li>\n<\/ul>\n<p>&nbsp;<\/p>\n<h2>PARENZANA<\/h2>\n<p><img loading=\"lazy\" decoding=\"async\" class=\"size-medium wp-image-4111 alignright\" src=\"http:\/\/new.villa-visnjan.eu\/wp-content\/uploads\/2018\/05\/staza-parenzana-300x198.jpg\" alt=\"\" width=\"300\" height=\"198\" srcset=\"https:\/\/villa-visnjan.eu\/wp-content\/uploads\/2018\/05\/staza-parenzana-300x198.jpg 300w, https:\/\/villa-visnjan.eu\/wp-content\/uploads\/2018\/05\/staza-parenzana-768x508.jpg 768w, https:\/\/villa-visnjan.eu\/wp-content\/uploads\/2018\/05\/staza-parenzana.jpg 1024w, https:\/\/villa-visnjan.eu\/wp-content\/uploads\/2018\/05\/staza-parenzana-600x397.jpg 600w\" sizes=\"auto, (max-width: 300px) 100vw, 300px\" \/>Die schmalspurige Eisenbahnstrecke Parenzana, \u201eGesundheits- und Freundschaftsweg&#8220;, verband 33 Orte in Istrien von Triest bis Pore\u010d miteinander. Heute w\u00fcrde sie durch das Gebiet von drei L\u00e4ndern verlaufen, Italien \u2013 13 km, Slowenien \u2013 32 km und Kroatien \u2013 78 km.<br \/>\nDiese Bahn brachte Leben in alle Ortschaften, durch die sie fuhr; auf dem 123 km langen Weg schnaufte und knirschte der kleine Zug langsam durch h\u00fcgelige, landschaftlich vielf\u00e4ltige Karstgebiete von Istrien und transportierte neben den Fahrg\u00e4sten auch Salz aus den Salinen in Piran und Se\u010dovlje, Oliven\u00f6l aus der Umgebung von Buje und Motovun, Obst, Gem\u00fcse, und istrische Produkte wie Stein, Holz, Kalkstein, Mehl und Wein.<br \/>\nZahlreiche leidenschaftliche Wanderer, Forscher, Radfahrer und Naturliebhaber sind sich der m\u00e4rchenhaften Sch\u00f6nheit der in die istrische Landschaft eingewebten Bahntrasse schon seit jeher bewusst und betonen die Chancen, die sich bei einer geeigneten Wiederbelebung bieten.<\/p>\n<p>Empfehlung: Radmarathon f\u00fcr Freizeitsportler, \u201eParenzana \u2013 Gesundheits- und Freundschaftsweg&#8220;. Die Strecke ist 46,7 km lang und alle Altersgruppen k\u00f6nnen daran teilnehmen. Die Strecke f\u00fchrt durch: Vi\u017einada \u2013 Karojba \u2013 Motovun \u2013 Thermalbad Istarske toplice \u2013 Livade &#8211; Ponte Porton- Vi\u017einada. (Quelle: www.parenzana.hr)<\/p>","protected":false},"excerpt":{"rendered":"<p>VI\u0160NJAN Der Name stammt wahrscheinlich vom lat.Wort Vicinianus, was \u201ein der N\u00e4he&#8220; bedeutet. Vi\u0161njan war n\u00e4mlich einst der n\u00e4chste Besitz von Pore\u010d. Vi\u0161njan geh\u00f6rte bis zum Jahr&#8230;<\/p>\n","protected":false},"author":1,"featured_media":4094,"parent":0,"menu_order":0,"comment_status":"closed","ping_status":"closed","template":"","meta":{"footnotes":""},"class_list":["post-3233","page","type-page","status-publish","has-post-thumbnail","hentry"],"aioseo_notices":[],"_links":{"self":[{"href":"https:\/\/villa-visnjan.eu\/de\/wp-json\/wp\/v2\/pages\/3233","targetHints":{"allow":["GET"]}}],"collection":[{"href":"https:\/\/villa-visnjan.eu\/de\/wp-json\/wp\/v2\/pages"}],"about":[{"href":"https:\/\/villa-visnjan.eu\/de\/wp-json\/wp\/v2\/types\/page"}],"author":[{"embeddable":true,"href":"https:\/\/villa-visnjan.eu\/de\/wp-json\/wp\/v2\/users\/1"}],"replies":[{"embeddable":true,"href":"https:\/\/villa-visnjan.eu\/de\/wp-json\/wp\/v2\/comments?post=3233"}],"version-history":[{"count":21,"href":"https:\/\/villa-visnjan.eu\/de\/wp-json\/wp\/v2\/pages\/3233\/revisions"}],"predecessor-version":[{"id":5013,"href":"https:\/\/villa-visnjan.eu\/de\/wp-json\/wp\/v2\/pages\/3233\/revisions\/5013"}],"wp:featuredmedia":[{"embeddable":true,"href":"https:\/\/villa-visnjan.eu\/de\/wp-json\/wp\/v2\/media\/4094"}],"wp:attachment":[{"href":"https:\/\/villa-visnjan.eu\/de\/wp-json\/wp\/v2\/media?parent=3233"}],"curies":[{"name":"wp","href":"https:\/\/api.w.org\/{rel}","templated":true}]}}