{"id":3235,"date":"2018-04-30T13:17:08","date_gmt":"2018-04-30T11:17:08","guid":{"rendered":"https:\/\/new.villa-visnjan.eu\/?page_id=3235"},"modified":"2026-01-10T10:26:53","modified_gmt":"2026-01-10T09:26:53","slug":"plaze","status":"publish","type":"page","link":"https:\/\/villa-visnjan.eu\/de\/plaze\/","title":{"rendered":"Str\u00e4nde"},"content":{"rendered":"<p>Vi\u0161njan gravitiert am meisten zu Porec, bekanntes Badeort, dessen Meeresgebiet sich der K\u00fcste entlang vom Fluss Mirna bis zum Lim Kanal erstreckt. Hier gibt es zahlreiche Badeorte, wo man oft mit dem auto keinen direkten Zugang zum Strand hat. Unsere Empfehlung der Str\u00e4nde befindet sich hier unten:<\/p>\n<h3>Lanterna<\/h3>\n<p><img loading=\"lazy\" decoding=\"async\" class=\"size-thumbnail wp-image-4240 alignleft\" src=\"http:\/\/new.villa-visnjan.eu\/wp-content\/uploads\/2018\/05\/lanterna1-150x150.jpg\" alt=\"\" width=\"150\" height=\"150\" srcset=\"https:\/\/villa-visnjan.eu\/wp-content\/uploads\/2018\/05\/lanterna1-150x150.jpg 150w, https:\/\/villa-visnjan.eu\/wp-content\/uploads\/2018\/05\/lanterna1-650x650.jpg 650w, https:\/\/villa-visnjan.eu\/wp-content\/uploads\/2018\/05\/lanterna1-300x300.jpg 300w, https:\/\/villa-visnjan.eu\/wp-content\/uploads\/2018\/05\/lanterna1-100x100.jpg 100w\" sizes=\"auto, (max-width: 150px) 100vw, 150px\" \/>Hervorzuheben ist die Halbinsel Lanterna, ein kilometerlanger Strand, Kombination von Kieferw\u00e4ldern , kurzen Kieselsteingebiete oder Riffs. Teil der Halbinsel hat auch einen Sonnenstrand f\u00fcr Nudisten. Entfernung von Visnjan betr\u00e4gt 10 Autominuten in Richtung Tar. Man kann auch den Saisonbus nehmen.<\/p>\n<h3>Materada<\/h3>\n<p><img loading=\"lazy\" decoding=\"async\" class=\"size-thumbnail wp-image-4253 alignright\" src=\"http:\/\/new.villa-visnjan.eu\/wp-content\/uploads\/2018\/05\/plaza-luna-150x150.jpg\" alt=\"\" width=\"150\" height=\"150\" srcset=\"https:\/\/villa-visnjan.eu\/wp-content\/uploads\/2018\/05\/plaza-luna-150x150.jpg 150w, https:\/\/villa-visnjan.eu\/wp-content\/uploads\/2018\/05\/plaza-luna-650x650.jpg 650w, https:\/\/villa-visnjan.eu\/wp-content\/uploads\/2018\/05\/plaza-luna-300x300.jpg 300w, https:\/\/villa-visnjan.eu\/wp-content\/uploads\/2018\/05\/plaza-luna-100x100.jpg 100w\" sizes=\"auto, (max-width: 150px) 100vw, 150px\" \/>Die Siedlung MATERADA bietet einen kostenlosen Strand mit Parkplatz. Es gibt einige Cafe\u00b4s, wo sie ein Bier trinken und sich Liegest\u00fchle ausleihen k\u00f6nnen. Die H\u00e4lfte des Strandes ist wenig eingerichtet, unter dem Hotel Materada aber gibt es Duschen, Umkleidekabinen und einen Kinderspielplatz. Die Entfernung von Vi\u0161njan betr\u00e4gt 10 Autominuten in Richtung Pore\u010d-Nord, (Ulica \u0160padi\u0107i).<\/p>\n<h3>Naftaplin<\/h3>\n<p><img decoding=\"async\" class=\"alignleft\" src=\"http:\/\/new.villa-visnjan.eu\/wp-content\/uploads\/2018\/05\/plaza-pical-150x150.jpg\" \/>Der Strand Naftaplin befindet sich neben dem Stadtzentrum von Pore\u010d. Der Strand ist sch\u00f6n eingerichtet und hat einen herrlichen Spazierweg durch den Kieferwald. Der Strand ist in Steinen belegt. Es gibt kleine Snack-Bars, Duschen und Umkleidekabinen. Sie k\u00f6nnen hier Liegest\u00fchle oder Paddelboote ausleihen. Fahren Sie in Richtung Porec-Zentrum (Ulica Rade Koncara).<\/p>\n<h3>Plava Laguna<\/h3>\n<p><img loading=\"lazy\" decoding=\"async\" class=\"size-thumbnail wp-image-4247 alignright\" src=\"http:\/\/new.villa-visnjan.eu\/wp-content\/uploads\/2018\/05\/plava-laguna-150x150.jpg\" alt=\"\" width=\"150\" height=\"150\" srcset=\"https:\/\/villa-visnjan.eu\/wp-content\/uploads\/2018\/05\/plava-laguna-150x150.jpg 150w, https:\/\/villa-visnjan.eu\/wp-content\/uploads\/2018\/05\/plava-laguna-650x650.jpg 650w, https:\/\/villa-visnjan.eu\/wp-content\/uploads\/2018\/05\/plava-laguna-300x300.jpg 300w, https:\/\/villa-visnjan.eu\/wp-content\/uploads\/2018\/05\/plava-laguna-100x100.jpg 100w\" sizes=\"auto, (max-width: 150px) 100vw, 150px\" \/>Es handelt sich von einem touristischen Komplex, der immer von Touristen wimmelt. Der Strand ist sch\u00f6n eingerichtet und hat einen herrlichen Spazierweg durch den Kieferwald. Der Strand ist in Steinen belegt. Es gibt kleine Snack-Bars, Duschen und Umkleidekabinen, sogar eine Bummelbahn.<br \/>\nEs ist hier nicht immer einfach den Parkplatz zu finden.<\/p>\n<h3>Zelena Laguna<\/h3>\n<p>Endlich Kieselstein! Hier finden Sie kieselsteinige Gebiete, wenn Sie kleine Kinder haben. Am Strand k\u00f6nnen Sie Beach Volley oder Tischtennis spielen. Was besonders interessant in der Zelena Laguna ist, ist der Ski-Lift oder Wasserseilbahn. Es macht viel Spa\u00df am Wasser Ski zu fahren. In der deu.\u00dcbersetzung bedeutet der Name \u201eZelena Laguna&#8220;, Gr\u00fcne Lagune.<\/p>\n<h3>Lim kanal<\/h3>\n<p>Der Fjord von Lim ist ein gesch\u00fctztes Gebiet, deshalb schlagen wir vor, da\u00df Sie das Baden in diesem sch\u00f6nen Naturambiente mit dem Schifffahrt zum Kanal kombinieren. Es werden t\u00e4glich Ausfl\u00fcge aus Porec organisiert. Auf dem Schiff k\u00f6nnen Sie ein Fisch-picknick machen und der Kapit\u00e4n sucht Ihnen eine Stelle aus, an der Sie alle ins Meer springen k\u00f6nnen. Es gibt auch ein Reiseleiter am Schiff, der Ihnen \u00fcber Istrien erz\u00e4hlt. Das Personal in der Villa steht Ihnen f\u00fcr die Buchungen gerne zur Verf\u00fcgung.<\/p>\n<h3>Nationalpark Brijuni<\/h3>\n<p>Nicht weit von Vi\u0161njan (ca. 40 Min Autofahrt in Richtung Vodnjan) liegt der Hafen Fa\u017eana,wo man die Eintrittskarten f\u00fcr den Nationalpark kaufen kann. S\u00fcdlich des Infopunkts gibt es einen sch\u00f6nen Strand mit Aussicht auf den Nationalpark. D.h. Sie k\u00f6nnen baden und sp\u00e4ter die Insel Brijuni Nationalpark besuchen.<\/p>\n<h3>Kamenjak<\/h3>\n<p><img loading=\"lazy\" decoding=\"async\" class=\"wp-image-4250 size-thumbnail alignleft\" src=\"http:\/\/new.villa-visnjan.eu\/wp-content\/uploads\/2018\/05\/plaza-gortanova-uvala-150x150.jpg\" alt=\"\" width=\"150\" height=\"150\" srcset=\"https:\/\/villa-visnjan.eu\/wp-content\/uploads\/2018\/05\/plaza-gortanova-uvala-150x150.jpg 150w, https:\/\/villa-visnjan.eu\/wp-content\/uploads\/2018\/05\/plaza-gortanova-uvala-650x650.jpg 650w, https:\/\/villa-visnjan.eu\/wp-content\/uploads\/2018\/05\/plaza-gortanova-uvala-300x300.jpg 300w, https:\/\/villa-visnjan.eu\/wp-content\/uploads\/2018\/05\/plaza-gortanova-uvala-100x100.jpg 100w\" sizes=\"auto, (max-width: 150px) 100vw, 150px\" \/>Abenteuerliches Baden im Vorgebirge Kamenjak. Von Vi\u0161njan aus fahren Sie bis zur gr\u00f6\u00dften Stadt Istriens, Pula. Verfolgen Sie die Wegweiser nach Premantura. Eine Besonderheit des Vorgebirges Kamenjak ist die, das Istrien dreieckig ist, und das Vorgebirge ihr s\u00fcdlichster Punkt ist, zugleich ein Naturschutzgebiet mit mehr als 500 gesch\u00fctzten Pflanzenarten. Die K\u00fcste ist sehr gegliedert und die Str\u00e4nde sind Crusoe-wild. Hier wehen die besten Winde f\u00fcr Windsurfer.<\/p>\n<h3>Tequila-Pical<\/h3>\n<p>Wenn Sie es bevorzugen, sich nur im Schatten zu entspannen und einen Cocktail zu trinken, und das baden mit den historischen Gassen des nahestehenden Pore\u010d zu kombinieren, schlagen wir Ihnen noch den Strand unter dem Hotel Zagreb gleich rechts neben der Tankstelle Crodux in Porec. Hier gibt es eine kleine Bar am Strand, Tequila, mit herrlichen Meeresausblick auf die Basilika aus dem VI.Jh.. Der Parkplatz ist 20 m vom Strand entfernt (Ul.Nikole Tesle). Es gibt in der N\u00e4he Mini-Golf Pl\u00e4tze f\u00fcr Kinder und andere Unterhaltungsm\u00f6glichkeiten im Freien.<\/p>","protected":false},"excerpt":{"rendered":"<p>Vi\u0161njan gravitiert am meisten zu Porec, bekanntes Badeort, dessen Meeresgebiet sich der K\u00fcste entlang vom Fluss Mirna bis zum Lim Kanal erstreckt. Hier gibt es zahlreiche Badeorte,&#8230;<\/p>\n","protected":false},"author":1,"featured_media":4253,"parent":0,"menu_order":0,"comment_status":"closed","ping_status":"closed","template":"","meta":{"footnotes":""},"class_list":["post-3235","page","type-page","status-publish","has-post-thumbnail","hentry"],"aioseo_notices":[],"_links":{"self":[{"href":"https:\/\/villa-visnjan.eu\/de\/wp-json\/wp\/v2\/pages\/3235","targetHints":{"allow":["GET"]}}],"collection":[{"href":"https:\/\/villa-visnjan.eu\/de\/wp-json\/wp\/v2\/pages"}],"about":[{"href":"https:\/\/villa-visnjan.eu\/de\/wp-json\/wp\/v2\/types\/page"}],"author":[{"embeddable":true,"href":"https:\/\/villa-visnjan.eu\/de\/wp-json\/wp\/v2\/users\/1"}],"replies":[{"embeddable":true,"href":"https:\/\/villa-visnjan.eu\/de\/wp-json\/wp\/v2\/comments?post=3235"}],"version-history":[{"count":8,"href":"https:\/\/villa-visnjan.eu\/de\/wp-json\/wp\/v2\/pages\/3235\/revisions"}],"predecessor-version":[{"id":4479,"href":"https:\/\/villa-visnjan.eu\/de\/wp-json\/wp\/v2\/pages\/3235\/revisions\/4479"}],"wp:featuredmedia":[{"embeddable":true,"href":"https:\/\/villa-visnjan.eu\/de\/wp-json\/wp\/v2\/media\/4253"}],"wp:attachment":[{"href":"https:\/\/villa-visnjan.eu\/de\/wp-json\/wp\/v2\/media?parent=3235"}],"curies":[{"name":"wp","href":"https:\/\/api.w.org\/{rel}","templated":true}]}}