{"id":3237,"date":"2018-04-30T13:17:30","date_gmt":"2018-04-30T11:17:30","guid":{"rendered":"https:\/\/new.villa-visnjan.eu\/?page_id=3237"},"modified":"2026-01-10T10:27:48","modified_gmt":"2026-01-10T09:27:48","slug":"porec","status":"publish","type":"page","link":"https:\/\/villa-visnjan.eu\/de\/porec\/","title":{"rendered":"Pore\u010d"},"content":{"rendered":"<p><img loading=\"lazy\" decoding=\"async\" class=\"size-medium wp-image-3257 alignright\" src=\"https:\/\/new.villa-visnjan.eu\/wp-content\/uploads\/2018\/04\/Image00005-300x200.jpg\" alt=\"\" width=\"300\" height=\"200\" \/><img loading=\"lazy\" decoding=\"async\" class=\"size-full wp-image-4096 alignleft\" src=\"http:\/\/new.villa-visnjan.eu\/wp-content\/uploads\/2018\/05\/porec.jpg\" alt=\"Pore\u010d\" width=\"250\" height=\"250\" srcset=\"https:\/\/villa-visnjan.eu\/wp-content\/uploads\/2018\/05\/porec.jpg 250w, https:\/\/villa-visnjan.eu\/wp-content\/uploads\/2018\/05\/porec-150x150.jpg 150w, https:\/\/villa-visnjan.eu\/wp-content\/uploads\/2018\/05\/porec-100x100.jpg 100w\" sizes=\"auto, (max-width: 250px) 100vw, 250px\" \/>Das bekannte touristische Zentrum Istriens an der Westk\u00fcste der Halbinsel. Pore\u010d, bzw. seine Umgebung (die sgn. Pore\u0161tina) erstreckt sich vom Mirnaflu\u00dftal im Norden bis zum Kanal Lim im S\u00fcden. Die Sv.Nikola Insel sch\u00fctzt den Stadthafen und hat einen sch\u00f6nen Strand. Die Bewohner von Pore\u010d sind im Tourismus berufst\u00e4tig und bringen zur Entwicklung der Landwirtschaft (Weinreben, Oliven, Obst) bei. Die Stadt war schon Anfang des 20.Jh. Sitz der Landwirtschaftsschule, die sich heute zum bekannten Institut f\u00fcr Landwirtschaft und Tourismus entwickelt hat. Pore\u010d wurde 313. zum Bischofssitz. W\u00e4hrend der byzantinischen Herrschaft wurde der Bischof von Pore\u010d zum einflu\u00dfreichsten Herrscher im ganzen Patriarchat von Aquileia. Im Jahr 1297 leistete Pore\u010d Venedig den Treueeid und wurde Teil der venezianischen Besitze in Istrien. Bis 1797 war Pore\u010d ein wichtiger venezianischer Hafen f\u00fcr den Export landwirtschaftlicher Produkte. Sp\u00e4ter, w\u00e4hrend Pore\u010d von 1797 bis 1918 unter der Herrschaft \u00d6sterreichs lag, wurde die Stadt zum wichtigen politischen Zentrum, zum Wohnsitz des Istrischen Parlaments (Istarski sabor) und Amts der Landesverwaltung. In Pore\u010d gibt es ungef\u00e4hr zehn erhaltene venezianische Gotikpal\u00e4ste aus dem 15.Jh., einige romanische Bauten, die Verteidigungsburgen aus dem 13-15.Jh., symmetrische r\u00f6mische Stra\u00dfen, aber der wertvollste Schatz, der sogar von UNESCO zum Weltkulturerbe erkl\u00e4rt wurde, ist die Basilika Euphrasiana, mit dem Bischofshof aus dem 4.-6.Jh., im byzantinischen Stil.<\/p>","protected":false},"excerpt":{"rendered":"<p>Das bekannte touristische Zentrum Istriens an der Westk\u00fcste der Halbinsel. Pore\u010d, bzw. seine Umgebung (die sgn. Pore\u0161tina) erstreckt sich vom Mirnaflu\u00dftal im Norden bis zum Kanal Lim&#8230;<\/p>\n","protected":false},"author":1,"featured_media":4182,"parent":0,"menu_order":0,"comment_status":"closed","ping_status":"closed","template":"","meta":{"footnotes":""},"class_list":["post-3237","page","type-page","status-publish","has-post-thumbnail","hentry"],"aioseo_notices":[],"_links":{"self":[{"href":"https:\/\/villa-visnjan.eu\/de\/wp-json\/wp\/v2\/pages\/3237","targetHints":{"allow":["GET"]}}],"collection":[{"href":"https:\/\/villa-visnjan.eu\/de\/wp-json\/wp\/v2\/pages"}],"about":[{"href":"https:\/\/villa-visnjan.eu\/de\/wp-json\/wp\/v2\/types\/page"}],"author":[{"embeddable":true,"href":"https:\/\/villa-visnjan.eu\/de\/wp-json\/wp\/v2\/users\/1"}],"replies":[{"embeddable":true,"href":"https:\/\/villa-visnjan.eu\/de\/wp-json\/wp\/v2\/comments?post=3237"}],"version-history":[{"count":5,"href":"https:\/\/villa-visnjan.eu\/de\/wp-json\/wp\/v2\/pages\/3237\/revisions"}],"predecessor-version":[{"id":4410,"href":"https:\/\/villa-visnjan.eu\/de\/wp-json\/wp\/v2\/pages\/3237\/revisions\/4410"}],"wp:featuredmedia":[{"embeddable":true,"href":"https:\/\/villa-visnjan.eu\/de\/wp-json\/wp\/v2\/media\/4182"}],"wp:attachment":[{"href":"https:\/\/villa-visnjan.eu\/de\/wp-json\/wp\/v2\/media?parent=3237"}],"curies":[{"name":"wp","href":"https:\/\/api.w.org\/{rel}","templated":true}]}}