{"id":4413,"date":"2018-05-21T20:53:33","date_gmt":"2018-05-21T18:53:33","guid":{"rendered":"http:\/\/new.villa-visnjan.eu\/?page_id=4413"},"modified":"2026-01-10T10:29:29","modified_gmt":"2026-01-10T09:29:29","slug":"sport-i-zabava","status":"publish","type":"page","link":"https:\/\/villa-visnjan.eu\/de\/sport-i-zabava\/","title":{"rendered":"Sport und Spa\u00df"},"content":{"rendered":"<p><\/p>\n<h2><strong><em>Trekking<\/em><\/strong><\/h2>\n<h4>WANDERSTRECKE: LIM \u2013 SV.MARTIN<\/h4>\n<p>Wegl\u00e4nge: 8,2 km. Schwierigkeitsgrad: mittelschwer<\/p>\n<p>Die Wanderstrecke beginnt am Anfang der 12 km langen Lim-Bucht, einem \u00fcberschwemmten Karsttal an der Westk\u00fcste Istriens. Es handelt sich um eine geomorphologische und hydrogeologische Landschaft, die unter Naturschutz ist. Sie ist zugleich zu einem Meeres- Sonderreservat erkl\u00e4rt worden, was die Zucht von Muscheln und Fischen beg\u00fcnstigt. Hier beginnt auch der Pfad zur Romualdo-Grotte, die nach dem Eremiten, dem Hl.Romualdo, benannt wurde. Die Wanderstrecke Lim \u2013 Sv.Martin verl\u00e4uft am Ostende des Limkanals am Meer entlang und erhebt sich allm\u00e4hlich auf 140 Meter \u00fcber dem Meeresspiegel liegenden Felder \u00fcber Lim. Der Weg f\u00fchrt uns herum bis zur h\u00f6chsten Stelle, Sv. Martin, die wir erreichen, wenn wir an der Kreuzung nach Bubani stehen, biegen wir nach links. Wir erreichen einen herrlichen Aussichtspunkt auf 217 m. Wir nehmen denselben Weg, um zur\u00fcckzugehen. Wir sollen im Dorf Sosici neben dem Boccia-Platz nach links abbiegen. Wir steigen langsam in das Limtal hinab. Unten angelangt, erreichen wir einen Schotterweg und sind schnell an der Wiese, unserem Ausgangspunkt.<\/p>\n<p>&nbsp;<\/p>\n<h2><strong><em>Bike &amp; trekking<\/em><\/strong><\/h2>\n<p>&nbsp;<\/p>\n<h4>RADSPORTVERANSTALTUNG MTB PARENZANA CUBE (Ende September)<\/h4>\n<p>Die Teilnehmerreichste Veranstaltung von Freizeit- und Profiradrennfahrer in Istrien ist die MTB Parenzana Cube, die entlang der Orte neben der urspr\u00fcnglichen Schmalspurbahn Parenzana verl\u00e4uft (Gro\u017enjan, Vi\u017einada, Vi\u0161njan, Pore\u010d). Die Parenzana ist die gr\u00f6\u00dfte internationale Radsportveranstaltung in Istrien, die Ende September von allen Liebhabern des Radsports besucht wird, ob Stra\u00dfenr\u00e4dern oder auch Mountainbikes. Diese dreit\u00e4gige\u00a0 Veranstaltung vereint ein MTB-Rennen, bei dem in der Regel mehr als 400 Teilnehmer mitmachen. Parallel wird aber auch die massereichste Freizeitradtour f\u00fcr alle Altersgruppen, f\u00fcr Familien, Touristen, Kinder organisiert.<\/p>\n<p>&nbsp;<\/p>\n<h4>FAHRRAD-ROUTE\u00a0 oder\u00a0 STERNENRADWEG (24,5 km) (1:15-1:30 h)<\/h4>\n<p>(Vi\u0161njan \u2013 Markovac \u2013 Jadruhi \u2013 Ba\u0161koti \u2013 Prhati \u2013 Rapavel- Radovani \u2013 Ba\u010dva)<\/p>\n<p>Falls Sie es nicht wu\u00dften, haben wir in Istrien eine erfolgreiche Sternwarte, die Dank ihrer Entdeckungen zu den 5 weltber\u00fchmtesten z\u00e4hlt. Das neue Observatorium befindet sich in Ti\u0107an, dem Vorort von Vi\u0161njan. Deswegen hei\u00dft unser Radweg Sternenradweg. Am Anfang der Hauptstra\u00dfe von Vi\u0161njan kommen Sie an der Kirche des Hl.Anton mit glagolitischen Schriftzeichen aus 1550 und wertvollen Freskoresten von Dominik aus Udine vorbei. Das k\u00f6nnte ihr Ausgangspunkt sein. Die Hauptpfarrkirche mit einem f\u00fcr Fotos wundersch\u00f6nen Ausblick und einer romantischen Loggia befindet sich am Ende der Fortuna Stra\u00dfe (Ulica S.Fortuna). Weiter k\u00f6nnen Sie durch die ruhige Landschaft \u00fcber die Orte Markovac, Ba\u0161koti, Vranici und Prhati bis nach Montaver fahren. Hier werden Sie jeden Augenblick in der friedlichen Umgebung und der authentischen Architektur genie\u00dfen, und falls Sie Lust an echte istrische Gerichte und Wein haben, besuchen Sie einen der zahlreichen Agrotourismen, den Sie dort finden. Auf der R\u00fcckkehr, 3 Kilometer s\u00fcdlich von Vi\u0161njan liegt das Dorf Ba\u010dva. Hier finden Sie die Hl.Jakob Kirche aus dem 12.Jh. und hundert Meter weiter die Kirche der heiligen Muttergottes aus dem 14.\/15.Jh., umgeben vom Gr\u00fcn und H\u00e4usern. Wir schlagen Ihnen folgende Gastst\u00e4tten vor: Milena in Ba\u010dva und Borgonja in Vi\u0161njan.<\/p>\n<p>&nbsp;<\/p>\n<p><u>Technische Beschreibung:<\/u><\/p>\n<p>Ausgangspunkt: Vi\u0161njan<\/p>\n<p>Radwegl\u00e4nge: 24.5 km<\/p>\n<p>Ziel: Vi\u0161njan<\/p>\n<p>Schwierigkeitsgard: leicht<\/p>\n<p>H\u00f6henunterschied: 306 m<\/p>\n<p>H\u00f6chster Punkt: 331 m<\/p>\n<p>Niedrigster Punkt: 190 m<\/p>\n<p>Radwegtyp: Asphalt (16.7 km; 68,16%)<\/p>\n<p>Schotter (7.8 km; 31,84%)<\/p>\n<p>&nbsp;<\/p>\n<p><u>Weitere empfohlene Radwege bei Vi\u0161njan:<\/u><\/p>\n<p>Euphrasiana-Radweg<\/p>\n<p>Sv.Mauro-Radweg<\/p>\n<p>St.Michel unter der Erde- Radweg<\/p>\n<p>15.Etappe Giro d&#8217;Italia- Radweg<\/p>\n<p>&nbsp;<\/p>\n<h4>Die alte Strecke\u00a0 \u201ePARENZANA\u201c<\/h4>\n<p><img loading=\"lazy\" decoding=\"async\" class=\"size-medium wp-image-4474 alignleft\" src=\"http:\/\/new.villa-visnjan.eu\/wp-content\/uploads\/2018\/06\/bike-staze2-300x198.jpg\" alt=\"\" width=\"300\" height=\"198\" srcset=\"https:\/\/villa-visnjan.eu\/wp-content\/uploads\/2018\/06\/bike-staze2-300x198.jpg 300w, https:\/\/villa-visnjan.eu\/wp-content\/uploads\/2018\/06\/bike-staze2-768x508.jpg 768w, https:\/\/villa-visnjan.eu\/wp-content\/uploads\/2018\/06\/bike-staze2.jpg 1024w, https:\/\/villa-visnjan.eu\/wp-content\/uploads\/2018\/06\/bike-staze2-600x397.jpg 600w\" sizes=\"auto, (max-width: 300px) 100vw, 300px\" \/>Die schmalspurige Eisenbahnstrecke Parenzana, \u201eGesundheits- und Freundschaftsweg&#8220;, verband 33 Orte in Istrien von Triest bis Pore\u010d miteinander. Heute w\u00fcrde sie durch das Gebiet von drei L\u00e4ndern verlaufen, Italien \u2013 13 km, Slowenien \u2013 32 km und Kroatien \u2013 78 km.<\/p>\n<p>Diese Bahn brachte Leben in alle Ortschaften, durch die sie fuhr; auf dem 123 km langen Weg schnaufte und knirschte der kleine Zug langsam durch h\u00fcgelige, landschaftlich vielf\u00e4ltige Karstgebiete von Istrien und transportierte neben den Fahrg\u00e4sten auch Salz aus den Salinen in Piran und Se\u010dovlje, Oliven\u00f6l aus der Umgebung von Buje und Motovun, Obst, Gem\u00fcse, und istrische Produkte wie Stein, Holz, Kalkstein, Mehl und Wein.<\/p>\n<p>Zahlreiche leidenschaftliche Wanderer, Forscher, Radfahrer und Naturliebhaber sind sich der m\u00e4rchenhaften Sch\u00f6nheit der in die istrische Landschaft eingewebten Bahntrasse schon seit jeher bewusst und betonen die Chancen, die sich bei einer geeigneten Wiederbelebung bieten.<\/p>\n<p>&nbsp;<\/p>\n<p>Empfehlung: Radmarathon f\u00fcr Freizeitsportler, \u201eParenzana \u2013 Gesundheits- und Freundschaftsweg&#8220;. Die Strecke ist 46,7 km lang und alle Altersgruppen k\u00f6nnen daran teilnehmen. Die Strecke f\u00fchrt durch: Vi\u017einada \u2013 Karojba \u2013 Motovun \u2013 Thermalbad Istarske toplice \u2013 Livade &#8211; Ponte Porton- Vi\u017einada. (Quelle: <a href=\"http:\/\/www.parenzana.hr\">www.parenzana.hr<\/a>)<\/p>\n<p>&nbsp;<\/p>\n<h2><strong><em>Running<\/em><\/strong><\/h2>\n<h4>100 MEILEN ISTRIEN<\/h4>\n<p>Relativ neues Event, findet Anfang April statt. Entlang der Strecke werden Sie alle m\u00f6gliche Aspekte des Traillaufs erleben: anspruchvolles und technisches Gel\u00e4nde, ein wenig Coastering, herrliche mittelalterliche St\u00e4dtchen, W\u00e4lder, st\u00e4dtische Umgebungen, schlammige Talmulden, all dies durch atemberaubende Panoramen. Startpunkt des Rennens ist in Labin. L\u00e4nge: 171 km. Zun\u00e4chst geht es bergauf zum U\u010dka \u2013 \u0106i\u0107arija- Gebirge, dann weiter nach Buzet, Hum, Motovun, Gro\u017enjan bis zum Ziel in Umag.<\/p>\n<p>&nbsp;<\/p>\n<h2><strong><em>Schwimmen<\/em><\/strong><\/h2>\n<h4>MARATHON F\u00dcR FREIZEITSCHWIMMER<\/h4>\n<p>Der Delfin von Pore\u010d ist eine Herausforderung f\u00fcr jeden Schwimmer, bei dem es nicht wichtig ist, wann sie ans Ziel kommen.<\/p>\n<p>Schwimmen sie mit Flossen, Luftmatratze, Schmetterling- oder R\u00fcckenstil erlaubt.<\/p>\n<p>Es findet am Anfang September jedes Jahr statt.<\/p>\n<p>Anmeldungen beim Tourismusverband Porec.<\/p>\n<p>&nbsp;<\/p>\n<h4>WASSERPARK ISTRALANDIA BEI VI\u0160NJAN<\/h4>\n<p>Die Wasserrutschen vom Wasserpark Istralandia machen das Wasser Istriens wirklich zum coolsten Wasser! Die gro\u00dfe Auswahl an Wasserrutschen besteht aus lustigen Becken, Rutschen und einer Burg f\u00fcr Kinder, sowie auch aus Familienrutschen in Gummibooten auf langen interessanten Pisten mit vielen Sound- und Lichteffekten. Und f\u00fcr diejenigen die auf Dynamik stehen, haben wir auch Adrenalinrutschen. Durch die Geschwindigkeit und H\u00f6he vergr\u00f6\u00dfert sich die Spannung, aber so dass Sie sich nicht um Ihre Sicherheit sorgen m\u00fcssen. Viele Attraktionen auf 1,2 Km! Notdienst non-stop ge\u00f6ffnet. Gro\u00dfer Basar, ein Shop mit Souvenirs und anderen Notwendigkeiten.<\/p>\n<p>Anfahrt: A9 EXIT: Novigrad-Nova Vas, GPS: Breite: 45.347467 | L\u00e4ngengrad: 13.618798<\/p>\n<p>Nur 10 Autominuten von Vi\u0161njan entfernt!<\/p>\n<p>&nbsp;<\/p>\n<p>&nbsp;<\/p>\n<h2><strong><em>Speleo<\/em><\/strong><\/h2>\n<h4>BAREDINE H\u00d6HLE<\/h4>\n<p>Istrien ist die st\u00e4rkste kroatische geoturistische Umgebung. Dies beweist, neben der H\u00f6hle Festini bei \u017dminj und der H\u00f6hle Mramornica, gerade das ber\u00fchmteste geomorphologische Naturdenkmal \u2013 die H\u00f6hle Baredine, die sich auf dem halben Weg zwischen Pore\u010d und Vi\u0161njan befindet. Die ersten H\u00f6hlenerforschungen gab es schon 1926 und heute k\u00f6nnen die Besucher, unter fachlicher F\u00fchrung, auf 40 Minuten, durch f\u00fcnf S\u00e4le in die H\u00f6hle hinuntersteigen und die endemische Tierart, den Grottenolm, die reich beschm\u00fcckten Stalaktiten und Stalagmiten und Tropfsteinst\u00e4mme verschiedener Farben sehen. Die Temperatur liegt bei 13 Grad; nehmen Sie sich deshalb etwas Warmes mit. Im Rahmen des Ausflugsorts kann man sich die ethnologische Sammlung alter landwirtschaftlicher Maschinen ansehen und drau\u00dfen einen leichten Imbiss genie\u00dfen; sonntags wird meistens Tanzmusik organisiert. Das ist ein netter Urlaubsort, nicht nur f\u00fcr H\u00f6hlenfans, sondern auch f\u00fcr Familien mit Kindern. Hier k\u00f6nnen die G\u00e4ste auch die st\u00e4ndige Ausstellung \u201eTraktor Story&#8220; \u00fcber die hiesige Landwirtschaft besuchen.<\/p>\n<h2><\/h2>\n<h2><strong><em>Astronomie<\/em><\/strong><\/h2>\n<h4>STERNWARTE<\/h4>\n<p>Wenn Sie neue Gebiete besuchen und neue Leute und ihre Hobbys kennen lernen wollen, ist Vi\u0161njan wirklich der beste Ort f\u00fcr Sie. Neben dem Weinbau und Tourismus, wo die meisten Leute t\u00e4tig sind, widmen einige Bewohner von Vi\u0161njan ihre N\u00e4chte dem Himmel. In Vi\u0161njan wirkt schon seit Jahrzehnten die seri\u00f6se astronomische Gesellschaft, der es gelungen ist das Observatorium dieses kleinen Ortes mit gerade 2400 Einwohner zu einem des ber\u00fchmtesten der Welt zu machen. Fachleute sagen, und wir beweisen es, da\u00df die Astronomen in Vi\u0161njan noch 1998 \u00fcber 370 neue Asteroide entdeckt haben, was mehr als die Summe aller Entdeckungen der Sternwarte in Nizza, Wien, Pula und Belgrad in der ganzen Geschichte ist. Im n\u00e4chsten Jahr waren sie noch besser und entdeckten noch weitere 923 neue Asteroide, zwei Kometen und ein potentiell gef\u00e4hrliches Objekt. Schon 2003 wird Vi\u0161njan zu einer der produktivsten Weltsternwarten aller Zeiten und stattet eine neue und bessere Beobachtungsstelle au\u00dferhalb der Umgebung in einem nahen Vorort Vi\u0161njans, der Ti\u0107an hei\u00dft.<\/p>\n<p>Die astronomische Gesellschaft gibt sich neben den Entdeckungen neuer Himmelserscheinungen auch viel M\u00fche um die Ausbildung Jugendlicher. In Vi\u0161njan findet im Rahmen der Sternwarte schon viele Jahre lang die Nationale astronomische Schule statt und die Sternwarte wurde eines der 19 Zentren des weltweiten Bildungsnetzwerkes f\u00fcr Spitzenleistung (Network of excellence). Einige Mitglieder der Gesellschaft f\u00fcr Astronomie aus Vi\u0161njan arbeiten heute erfolgreich an Projekten der NASA. Ebenso interessant, da\u00df in Vi\u0161njan die Kamera Nr.77 in Zusammenarbeit mit dem deutschen Netzwerk \u201eEuropean fireball network&#8220; aufgestellt wurde, die jahrelang schon den Meteoritenfall verfolgt. Zus\u00e4tzliche Ausk\u00fcnfte \u00fcber den Sternwartebesuch finden Sie auf der Webseite der Astronomie Gesellschaft Vi\u0161njan oder beim Tourismusverband Vi\u0161njan.<\/p>\n<p>&nbsp;<\/p>\n<h2><strong><em>Fun<\/em><\/strong><\/h2>\n<h4>FESTIVAL DER DRACHEN<\/h4>\n<p><img loading=\"lazy\" decoding=\"async\" class=\"size-medium wp-image-4476 alignright\" src=\"http:\/\/new.villa-visnjan.eu\/wp-content\/uploads\/2018\/06\/festival_zmajeva_bale-300x169.jpg\" alt=\"\" width=\"300\" height=\"169\" srcset=\"https:\/\/villa-visnjan.eu\/wp-content\/uploads\/2018\/06\/festival_zmajeva_bale-300x169.jpg 300w, https:\/\/villa-visnjan.eu\/wp-content\/uploads\/2018\/06\/festival_zmajeva_bale-768x432.jpg 768w, https:\/\/villa-visnjan.eu\/wp-content\/uploads\/2018\/06\/festival_zmajeva_bale-600x338.jpg 600w, https:\/\/villa-visnjan.eu\/wp-content\/uploads\/2018\/06\/festival_zmajeva_bale.jpg 960w\" sizes=\"auto, (max-width: 300px) 100vw, 300px\" \/>Kommen Sie zum Festival der Drachen und bei organisierten Workshops werden Sie einen eigenen Drachen basteln k\u00f6nnen! Das Festival der Drachen ist f\u00fcr Gro\u00dfe und Kleine gedacht und eine ideale Gelegenheit, sich mit interessanten Aktivit\u00e4ten, wie B\u00e4ndigen des Drachen im Wind und Herrschen \u00fcber ihn! Das Festival wird Ende Monat Mai in Bale, unweit von Rovinj, organisiert.<\/p>\n<p>&nbsp;<\/p>","protected":false},"excerpt":{"rendered":"<p>Trekking WANDERSTRECKE: LIM \u2013 SV.MARTIN Wegl\u00e4nge: 8,2 km. Schwierigkeitsgrad: mittelschwer Die Wanderstrecke beginnt am Anfang der 12 km langen Lim-Bucht, einem \u00fcberschwemmten Karsttal an der Westk\u00fcste Istriens&#8230;.<\/p>\n","protected":false},"author":1,"featured_media":4474,"parent":0,"menu_order":0,"comment_status":"closed","ping_status":"closed","template":"","meta":{"footnotes":""},"class_list":["post-4413","page","type-page","status-publish","has-post-thumbnail","hentry"],"aioseo_notices":[],"_links":{"self":[{"href":"https:\/\/villa-visnjan.eu\/de\/wp-json\/wp\/v2\/pages\/4413","targetHints":{"allow":["GET"]}}],"collection":[{"href":"https:\/\/villa-visnjan.eu\/de\/wp-json\/wp\/v2\/pages"}],"about":[{"href":"https:\/\/villa-visnjan.eu\/de\/wp-json\/wp\/v2\/types\/page"}],"author":[{"embeddable":true,"href":"https:\/\/villa-visnjan.eu\/de\/wp-json\/wp\/v2\/users\/1"}],"replies":[{"embeddable":true,"href":"https:\/\/villa-visnjan.eu\/de\/wp-json\/wp\/v2\/comments?post=4413"}],"version-history":[{"count":10,"href":"https:\/\/villa-visnjan.eu\/de\/wp-json\/wp\/v2\/pages\/4413\/revisions"}],"predecessor-version":[{"id":4538,"href":"https:\/\/villa-visnjan.eu\/de\/wp-json\/wp\/v2\/pages\/4413\/revisions\/4538"}],"wp:featuredmedia":[{"embeddable":true,"href":"https:\/\/villa-visnjan.eu\/de\/wp-json\/wp\/v2\/media\/4474"}],"wp:attachment":[{"href":"https:\/\/villa-visnjan.eu\/de\/wp-json\/wp\/v2\/media?parent=4413"}],"curies":[{"name":"wp","href":"https:\/\/api.w.org\/{rel}","templated":true}]}}