{"id":4451,"date":"2018-06-08T09:33:55","date_gmt":"2018-06-08T07:33:55","guid":{"rendered":"http:\/\/new.villa-visnjan.eu\/?page_id=4451"},"modified":"2026-01-10T10:23:35","modified_gmt":"2026-01-10T09:23:35","slug":"gastronomija","status":"publish","type":"page","link":"https:\/\/villa-visnjan.eu\/de\/gastronomija\/","title":{"rendered":"Gastronomie"},"content":{"rendered":"<p><\/p>\n<h2>Tr\u00fcffel<\/h2>\n<p><img loading=\"lazy\" decoding=\"async\" class=\"wp-image-4446 size-full alignleft\" src=\"https:\/\/villa-visnjan.eu\/wp-content\/uploads\/2018\/06\/trazenje_tartufa.jpg\" alt=\"\" width=\"275\" height=\"183\" \/><\/p>\n<p>Die ungew\u00f6hnlichen, geheimnisumwitterten Knollen wachsen gut verborgen unter der Erde. Da sie keine oberirdische Pflanze entwickeln, k\u00f6nnen sie nur mit Hilfe von speziell dazu abgerichteten Tr\u00fcffelsp\u00fcrhunden gefunden werden.<\/p>\n<p><img loading=\"lazy\" decoding=\"async\" class=\"wp-image-4605 size-medium alignright\" src=\"https:\/\/villa-visnjan.eu\/wp-content\/uploads\/2018\/06\/tartufi-e1529777893715-272x300.jpg\" alt=\"\" width=\"272\" height=\"300\" srcset=\"https:\/\/villa-visnjan.eu\/wp-content\/uploads\/2018\/06\/tartufi-e1529777893715-272x300.jpg 272w, https:\/\/villa-visnjan.eu\/wp-content\/uploads\/2018\/06\/tartufi-e1529777893715.jpg 354w\" sizes=\"auto, (max-width: 272px) 100vw, 272px\" \/><\/p>\n<p>Auf unserer herzf\u00f6rmigen Halbinsel gibt es zwei Bodenarten: der intensiv dunkelrote Boden des K\u00fcstenlandes und der graue, fette Lehmboden im Hinterland. Gerade in Letzterem wachsen die Tr\u00fcffel. Das Tr\u00fcffelfundgebiet erstreckt sich von Buzet und Lani\u0161\u0107e im Nordosten, den Fluss Ra\u0161a im Labin-Gebiet entlang, bis nach dem Pazin-Gebiet. Die Knollen werden aber vorwiegend im feuchten Motovuner Wald gesammelt.<\/p>\n<p>Istrische wei\u00dfe Tr\u00fcffel, eine der am meisten gesch\u00e4tzten Pilzsorten der Welt.<\/p>\n<p>An den Bergh\u00e4ngen von Motovun, entlang den Ufern des Flusses Mirna, sucht man immer h\u00e4ufiger nach schwarzen Tr\u00fcffeln, die immer noch im Schatten der beliebteren wei\u00dfen Tr\u00fcffel steht. Die beiden erg\u00e4nzen sich vortrefflich, denn die schwarzen Tr\u00fcffel reifen im Winter und Sommer, und die wei\u00dfen Tr\u00fcffel im Herbst.<\/p>\n<p>Quelle: Istra Gourmet<\/p>\n<h2><\/h2>\n<h2>Wildspargel<\/h2>\n<p><img loading=\"lazy\" decoding=\"async\" class=\"wp-image-4447 size-medium alignleft\" src=\"https:\/\/villa-visnjan.eu\/wp-content\/uploads\/2018\/06\/sparoge2-300x199.jpg\" alt=\"\" width=\"300\" height=\"199\" srcset=\"https:\/\/villa-visnjan.eu\/wp-content\/uploads\/2018\/06\/sparoge2-300x199.jpg 300w, https:\/\/villa-visnjan.eu\/wp-content\/uploads\/2018\/06\/sparoge2-768x510.jpg 768w, https:\/\/villa-visnjan.eu\/wp-content\/uploads\/2018\/06\/sparoge2-1024x680.jpg 1024w, https:\/\/villa-visnjan.eu\/wp-content\/uploads\/2018\/06\/sparoge2-600x399.jpg 600w\" sizes=\"auto, (max-width: 300px) 100vw, 300px\" \/><\/p>\n<p>Der Spargel ist eine hier wild wachsende Pflanze, die man im Fr\u00fchjahr im Wald und auf Feldern, auf feuchten B\u00f6den findet. Im Unterschied zu den gez\u00fcchteten Spargeln, die man pflanzen kann, ist dies mit dem wilden Spargeln (Asparagus acutifolius L) nicht m\u00f6glich.<\/p>\n<p><img loading=\"lazy\" decoding=\"async\" class=\"wp-image-4455 size-full alignright\" src=\"https:\/\/villa-visnjan.eu\/wp-content\/uploads\/2018\/06\/\u0161paroge1.jpg\" alt=\"\" width=\"275\" height=\"183\" \/><\/p>\n<p>Er hat einen bitteren Geschmack und die weichen Sprossen schmecken am besten zu Eiern. Im Unterschied zu Dalmatien, wo Spargel als Salat serviert wird (Spargeln mit hart gekochten Eiern) werden in Istrien zu Spargel R\u00fchreier serviert. Spargelspitzen (Tamus comunis) werden in Oliven\u00f6l ged\u00fcnstet, bis sie weich werden. Danach kommen geschlagene Eier dazu und das Ganze wird mit Salz und Pfeffer gew\u00fcrzt.<\/p>\n<p>Guten Appetit!<\/p>\n<p>Quelle: Istra Gourmet<\/p>\n<p>&nbsp;<\/p>\n<h2>DAS FL\u00dcSSIGE GOLD ISTRIENS<\/h2>\n<p><img loading=\"lazy\" decoding=\"async\" class=\"size-medium wp-image-4803 alignright\" src=\"https:\/\/villa-visnjan.eu\/wp-content\/uploads\/2019\/05\/20161008_132340-300x169.jpg\" alt=\"\" width=\"300\" height=\"169\" srcset=\"https:\/\/villa-visnjan.eu\/wp-content\/uploads\/2019\/05\/20161008_132340-300x169.jpg 300w, https:\/\/villa-visnjan.eu\/wp-content\/uploads\/2019\/05\/20161008_132340.jpg 500w\" sizes=\"auto, (max-width: 300px) 100vw, 300px\" \/>Kaum etwas anderes kann mit diesem blickdichtem, goldfarbenen Oliven\u00f6l nativ extra verglichen werden! Das Oliven\u00f6l ist das meist gesch\u00e4tzte Pflanzenfett in der menschlichen Ern\u00e4hrung, ein Lebenselixier. Das Oliven\u00f6l ist das Markenzeichen Istriens. Istrien verf\u00fcgt \u00fcber ein konkurrenzloses Verm\u00e4chtnis, eine ausgezeichnete Struktur an klimatischen Bedingungen und Erdboden, eine g\u00fcnstige geographische Position, Kenntnisse welche von unseren Vorfahren weitergegeben wurden. Das Oliven\u00f6l, das in Istrien hergestellt wird, wurde einst als das h\u00f6chst exquisite \u00d6l des gesamten R\u00f6mischen Reichs betrachtet. \u00dcberreste diverser antiker \u00d6lfabriken entlang der Westk\u00fcste, insbesondere auf den Brijuni-Inseln, in den St\u00e4dten Barbariga, Porec und Cervar Porat.<\/p>\n<p>Laut dem Oliven\u00f6l-F\u00fchrer \u201eFlos Olei\u201c\u00a0 wurde Istrien zur h\u00f6chst qualitativen Oliven\u00f6lregion verk\u00fcndet!<\/p>\n<p>Ganze 60 istrische Olivenbauer und \u00d6lhersteller wurden unter die 500 besten Oliven\u00f6le weltweit eingereiht.<\/p>\n<p>Weitere Informationen \u00fcber\u00a0 Oliven\u00f6lwege, Weinkeller und Kneipen finden Sie unter <span style=\"color: #000080;\"><a style=\"color: #000080;\" href=\"http:\/\/www.istra.com\/gourmet-app\">www.istra.com\/gourmet-app<\/a><\/span><\/p>\n<p>Unsere pers\u00f6nliche Empfehlung f\u00fcr Qualit\u00e4t und hausgemachtes natives Oliven\u00f6l extra, das ausschlie\u00dflich nat\u00fcrlich (bio) ist, ohne Pestizide, k\u00fcnstliche und starke Grass und Bew\u00e4sserung ist\u00a0<span style=\"color: #000080;\"><a style=\"color: #000080;\" href=\"http:\/\/www.opg-bubicic.hr\/\" target=\"_blank\" rel=\"noopener\" data-saferedirecturl=\"https:\/\/www.google.com\/url?q=http:\/\/www.opg-bubicic.hr&amp;source=gmail&amp;ust=1529573694403000&amp;usg=AFQjCNGR_zkVKFrHtrJqqU9H_HO6kff7kw\">www.opg-bubicic.com<\/a><\/span>. Es ist ein kleiner landwirtschaftlicher Bauernhof aus Dra\u010devac in der N\u00e4he von \u017dbandaj und Pore\u010d.<\/p>\n<p>&nbsp;<\/p>\n<h2>REICHE WEINPRODUKTION IN VI\u0160NJAN<\/h2>\n<p><img loading=\"lazy\" decoding=\"async\" class=\"wp-image-4448 size-medium alignleft\" src=\"https:\/\/villa-visnjan.eu\/wp-content\/uploads\/2018\/06\/vino-300x300.jpg\" alt=\"\" width=\"300\" height=\"300\" srcset=\"https:\/\/villa-visnjan.eu\/wp-content\/uploads\/2018\/06\/vino-300x300.jpg 300w, https:\/\/villa-visnjan.eu\/wp-content\/uploads\/2018\/06\/vino-150x150.jpg 150w, https:\/\/villa-visnjan.eu\/wp-content\/uploads\/2018\/06\/vino-100x100.jpg 100w, https:\/\/villa-visnjan.eu\/wp-content\/uploads\/2018\/06\/vino.jpg 577w\" sizes=\"auto, (max-width: 300px) 100vw, 300px\" \/><\/p>\n<p>Auf diesem fruchtbaren Land leben schon seit Jahrhunderten Familien, die sich mit Landwirtschaft besch\u00e4ftigen. Sicherlich haben Sie entlang des Weges zahlreiche Schilder mit dem Zeichen der Weintraube bemerkt.<\/p>\n<p>Ja, das sind unsere Winzer und dieses Gebiet ist besonders bekannt f\u00fcr seine hochwertigen Weine und Schaumweine.<\/p>\n<p>Allerdings k\u00f6nnen wir sagen, dass erst die dritte Generation in den letzten zwanzig Jahren einen gro\u00dfen Durchbruch mit der Weinstory erzielt hat. Wein wurde n\u00e4mlich fr\u00fcher in kleineren Mengen und vorwiegend f\u00fcr den pers\u00f6nlichen Gebrauch produziert.\u00a0 \u00c4hnlich war es im \u00fcberwiegenden Teil Istriens auch mit dem Oliven\u00f6l.<\/p>\n<p>Zur Jahrtausendwende haben sich viele junge Bewohner des Gebiets Vi\u0161njan dazu entschlossen, sich ernsthafter mit der Weinproduktion zu besch\u00e4ftigen, die Qualit\u00e4t des Weins zu verbessern, in Technologien zu investieren, sich permanent fortzubilden und seri\u00f6se Gesch\u00e4ftst\u00e4tigkeit anzuregen.<\/p>\n<p>Heute platzieren dieselben Leute, die f\u00fcr ihre Produkte nicht nur lokal, sondern auch weit dar\u00fcber hinaus bekannt sind, mit Stolz ihre Produkte in ganz Kroatien und Europa. Sie sind heute Teil des Weinmilieus, das diesem sch\u00f6nen Gebiet gro\u00dfe Vorteile bringt.<\/p>\n<p>(Die Weinmesse \u201eVinistra\u201c \u2013 falls Sie w\u00e4hrend Ihres Sommeraufenthalts keine Zeit daf\u00fcr haben, schlagen wir Ihnen vor, alle hochwertigen Weine unserer Halbinsel an einem Ort, jedes Jahr Mitte Mai, auf der Weinmesse \u201eVinistra\u201c in Pore\u010d zu degustieren.)<\/p>\n<p>&nbsp;<\/p>\n<table width=\"746\">\n<tbody>\n<tr>\n<td width=\"141\">\u017dikovi\u0107 \u017deljko<\/td>\n<td width=\"605\">Malvazija istarska, Chardonnay, crno stolno vino,<\/td>\n<\/tr>\n<tr>\n<td>\u017dikovi\u0107 Valter<\/td>\n<td>Cabernet Sauvignon, Malvazija istarska<\/td>\n<\/tr>\n<tr>\n<td>Radovan Franko<\/td>\n<td>Merlot, Cabernet Sauvignon, Teran, Refo\u0161k, Malvazija istarska, Chardonnay<\/td>\n<\/tr>\n<tr>\n<td>Pulin Roberto<\/td>\n<td>Malvazija, Borgonja, Bikova krv, Merlot, Cabernet Sauvignon, Teran, Mu\u0161kat \u017euti, Mu\u0161kat ru\u017ea, Ljubavno vino<\/td>\n<\/tr>\n<tr>\n<td>Prodan Adriano<\/td>\n<td>Cabernet Sauvignon, Teran, Malvazija, Chardonnay, Mu\u0161kat \u017euti<\/td>\n<\/tr>\n<tr>\n<td>Poletti Peter<\/td>\n<td>Cabernet Sauvignon,\u00a0 Malvazija istarska, Chardonnay, Rossella, Merlot, Teran<\/td>\n<\/tr>\n<tr>\n<td>Poleis Ivan<\/td>\n<td>Cabernet Sauvignon, Borgonja, Malvazija istarska, Chardonnay, Rose<\/td>\n<\/tr>\n<tr>\n<td>Per\u0161uri\u0107 Mario<\/td>\n<td>Cabernet Sauvignon, Teran, Malvazija istarska, Chardonnay<\/td>\n<\/tr>\n<tr>\n<td>obitelj Per\u0161uri\u0107 \u0110ordano<\/td>\n<td>Pjenu\u0161ava vina, Misal<\/td>\n<\/tr>\n<tr>\n<td>Mati\u0107 Milenko<\/td>\n<td>Malvazija, Chardonnay, Mu\u0161kat \u017euti, Mu\u0161kat ru\u017ea, Sauvignon<\/td>\n<\/tr>\n<tr>\n<td>Corlevich Dario<\/td>\n<td>Malvazija istarska, Teran, Cabernet Sauvignon<\/td>\n<\/tr>\n<tr>\n<td>Bernobi\u0107 Marko<\/td>\n<td>\u00a0Teran, Malvazija istarska, Rose, Mu\u0161kat \u017euti<\/td>\n<\/tr>\n<tr>\n<td>Bernobi\u0107 Guido<\/td>\n<td>Cabersovin, Chardovin, Mu\u0161katelo, Mu\u0161katelo rose,Teranin,\u00a0 Malvazija istarska,<\/td>\n<\/tr>\n<\/tbody>\n<\/table>\n<p><\/p>","protected":false},"excerpt":{"rendered":"<p>Tr\u00fcffel Die ungew\u00f6hnlichen, geheimnisumwitterten Knollen wachsen gut verborgen unter der Erde. Da sie keine oberirdische Pflanze entwickeln, k\u00f6nnen sie nur mit Hilfe von speziell dazu abgerichteten Tr\u00fcffelsp\u00fcrhunden&#8230;<\/p>\n","protected":false},"author":1,"featured_media":4461,"parent":0,"menu_order":0,"comment_status":"closed","ping_status":"closed","template":"","meta":{"footnotes":""},"class_list":["post-4451","page","type-page","status-publish","has-post-thumbnail","hentry"],"aioseo_notices":[],"_links":{"self":[{"href":"https:\/\/villa-visnjan.eu\/de\/wp-json\/wp\/v2\/pages\/4451","targetHints":{"allow":["GET"]}}],"collection":[{"href":"https:\/\/villa-visnjan.eu\/de\/wp-json\/wp\/v2\/pages"}],"about":[{"href":"https:\/\/villa-visnjan.eu\/de\/wp-json\/wp\/v2\/types\/page"}],"author":[{"embeddable":true,"href":"https:\/\/villa-visnjan.eu\/de\/wp-json\/wp\/v2\/users\/1"}],"replies":[{"embeddable":true,"href":"https:\/\/villa-visnjan.eu\/de\/wp-json\/wp\/v2\/comments?post=4451"}],"version-history":[{"count":15,"href":"https:\/\/villa-visnjan.eu\/de\/wp-json\/wp\/v2\/pages\/4451\/revisions"}],"predecessor-version":[{"id":4943,"href":"https:\/\/villa-visnjan.eu\/de\/wp-json\/wp\/v2\/pages\/4451\/revisions\/4943"}],"wp:featuredmedia":[{"embeddable":true,"href":"https:\/\/villa-visnjan.eu\/de\/wp-json\/wp\/v2\/media\/4461"}],"wp:attachment":[{"href":"https:\/\/villa-visnjan.eu\/de\/wp-json\/wp\/v2\/media?parent=4451"}],"curies":[{"name":"wp","href":"https:\/\/api.w.org\/{rel}","templated":true}]}}