{"id":4470,"date":"2018-06-10T17:48:57","date_gmt":"2018-06-10T15:48:57","guid":{"rendered":"http:\/\/new.villa-visnjan.eu\/?page_id=4470"},"modified":"2026-01-10T10:19:43","modified_gmt":"2026-01-10T09:19:43","slug":"eventi","status":"publish","type":"page","link":"https:\/\/villa-visnjan.eu\/de\/eventi\/","title":{"rendered":"Veranstaltungen"},"content":{"rendered":"<p><\/p>\n<h4><strong>MAI<\/strong><\/h4>\n<h2><strong><img loading=\"lazy\" decoding=\"async\" class=\"size-medium wp-image-4476 alignright\" src=\"http:\/\/new.villa-visnjan.eu\/wp-content\/uploads\/2018\/06\/festival_zmajeva_bale-300x169.jpg\" alt=\"\" width=\"300\" height=\"169\" srcset=\"https:\/\/villa-visnjan.eu\/wp-content\/uploads\/2018\/06\/festival_zmajeva_bale-300x169.jpg 300w, https:\/\/villa-visnjan.eu\/wp-content\/uploads\/2018\/06\/festival_zmajeva_bale-768x432.jpg 768w, https:\/\/villa-visnjan.eu\/wp-content\/uploads\/2018\/06\/festival_zmajeva_bale-600x338.jpg 600w, https:\/\/villa-visnjan.eu\/wp-content\/uploads\/2018\/06\/festival_zmajeva_bale.jpg 960w\" sizes=\"auto, (max-width: 300px) 100vw, 300px\" \/>FESTIVAL DER DRACHEN IN BALE<\/strong><\/h2>\n<p><strong>\u00a0<\/strong>Kommen Sie zum Festival der Drachen und bei organisierten Workshops werden Sie einen eigenen Drachen basteln k\u00f6nnen! Das Festival der Drachen ist f\u00fcr Gro\u00dfe und Kleine gedacht und eine ideale Gelegenheit, sich mit interessanten Aktivit\u00e4ten, wie B\u00e4ndigen des Drachen im Wind und Herrschen \u00fcber ihn! Das Festival wird Ende Monat Mai in Bale, unweit von Rovinj, organisiert.<\/p>\n<p><strong>\u00a0<\/strong><\/p>\n<p><strong>\u00a0<\/strong><\/p>\n<h4><strong>MAI &#8211; JUNI<\/strong><\/h4>\n<h2><strong>TAGE DER ANTIKE &#8211; PULA SVPERIORVM<\/strong><\/h2>\n<p>Pula Svperiorvm, es handelt sich von einer Veranstaltung, die den Besuchern, die dreitausendj\u00e4hrige Geschichte von Pula erz\u00e4hlt. Das Musik- und Szenenprogramm wird alle drei Tage an drei Stellen \u2013 Forum, Portarata und im Park grada Graza abgehalten. In der antiken Kinderecke k\u00f6nnen die Kinder malen oder sich die Geschichten anh\u00f6ren, antike Sportarten ausprobieren und sich mit Gladiatoren und Legion\u00e4ren unterhalten\u2026 Im Gladiatorenkampf wird man das au\u00dfergew\u00f6hnliche antike Spektakel in der Arena genie\u00dfen k\u00f6nnen. Die Auff\u00fchrungen finden am Forum und in dem Amphitheater statt in Mai und Juni. Weitere Infos bei: Tourismusverband Pula<\/p>\n<p><strong>\u00a0<\/strong><\/p>\n<h4><strong>JULI<\/strong><\/h4>\n<h2><strong>LEGENDFEST\u00a0 PI\u0106AN<\/strong><\/h2>\n<p>Festival der Volksgeschichten, Legenden und Mythen.\u00a0 Es findet in dem Dorf Pi\u0107an, bei Pazin, im Juli statt. Es ist ein ausgezeichnetes Produkt von Spa\u00df, Bildung, Kultur und Kunst. Die Kinder werden es m\u00f6gen! Empfehlenswert f\u00fcr ganze Familien. Wir w\u00fcnschen Ihnen viel Spa\u00df!<\/p>\n<p>&nbsp;<\/p>\n<p><strong>\u00a0<\/strong><\/p>\n<h4 style=\"text-align: left;\"><strong><img loading=\"lazy\" decoding=\"async\" class=\"size-medium wp-image-4648 alignleft\" src=\"http:\/\/new.villa-visnjan.eu\/wp-content\/uploads\/2018\/06\/arena-film_potter4-190711-1-300x173.jpg\" alt=\"\" width=\"300\" height=\"173\" srcset=\"https:\/\/villa-visnjan.eu\/wp-content\/uploads\/2018\/06\/arena-film_potter4-190711-1-300x173.jpg 300w, https:\/\/villa-visnjan.eu\/wp-content\/uploads\/2018\/06\/arena-film_potter4-190711-1-768x443.jpg 768w, https:\/\/villa-visnjan.eu\/wp-content\/uploads\/2018\/06\/arena-film_potter4-190711-1-1024x591.jpg 1024w, https:\/\/villa-visnjan.eu\/wp-content\/uploads\/2018\/06\/arena-film_potter4-190711-1-600x346.jpg 600w\" sizes=\"auto, (max-width: 300px) 100vw, 300px\" \/><\/strong><\/h4>\n<p>Das Pula Filmfestival fand schon statt als Kroatien noch Teil vom ehemaligen Jugoslawien war. Es ist das \u00e4lteste Filmfestival und wird schon seit 1954 organisiert. Es findet Mitte Juli statt.<\/p>\n<p>Verbringen Sie die sch\u00f6nen Sommern\u00e4chte in Pula und schauen Sie sich die neuste kroatische Filmproduktion an. Alle Filme sind auf Englisch \u00fcbersetzt. Die Eintrittskarten sollte man sich rechtszeitig online besorgen. (Ulaznice.hr)<\/p>\n<p>&nbsp;<\/p>\n<h4><strong>JUNI-JULI-AUGUST<\/strong><\/h4>\n<h2><strong>KONZERTE IM R\u00d6MISCHEN AMPHITHEATER<\/strong><\/h2>\n<p>Pula ist eine der beliebtesten B\u00fchnen f\u00fcr Veranstaltungen in Kroatien. Es werden hier im sp\u00e4ten Fr\u00fchjahr und im Sommer zahlreiche Konzerte organisiert. Es handelt sich von POP-Musik, klassischer Musik oder Balletvorstellungen. Die Eintrittskarten erhalten Sie online bei (Eventim.hr) oder vor Ort\u00a0 beim Tourismusverband Pula.<\/p>\n<p><strong>\u00a0<\/strong><\/p>\n<p><strong>\u00a0<\/strong><\/p>\n<h4><strong>SEPTEMBER<\/strong><\/h4>\n<h2><strong>MARATHON F\u00dcR FREIZEITSCHWIMMER \u2013PORECER DELFIN<\/strong><\/h2>\n<p>Der Delfin von Pore\u010d ist eine Herausforderung f\u00fcr jeden Schwimmer, bei dem es nicht wichtig ist, wann sie ans Ziel kommen.<\/p>\n<p>Schwimmen sie mit Flossen, Luftmatratze, Schmetterling- oder R\u00fcckenstil erlaubt.<\/p>\n<p>Es findet am Anfang September jedes Jahr statt.<\/p>\n<p>Anmeldungen beim Tourismusverband Porec.<\/p>\n<h2><strong><img loading=\"lazy\" decoding=\"async\" class=\"size-medium wp-image-4649 alignright\" src=\"http:\/\/new.villa-visnjan.eu\/wp-content\/uploads\/2018\/06\/ku\u0107a-djeda-mraza-1-300x200.jpg\" alt=\"\" width=\"300\" height=\"200\" srcset=\"https:\/\/villa-visnjan.eu\/wp-content\/uploads\/2018\/06\/ku\u0107a-djeda-mraza-1-300x200.jpg 300w, https:\/\/villa-visnjan.eu\/wp-content\/uploads\/2018\/06\/ku\u0107a-djeda-mraza-1-768x513.jpg 768w, https:\/\/villa-visnjan.eu\/wp-content\/uploads\/2018\/06\/ku\u0107a-djeda-mraza-1-600x401.jpg 600w, https:\/\/villa-visnjan.eu\/wp-content\/uploads\/2018\/06\/ku\u0107a-djeda-mraza-1.jpg 800w\" sizes=\"auto, (max-width: 300px) 100vw, 300px\" \/><\/strong><\/h2>\n<p><strong>\u00a0<\/strong><\/p>\n<h4><strong>DEZEMBER -JANUAR<\/strong><\/h4>\n<h2><strong>FREIKRIPPE IN SVETI LOVRE<\/strong><strong>\u010c<\/strong><\/h2>\n<p>Die Weihnachtskrippe\u00a0 oder Freikrippe in Sveti Lovre\u010d bringt uns in die Zeiten der Geburt Christi zur\u00fcck. Die Futterkrippe, die drei Weise aus dem Morgenland, das Volk aus Bethlehem, die\u00a0 Hirten und Schafe geben dem kleinen Ort von Sveti Lovre\u010d eine besonders warme Adventsathmosph\u00e4re. Es lohnt sich das Bethlehem von Sveti Lovre\u010d zu besuchen, da Sie die alten lokalen Gewerbe dort sehen k\u00f6nnen, Speisen aus alten Zeiten verkosten k\u00f6nnen und Geschenke auf dem lokalen Weihnachtsmarkt mit istrischen Souveniers, Oliven\u00f6l, Honig und \u00c4hnl. kaufen k\u00f6nnen.<\/p>\n<p>Siehe <a href=\"https:\/\/www.istra.hr\/de\/events\" target=\"_blank\" rel=\"noopener\">Veranstaltungskalender der Region Istrien<\/a>.<\/p>\n<p>.<\/p>\n<hr \/>\n<p>&nbsp;<\/p>\n<p>&nbsp;<\/p>","protected":false},"excerpt":{"rendered":"<p>MAI FESTIVAL DER DRACHEN IN BALE \u00a0Kommen Sie zum Festival der Drachen und bei organisierten Workshops werden Sie einen eigenen Drachen basteln k\u00f6nnen! Das Festival der Drachen&#8230;<\/p>\n","protected":false},"author":1,"featured_media":4466,"parent":0,"menu_order":0,"comment_status":"closed","ping_status":"closed","template":"","meta":{"footnotes":""},"class_list":["post-4470","page","type-page","status-publish","has-post-thumbnail","hentry"],"aioseo_notices":[],"_links":{"self":[{"href":"https:\/\/villa-visnjan.eu\/de\/wp-json\/wp\/v2\/pages\/4470","targetHints":{"allow":["GET"]}}],"collection":[{"href":"https:\/\/villa-visnjan.eu\/de\/wp-json\/wp\/v2\/pages"}],"about":[{"href":"https:\/\/villa-visnjan.eu\/de\/wp-json\/wp\/v2\/types\/page"}],"author":[{"embeddable":true,"href":"https:\/\/villa-visnjan.eu\/de\/wp-json\/wp\/v2\/users\/1"}],"replies":[{"embeddable":true,"href":"https:\/\/villa-visnjan.eu\/de\/wp-json\/wp\/v2\/comments?post=4470"}],"version-history":[{"count":27,"href":"https:\/\/villa-visnjan.eu\/de\/wp-json\/wp\/v2\/pages\/4470\/revisions"}],"predecessor-version":[{"id":5000,"href":"https:\/\/villa-visnjan.eu\/de\/wp-json\/wp\/v2\/pages\/4470\/revisions\/5000"}],"wp:featuredmedia":[{"embeddable":true,"href":"https:\/\/villa-visnjan.eu\/de\/wp-json\/wp\/v2\/media\/4466"}],"wp:attachment":[{"href":"https:\/\/villa-visnjan.eu\/de\/wp-json\/wp\/v2\/media?parent=4470"}],"curies":[{"name":"wp","href":"https:\/\/api.w.org\/{rel}","templated":true}]}}