{"id":454,"date":"2018-04-30T21:47:46","date_gmt":"2018-04-30T19:47:46","guid":{"rendered":"http:\/\/new.villa-visnjan.eu\/hotel-rooms\/"},"modified":"2026-01-02T19:39:54","modified_gmt":"2026-01-02T18:39:54","slug":"apartmani","status":"publish","type":"page","link":"https:\/\/villa-visnjan.eu\/de\/apartmani\/","title":{"rendered":"Wohnungen Villa Vi\u0161njan"},"content":{"rendered":"<p>[vc_row][vc_column]<!-- Section Rooms --><div class=\"section \" ><div class=\"wrapper-inner\"> <!-- Rooms List --><div class=\"widget-rooms-list\"><div class=\"rooms-item\"><div class=\"item-photo\"><a href=\"https:\/\/villa-visnjan.eu\/de\/rooms\/studio-sole\/\" data-background=\"https:\/\/villa-visnjan.eu\/wp-content\/uploads\/2018\/05\/pro\u010delje-resize-1-600x600.jpg\"><\/a><\/div><div class=\"item-desc\"><h2><a href=\"https:\/\/villa-visnjan.eu\/de\/rooms\/studio-sole\/\">Studio Sole<\/a><\/h2><p>STUDIO SOLE &nbsp; Studio Ferienwohnung im ersten Stock mit zwei Terrassen mit romanstischem Ausblick. Das Studio verf\u00fcgt \u00fcber ein Doppelbe<\/p><div class=\"desc-features\"><ul> <\/ul><\/div><\/div><div class=\"item-price\"><div class=\"price-inner\"><h3> <\/h3><h4> <\/h4><h5><\/h5><a href=\"\" class=\"btn\" target=\"\"><\/a><\/div><\/div><\/div><div class=\"rooms-item\"><div class=\"item-photo\"><a href=\"https:\/\/villa-visnjan.eu\/de\/rooms\/apartman-romantico\/\" data-background=\"https:\/\/villa-visnjan.eu\/wp-content\/uploads\/2018\/05\/Apartman-Romantico2-bra\u010dni-krevet-600x600.jpg\"><\/a><\/div><div class=\"item-desc\"><h2><a href=\"https:\/\/villa-visnjan.eu\/de\/rooms\/apartman-romantico\/\">Wohnung Romantico<\/a><\/h2><p>Wohnung Romantico Erdgeschosswohnung mit zwei Zimmern, eines mit Doppelbett und das andere mit zwei Einzelbetten, einem Badezimmer mit Badewa<\/p><div class=\"desc-features\"><ul> <\/ul><\/div><\/div><div class=\"item-price\"><div class=\"price-inner\"><h3> <\/h3><h4> <\/h4><h5><\/h5><a href=\"\" class=\"btn\" target=\"\"><\/a><\/div><\/div><\/div><div class=\"rooms-item\"><div class=\"item-photo\"><a href=\"https:\/\/villa-visnjan.eu\/de\/rooms\/apartman-stephanie\/\" data-background=\"https:\/\/villa-visnjan.eu\/wp-content\/uploads\/2018\/05\/pro\u010delje-resize-1-600x600.jpg\"><\/a><\/div><div class=\"item-desc\"><h2><a href=\"https:\/\/villa-visnjan.eu\/de\/rooms\/apartman-stephanie\/\">Wohnung Stephanie<\/a><\/h2><p>Wohnung Stephanie Ferienwohnung auf der 2.Etage f\u00fcr 5 Personen: 2 separate Zimmer , TV, Wifi, Klimaanlage, WC mit Badewanne. Die K\u00fcche verf<\/p><div class=\"desc-features\"><ul> <\/ul><\/div><\/div><div class=\"item-price\"><div class=\"price-inner\"><h3> <\/h3><h4> <\/h4><h5><\/h5><a href=\"\" class=\"btn\" target=\"\"><\/a><\/div><\/div><\/div><div class=\"rooms-item\"><div class=\"item-photo\"><a href=\"https:\/\/villa-visnjan.eu\/de\/rooms\/studio-amore\/\" data-background=\"https:\/\/villa-visnjan.eu\/wp-content\/uploads\/2018\/05\/IMG_20190916_161107-scaled-600x600.jpg\"><\/a><\/div><div class=\"item-desc\"><h2><a href=\"https:\/\/villa-visnjan.eu\/de\/rooms\/studio-amore\/\">Studio Amore<\/a><\/h2><p>Studio Amore Studio Ferienwohnung im zweiten Stock f\u00fcr 2 Personen und Schlafkautsch f\u00fcr Kinder. Das Studio verf\u00fcgt \u00fcber ein Doppelbett, K<\/p><div class=\"desc-features\"><ul> <\/ul><\/div><\/div><div class=\"item-price\"><div class=\"price-inner\"><h3> <\/h3><h4> <\/h4><h5><\/h5><a href=\"\" class=\"btn\" target=\"\"><\/a><\/div><\/div><\/div><div class=\"rooms-item\"><div class=\"item-photo\"><a href=\"https:\/\/villa-visnjan.eu\/de\/rooms\/apartman-duplex-rina\/\" data-background=\"https:\/\/villa-visnjan.eu\/wp-content\/uploads\/2018\/05\/pro\u010delje-resize-1-600x600.jpg\"><\/a><\/div><div class=\"item-desc\"><h2><a href=\"https:\/\/villa-visnjan.eu\/de\/rooms\/apartman-duplex-rina\/\">Wohnung Duplex Rina<\/a><\/h2><p>RINA Ferienwohnung auf zwei Etagen f\u00fcr 5 Personen: Doppelzimmer mit Klimaanlage, TV und Wifi, kleines Bad mit Dusche\/ F\u00f6hn auf der ersten E<\/p><div class=\"desc-features\"><ul> <\/ul><\/div><\/div><div class=\"item-price\"><div class=\"price-inner\"><h3> <\/h3><h4> <\/h4><h5><\/h5><a href=\"\" class=\"btn\" target=\"\"><\/a><\/div><\/div><\/div><div class=\"rooms-item\"><div class=\"item-photo\"><a href=\"https:\/\/villa-visnjan.eu\/de\/rooms\/studio-marta\/\" data-background=\"https:\/\/villa-visnjan.eu\/wp-content\/uploads\/2018\/05\/marta-dnevni2-600x600.jpg\"><\/a><\/div><div class=\"item-desc\"><h2><a href=\"https:\/\/villa-visnjan.eu\/de\/rooms\/studio-marta\/\">Studio Marta<\/a><\/h2><p>MARTA Studio Ferienwohnung im ersten Stock f\u00fcr 2 Personen. Das Studio verf\u00fcgt \u00fcber\u00a0 zwei separaten Betten, K\u00fcche (K\u00fchlschrank, Herd, Be<\/p><div class=\"desc-features\"><ul> <\/ul><\/div><\/div><div class=\"item-price\"><div class=\"price-inner\"><h3> <\/h3><h4> <\/h4><h5><\/h5><a href=\"\" class=\"btn\" target=\"\"><\/a><\/div><\/div><\/div><div class=\"rooms-item\"><div class=\"item-photo\"><a href=\"https:\/\/villa-visnjan.eu\/de\/rooms\/studio-dora\/\" data-background=\"https:\/\/villa-visnjan.eu\/wp-content\/uploads\/2018\/05\/dora-dnevni-600x600.jpg\"><\/a><\/div><div class=\"item-desc\"><h2><a href=\"https:\/\/villa-visnjan.eu\/de\/rooms\/studio-dora\/\">Studio Dora<\/a><\/h2><p>DORA Studio Ferienwohnung im ersten Stock f\u00fcr 2 Personen. Das Studio verf\u00fcgt \u00fcber ein Doppelbett, K\u00fcche (K\u00fchlschrank, Herd, Besteck, Ges<\/p><div class=\"desc-features\"><ul> <\/ul><\/div><\/div><div class=\"item-price\"><div class=\"price-inner\"><h3> <\/h3><h4> <\/h4><h5><\/h5><a href=\"\" class=\"btn\" target=\"\"><\/a><\/div><\/div><\/div><div class=\"rooms-item\"><div class=\"item-photo\"><a href=\"https:\/\/villa-visnjan.eu\/de\/rooms\/apartman-duplex-mare\/\" data-background=\"https:\/\/villa-visnjan.eu\/wp-content\/uploads\/2018\/05\/ApartmanMare-2-soba-600x600.jpg\"><\/a><\/div><div class=\"item-desc\"><h2><a href=\"https:\/\/villa-visnjan.eu\/de\/rooms\/apartman-duplex-mare\/\">Wohnung Duplex Mare<\/a><\/h2><p>MARE &nbsp; Ferienwohnung auf zwei Etagen f\u00fcr 4 Personen: Das Bad mit Dusche und F\u00f6hn und die K\u00fcche (K\u00fchlschrank, Herd, Besteck, Geschirr<\/p><div class=\"desc-features\"><ul> <\/ul><\/div><\/div><div class=\"item-price\"><div class=\"price-inner\"><h3> <\/h3><h4> <\/h4><h5><\/h5><a href=\"\" class=\"btn\" target=\"\"><\/a><\/div><\/div><\/div><div class=\"rooms-item\"><div class=\"item-photo\"><a href=\"https:\/\/villa-visnjan.eu\/de\/rooms\/apartman-ana\/\" data-background=\"https:\/\/villa-visnjan.eu\/wp-content\/uploads\/2018\/05\/IMG_20190916_154716-scaled-600x600.jpg\"><\/a><\/div><div class=\"item-desc\"><h2><a href=\"https:\/\/villa-visnjan.eu\/de\/rooms\/apartman-ana\/\">Wohnung Ana<\/a><\/h2><p>ANA Studio Ferienwohnung im Erdgeschoss f\u00fcr 2 Personen mit Kinderzusatzbett. Das Studio verf\u00fcgt \u00fcber ein Doppelbett, K\u00fcche (K\u00fchlschrank,<\/p><div class=\"desc-features\"><ul> <\/ul><\/div><\/div><div class=\"item-price\"><div class=\"price-inner\"><h3> <\/h3><h4> <\/h4><h5><\/h5><a href=\"\" class=\"btn\" target=\"\"><\/a><\/div><\/div><\/div> <\/div><!-- Rooms List End --><!-- Pager --><div class=\"widget-pager\"> <\/div><!-- Pager End --> <\/div><\/div><!-- Section Rooms End -->[\/vc_column][\/vc_row]<\/p>","protected":false},"excerpt":{"rendered":"<p>[vc_row][vc_column][\/vc_column][\/vc_row]<\/p>\n","protected":false},"author":1,"featured_media":0,"parent":0,"menu_order":0,"comment_status":"closed","ping_status":"closed","template":"fullwidth-page.php","meta":{"footnotes":""},"class_list":["post-454","page","type-page","status-publish","hentry"],"aioseo_notices":[],"_links":{"self":[{"href":"https:\/\/villa-visnjan.eu\/de\/wp-json\/wp\/v2\/pages\/454","targetHints":{"allow":["GET"]}}],"collection":[{"href":"https:\/\/villa-visnjan.eu\/de\/wp-json\/wp\/v2\/pages"}],"about":[{"href":"https:\/\/villa-visnjan.eu\/de\/wp-json\/wp\/v2\/types\/page"}],"author":[{"embeddable":true,"href":"https:\/\/villa-visnjan.eu\/de\/wp-json\/wp\/v2\/users\/1"}],"replies":[{"embeddable":true,"href":"https:\/\/villa-visnjan.eu\/de\/wp-json\/wp\/v2\/comments?post=454"}],"version-history":[{"count":17,"href":"https:\/\/villa-visnjan.eu\/de\/wp-json\/wp\/v2\/pages\/454\/revisions"}],"predecessor-version":[{"id":5001,"href":"https:\/\/villa-visnjan.eu\/de\/wp-json\/wp\/v2\/pages\/454\/revisions\/5001"}],"wp:attachment":[{"href":"https:\/\/villa-visnjan.eu\/de\/wp-json\/wp\/v2\/media?parent=454"}],"curies":[{"name":"wp","href":"https:\/\/api.w.org\/{rel}","templated":true}]}}