{"id":459,"date":"2018-04-30T21:47:46","date_gmt":"2018-04-30T19:47:46","guid":{"rendered":"http:\/\/new.villa-visnjan.eu\/hotel-term-condition\/"},"modified":"2026-01-10T10:25:37","modified_gmt":"2026-01-10T09:25:37","slug":"uvjeti-poslovanja","status":"publish","type":"page","link":"https:\/\/villa-visnjan.eu\/de\/uvjeti-poslovanja\/","title":{"rendered":"ALLGEMEINE GESCH\u00c4FTSBEDINGUNGEN"},"content":{"rendered":"<p>Die Preise verstehen sich pro Unterkunftseinheit und beinhalten die t\u00e4gliche Miete der Ferienwohnung ohne Mahlzeiten.<\/p>\n<p>Im Preis der Unterkunft sind inbegriffen: Anmeldung, Kurtaxe, Bettw\u00e4sche, Handt\u00fccher, WLAN und die Endreinigung. Falls Sie ein Extrabett f\u00fcr ein Kind gew\u00e4hlt haben, ist der Preis abh\u00e4ngig vom Alter des Kindes.<\/p>\n<p>Der Parkplatz in unserem geschlossenen Hof ist nicht im Preis inbegriffen.\u00a0W\u00e4hrend der Online-Buchung haben Sie die Ferienwohnung und das Datum Ihres Aufenthaltes ausgew\u00e4hlt. Sie garantieren Ihre Anreise durch Kreditkarte oder durchZahlung eines erforderlichen Vorschusses per Bank\u00fcberweisung.\u00a0Wir buchen den Betrag sp\u00e4testens innerhalb von 48 Stunden nach der Reservierung vollst\u00e4ndig von Ihrer Kreditkarte ab.\u00a0Wir akzeptieren folgende Kreditkarten: Visa, American Express, Diners und MasterCard.<\/p>\n<p>&nbsp;<\/p>\n<p>Es bestehen Einschr\u00e4nkungen bei der Buchung mehrerer Ferienwohnungen auf einmal. F\u00fcr jede Reservierung ist es notwendig, den Reservierungsvorgang separat zu wiederholen oder kontaktieren Sie uns per E-Mail \u00fcber das Kontaktformular.<\/p>\n<p>&nbsp;<\/p>\n<p>Falls Sie eine bestehende Reservierung \u00e4ndern oder stornieren m\u00f6chten, k\u00f6nnen Sie dies tun, indem Sie eine E-Mail an die Adresse im Kontaktformular senden.<\/p>\n<p>&nbsp;<\/p>\n<h4>EINE RESERVIERUNG KANN BIS 3 MONATE VOR DEM RESERVIERTEN TERMIN OHNE GEB\u00dcHR STORNIERT WERDEN. FALLS SIE BIS MAXIMAL 30 TAGE VOR DER ANREISE STORNIEREN, ERSTATTEN WIR IHNEN 50 % DES EINGEZAHLTEN BETRAGES.F\u00dcR DAS NICHTERSCHEINEN ODER EINE NICHT ZEITGERECHTE STORNIERUNG BEWILLIGEN WIR KEINE R\u00dcCKERSTATTUNG DES GELDES.<\/h4>\n<h2>Buchungsbest\u00e4tigung<\/h2>\n<p>Falls Sie Ihre Reservierung mit einer Kreditkarte garantieren, wird die Reservierung innerhalb von 48 Stunden nach der Zahlung best\u00e4tigt. Falls Sie die Zahlung per Bank\u00fcberweisung ausgew\u00e4hlt haben, steht Ihre Buchung noch bis zum Eingang der Zahlung auf unser Konto in der Warteschlange. In beiden F\u00e4llen erhalten Sie eine Best\u00e4tigung der Reservierung per E-Mail.<\/p>\n<p>&nbsp;<\/p>\n<h2>CHECK-IN<\/h2>\n<p>Die Check-in-Zeit wird durch unsere Hausordnung geregelt, die es Ihnen erm\u00f6glicht, die Ferienwohnung zwischen 17 und 21 Uhr zu betreten.Senden Sie uns eine Anfrage per E-Mail mit der ungef\u00e4hren geplanten Ankunftszeit, damit wir das Personal f\u00fcr Ihren Empfang organisieren k\u00f6nnen.<\/p>\n<p>&nbsp;<\/p>\n<h2>VERLASSEN DER FERIENWOHNUNG<\/h2>\n<p>Der Check-out am Abreisetag ist gem\u00e4\u00df unseren Gesch\u00e4ftsbedingungen sp\u00e4testens um 10.30 Uhr.<\/p>\n<p>&nbsp;<\/p>\n<h2>Haustiere<\/h2>\n<p>Unsere Einrichtung bietet keine M\u00f6glichkeit, Haustiere in der Hauptsaison aufzunehmen. Wir bitten um Ihr Verst\u00e4ndnis.<\/p>\n<p>&nbsp;<\/p>\n<h2>GDPR<\/h2>\n<p>Lesen Sie die gesonderte <a href=\"http:\/\/new.villa-visnjan.eu\/pravila-privatnosti\/\">Rubrik<\/a> auf unserer Website durch, in der wir Ihnen pr\u00e4zise Angaben dar\u00fcber geben, welche Informationen f\u00fcr den Check-in und die \u00dcbernahme des Schl\u00fcssels zu Ihrer Ferienwohnung ben\u00f6tigt werden<\/p>","protected":false},"excerpt":{"rendered":"<p>Die Preise verstehen sich pro Unterkunftseinheit und beinhalten die t\u00e4gliche Miete der Ferienwohnung ohne Mahlzeiten. Im Preis der Unterkunft sind inbegriffen: Anmeldung, Kurtaxe, Bettw\u00e4sche, Handt\u00fccher, WLAN und&#8230;<\/p>\n","protected":false},"author":1,"featured_media":0,"parent":0,"menu_order":0,"comment_status":"closed","ping_status":"closed","template":"","meta":{"footnotes":""},"class_list":["post-459","page","type-page","status-publish","hentry"],"aioseo_notices":[],"_links":{"self":[{"href":"https:\/\/villa-visnjan.eu\/de\/wp-json\/wp\/v2\/pages\/459","targetHints":{"allow":["GET"]}}],"collection":[{"href":"https:\/\/villa-visnjan.eu\/de\/wp-json\/wp\/v2\/pages"}],"about":[{"href":"https:\/\/villa-visnjan.eu\/de\/wp-json\/wp\/v2\/types\/page"}],"author":[{"embeddable":true,"href":"https:\/\/villa-visnjan.eu\/de\/wp-json\/wp\/v2\/users\/1"}],"replies":[{"embeddable":true,"href":"https:\/\/villa-visnjan.eu\/de\/wp-json\/wp\/v2\/comments?post=459"}],"version-history":[{"count":6,"href":"https:\/\/villa-visnjan.eu\/de\/wp-json\/wp\/v2\/pages\/459\/revisions"}],"predecessor-version":[{"id":4590,"href":"https:\/\/villa-visnjan.eu\/de\/wp-json\/wp\/v2\/pages\/459\/revisions\/4590"}],"wp:attachment":[{"href":"https:\/\/villa-visnjan.eu\/de\/wp-json\/wp\/v2\/media?parent=459"}],"curies":[{"name":"wp","href":"https:\/\/api.w.org\/{rel}","templated":true}]}}