{"id":3233,"date":"2018-04-30T13:16:49","date_gmt":"2018-04-30T11:16:49","guid":{"rendered":"https:\/\/new.villa-visnjan.eu\/?page_id=3233"},"modified":"2026-01-02T19:54:31","modified_gmt":"2026-01-02T18:54:31","slug":"visnjan","status":"publish","type":"page","link":"https:\/\/villa-visnjan.eu\/hr\/visnjan\/","title":{"rendered":"Vi\u0161njan, Pore\u010d, Istra, Hrvatska"},"content":{"rendered":"<p><\/p>\n<h2>VI\u0160NJAN<\/h2>\n<p>Vi\u0161njan, ime vjerojatno potje\u010de od latinske rije\u010di Vicinianus \u0161to zna\u010di \u201eu blizini&#8221;, jer je Vi\u0161njan u pro\u0161losti bio najbli\u017ei posjed Pore\u010da. Pore\u010dkom biskupu pripadao je sve do 1203., a kasnije je pao u posjed Gori\u010dkih i Pazinskih grofova u sustavu motovunskog feuda. S Motovunom je do\u0161ao pod vlast Venecije, o \u010demu svjedo\u010de gradska vrata s lavom iz 17.st.. Romanti\u010dna povijesna jezgra u kojoj se nalazi Villa Vi\u0161njan skriva krasnu lo\u017eu isto tako iz 17.st., neko\u0107 sredi\u0161te dru\u0161tvenog \u017eivota, a danas jedinstveni foto-point sa kojeg puca pogled na more i istarske maslinike i vinograde. Ostale gra\u0111evine vrijedne pa\u017enje su \u017eupna crkva sv.Kvirika i Julite s klasicisti\u010dkim pro\u010deljem i odvojenim zvonikom (27m), adaptirana pala\u010da Sin\u010di\u0107, a kao mali biser na ulazu u staru jezgru stoji crkva sv.Antuna Pustinjaka (14.st.) sa freskama i ostacima glagoljskih grafita. Nedaleko Vi\u0161njana mogu se jo\u0161 vidjeti ostaci srednjovjekovne crkve i samostana sv.Mihovila pod zemljom (9.st.). \u017ditelji Vi\u0161njana bave se poljodjelstvom (mjesto je to poznatih hrvatskih vinara), ili su zaposleni u turisti\u010dkom sektoru u obli\u017enjim ljetovali\u0161tima kao \u0161to su Pore\u010d, Funtana, Vrsar, Lanterna ili Novigrad. Vi\u0161njan ima zvjezdarnicu te je na nivou Hrvatske,a i \u0161ire, poznat po znanstveniku Koradu Korlevi\u0107u i renomeu Zvjezdarnice Vi\u0161njan.<br \/>\n(Izvor: Istarska enciklopedija)<\/p>\n<p>&nbsp;<\/p>\n<h2>ZVJEZDARNICA<\/h2>\n<p><img loading=\"lazy\" decoding=\"async\" class=\"size-medium wp-image-4108 alignright\" src=\"http:\/\/new.villa-visnjan.eu\/wp-content\/uploads\/2018\/05\/zvjezdarnica-300x231.jpg\" alt=\"\" width=\"300\" height=\"231\" srcset=\"https:\/\/villa-visnjan.eu\/wp-content\/uploads\/2018\/05\/zvjezdarnica-300x231.jpg 300w, https:\/\/villa-visnjan.eu\/wp-content\/uploads\/2018\/05\/zvjezdarnica-768x591.jpg 768w, https:\/\/villa-visnjan.eu\/wp-content\/uploads\/2018\/05\/zvjezdarnica.jpg 1024w, https:\/\/villa-visnjan.eu\/wp-content\/uploads\/2018\/05\/zvjezdarnica-600x462.jpg 600w\" sizes=\"auto, (max-width: 300px) 100vw, 300px\" \/>Ukoliko \u017eelite posjetiti nova podru\u010dja, upoznati nove ljude i njihove hobije, Vi\u0161njan je zaista pravi odabir za vas. Uz vinarstvo i turizam \u010dime se bavi ve\u0107ina, \u0161a\u010dica ljudi iz Vi\u0161njana posve\u0107uje svoje \u201eno\u0107i&#8221; nebu. U Vi\u0161njanu naime ve\u0107 desetlje\u0107ima djeluje ozbiljno astronomsko dru\u0161tvo koje je uspjelo podi\u0107i opservatorij ovog malog gradi\u0107a sa jedva 2400 stanovnika do svjetskih razmjera. Znalci ka\u017eu, a mi imamo dokaze, da su astronomi u Vi\u0161njanu jo\u0161 1998. otkrili preko 370 novih asteroida, \u0161to je zbroj svih otkri\u0107a zvjezdarnica iz Nizze, Be\u010da, Pule i Beograda kroz \u010ditavu njihovu povijest. Sljede\u0107e godine su bili jo\u0161 bolji, otkrili su 923 nova asteroida, dva kometa i jedan potencijalno opasan objekt. Ve\u0107 2003. Zvjezdarnica Vi\u0161njan postaje jednom od najproduktivnijih svjetskih zvjezdarnica svih vremena te oprema novu i bolju promatra\u010dnicu izvan naselja, na lokaciji Ti\u0107an. Uz otkrivanje novih nebeskih pojava astronomsko dru\u0161tvo ula\u017ee vrlo velike napore i u edukaciju mladih. U Vi\u0161njanu se u sklopu zvjezdarnice ve\u0107 dugi niz godina odr\u017eava me\u0111unarodna \u201eVi\u0161njanska \u0161kola astronomije&#8221;, a zvjezdarnica je postala jedan od 19 centara svjetske edukacije mre\u017ee izvrsnosti (Network of excellence). Neki od \u010dlanova Astronomskog dru\u0161tva Vi\u0161njan danas uspje\u0161no rade na projektima NASE. Dodatna zanimljivost je ta da je u Vi\u0161njanu postavljena, u suradnji sa njema\u010dkom mre\u017eom \u201eEuropean fireball network&#8221;, kamera br.77 koja ve\u0107 godinama prati pad meteorita.<\/p>\n<p>&nbsp;<\/p>\n<h2>JAMA BAREDINE<\/h2>\n<p><img loading=\"lazy\" decoding=\"async\" class=\"size-medium wp-image-4109 alignright\" src=\"http:\/\/new.villa-visnjan.eu\/wp-content\/uploads\/2018\/05\/Jama-Baredine-dvorana-300x199.jpg\" alt=\"\" width=\"300\" height=\"199\" srcset=\"https:\/\/villa-visnjan.eu\/wp-content\/uploads\/2018\/05\/Jama-Baredine-dvorana-300x199.jpg 300w, https:\/\/villa-visnjan.eu\/wp-content\/uploads\/2018\/05\/Jama-Baredine-dvorana-768x510.jpg 768w, https:\/\/villa-visnjan.eu\/wp-content\/uploads\/2018\/05\/Jama-Baredine-dvorana.jpg 1024w, https:\/\/villa-visnjan.eu\/wp-content\/uploads\/2018\/05\/Jama-Baredine-dvorana-600x398.jpg 600w\" sizes=\"auto, (max-width: 300px) 100vw, 300px\" \/>Istra je najja\u010di hrvatski geoturisti\u010dki kraj. O tome, uz \u0161pilju Fe\u0161tini kod \u017dminja i \u0161pilju Mramornica kod Brtonigle, svjedo\u010di upravo najpoznatiji speleo-spomenik prirode, na prometnici izme\u0111u Pore\u010da i Vi\u0161njana, \u0161pilja Baredine. Prva istra\u017eivanja \u0161pilje se\u017eu jo\u0161 u 1926., a danas se posjetitelji mogu uz stru\u010dnog vodi\u010da spustiti u \u0161pilju kroz pet dvorana, na 40 minuta, i vidjeti endem, \u010dovje\u010dju ribicu, bogato ukra\u0161ene stalaktite i stalagmite te sigaste stupove razli\u010ditih boja. Temperatura u \u0161pilji je tek 13 C, stoga ponesite topliju odje\u0107u. U sklopu izleti\u0161ta mo\u017ee se posjetiti izlo\u017eba traktora (mali agro- muzej), kao i ru\u010dati na otvorenom; nedjeljom \u010desto organiziraju glazbu za ples. Ovo je simpati\u010dno izleti\u0161te pogodno za speleoljupce, ali i za obitelji s djecom.<\/p>\n<p>&nbsp;<\/p>\n<h2>BIKE STAZE<\/h2>\n<p><strong>(Zvjezdana staza) Vi\u0161njan \u2013 Markovac \u2013 Jadruhi \u2013 Ba\u0161koti \u2013 Prhati \u2013 Rapavel- Radovani \u2013 Ba\u010dva<\/strong><\/p>\n<p>&nbsp;<\/p>\n<p><img loading=\"lazy\" decoding=\"async\" class=\"size-medium wp-image-4110 alignright\" src=\"http:\/\/new.villa-visnjan.eu\/wp-content\/uploads\/2018\/05\/bike-staze2-300x198.jpg\" alt=\"\" width=\"300\" height=\"198\" srcset=\"https:\/\/villa-visnjan.eu\/wp-content\/uploads\/2018\/05\/bike-staze2-300x198.jpg 300w, https:\/\/villa-visnjan.eu\/wp-content\/uploads\/2018\/05\/bike-staze2-768x508.jpg 768w, https:\/\/villa-visnjan.eu\/wp-content\/uploads\/2018\/05\/bike-staze2.jpg 1024w, https:\/\/villa-visnjan.eu\/wp-content\/uploads\/2018\/05\/bike-staze2-600x397.jpg 600w\" sizes=\"auto, (max-width: 300px) 100vw, 300px\" \/>Ako niste znali u Istri imamo uspje\u0161nu zvjezdarnicu koja se po astronomskim otkri\u0107ima svrstava me\u0111u 5 najpoznatijih u svijetu. Novi opservatorij se nalazi na Ti\u0107anu, svojevrsnom predgra\u0111u Vi\u0161njana. Iz tog razloga na\u0161a staza nosi naziv upravo zvjezdana staza. Na po\u010detku glavne ulice u Vi\u0161njanu nai\u0107i \u0107ete na crkvicu Sv.Antuna Opata sa glagoljskim natpisima iz 1550 god. i vrijednim ostacima fresaka Dominika iz Udina. To mo\u017ee biti va\u0161 start. Glavna \u017eupna crkva sa divnim foto-viewom i romanti\u010dnom lo\u017eom nalazi se na kraju Ulice S.Fortuna. dalje se vozite pitomim krajolikom preko Markovca, Ba\u0161kota, Vrani\u0107a i Prhata do Montavera. Ovdje \u0107ete na svakom koraku mo\u0107i u\u017eivati u miru pejza\u017ea i autenti\u010dnoj arhitekturi, a za\u017eelite se prave doma\u0107e kuhinje i odli\u010dnog vina, naprosto u\u0111ite u jedan od brojnih agroturizama koji \u0107e vam se na\u0107i na putu. Na povratku, 3 km ju\u017eno od Vi\u0161njana, le\u017ei selo Ba\u010dva. Ovdje \u0107ete na\u0107i crkvicu Sv.Jakova iz 12.st., a sto metara dalje i crkvicu Bla\u017eene Djevice Marije iz 14.\/15. st. okru\u017eenu bujnim zelenilom i ku\u0107ama. Konobe za preporuku: Milena u Ba\u010dvi ili Borgonja u centru Vi\u0161njana.<\/p>\n<p>Tehni\u010dki opis:<br \/>\nPolazna to\u010dka: Vi\u0161njan<br \/>\nDu\u017eina staze: 24.5 km<br \/>\nKrajnja to\u010dka: Vi\u0161njan<br \/>\nTe\u017eina staze: lagana<br \/>\nVisinska razlika: 306 km<br \/>\nNajvi\u0161a to\u010dka: 331 m<br \/>\nNajni\u017ea to\u010dka: 190 m<br \/>\nTip staze: asfalt (16.7 km; 68,16%)<br \/>\nMakadam (7.8 km; 31,84%)<\/p>\n<p>Ostale bike staze koje prolaze kroz Vi\u0161njan:<br \/>\n-Staza Eufrazijana<br \/>\n-Staza Sv.Maura<br \/>\n-Staza Sv.Mihovila pod zemljom<br \/>\n-15.etapa Giro d&#8217;Italia<\/p>\n<p>&nbsp;<\/p>\n<h2>PARENZANA<\/h2>\n<p>&nbsp;<\/p>\n<p><img loading=\"lazy\" decoding=\"async\" class=\"size-medium wp-image-4111 alignright\" src=\"http:\/\/new.villa-visnjan.eu\/wp-content\/uploads\/2018\/05\/staza-parenzana-300x198.jpg\" alt=\"\" width=\"300\" height=\"198\" srcset=\"https:\/\/villa-visnjan.eu\/wp-content\/uploads\/2018\/05\/staza-parenzana-300x198.jpg 300w, https:\/\/villa-visnjan.eu\/wp-content\/uploads\/2018\/05\/staza-parenzana-768x508.jpg 768w, https:\/\/villa-visnjan.eu\/wp-content\/uploads\/2018\/05\/staza-parenzana.jpg 1024w, https:\/\/villa-visnjan.eu\/wp-content\/uploads\/2018\/05\/staza-parenzana-600x397.jpg 600w\" sizes=\"auto, (max-width: 300px) 100vw, 300px\" \/>Uskotra\u010dna pruga Parenzana: Uz financijsku potporu EU trasa pruge ponovo je prokr\u010dena, o\u010di\u0161\u0107ena je od raslinja, i prepreka, a sanirani su i o\u010di\u0161\u0107eni mostovi, na koje se stavila i sigurnosna ograda. Upravo stoga \u0161to je financirana od strane EU, kao i radi toga \u0161to povezuje tri dr\u017eave &#8211; Italiju, Sloveniju i Hrvatsku, Parenzana je s pravom nazvana \u201eStazom zdravlja i prijateljstva&#8221;. Slu\u017ebeno je deklarirana kao biciklisti\u010dka staza, me\u0111utim pogodna je i za trekking. Tome u prilog ide i \u010dinjenica da staza prolazi prekrasnim pejza\u017eima starih sela, pitoresknih gradi\u0107a, rone\u0107i kroz prekrasne doline uz rje\u010dice i \u0161ume, a zatim izranjaju\u0107i na obronke bre\u017euljaka, krivudaju\u0107i izme\u0111u vinograda i maslinika vrhunskih istarskih proizvo\u0111a\u010da.<br \/>\nU Sloveniji, po\u010dev\u0161i u luci Koper trasa je duga 38 kilometara i u cijelosti je asfaltirana. Na strani hrvatske Istre, pruga je nekada i\u0161la do Pore\u010da u du\u017eini od 60 km; do danas je obnovljen potez od granice sa Slovenijom do Vi\u017einade. U povijesti je ova pruga povezivala krajeve tada\u0161nje Austro-Ugarske monarhije, slu\u017ee\u0107i razmjeni dobara, a posebice otpremanju kvalitetnih proizvoda iz Istre na carske i kraljevske dvore. Radi velike potra\u017enje za istarskim vinom, kao i prevo\u017eenjem istoga na carske i kraljevske dvorove, pruga se znala nazivati i prugom vina. No, pored toga povezivala je i 33 mjesta i naselja na svom putu. Nakon Prvog svjetskog rata regija je pripala Italiji, no gospodarska i ekonomska kriza 1935. godine dovela je do ga\u0161enja pruge i njenog rastavljanja.<br \/>\nStaza je ozna\u010dena \u017eutim znakovima na stupovima, a na njima se nalaze i ostali podaci o objektima kojima se prolazi na putu &#8211; vijaduktima, tunelima, nekada\u0161njim kolodvorima.<br \/>\nKao trajni pe\u010dat cijelom projektu, napravljen je i Muzej Parenzane, u kojem mo\u017eete pogledati stare fotografije ove pruge i vlaka, vidjeti kartu kuda trasa prolazi, kao i mnogo drugih podataka. Zabavni dio cijelog projekta jest i zabavna igra na temu Parenzane, a mo\u017eete ju kupiti, tako\u0111er, u Muzeju.<br \/>\n(Izvor: <a href=\"https:\/\/www.parenzana.net\">www.parenzana.net<\/a>)<\/p>","protected":false},"excerpt":{"rendered":"<p>VI\u0160NJAN Vi\u0161njan, ime vjerojatno potje\u010de od latinske rije\u010di Vicinianus \u0161to zna\u010di \u201eu blizini&#8221;, jer je Vi\u0161njan u pro\u0161losti bio najbli\u017ei posjed Pore\u010da. Pore\u010dkom biskupu pripadao je sve&#8230;<\/p>\n","protected":false},"author":1,"featured_media":4094,"parent":0,"menu_order":0,"comment_status":"closed","ping_status":"closed","template":"","meta":{"footnotes":""},"class_list":["post-3233","page","type-page","status-publish","has-post-thumbnail","hentry"],"aioseo_notices":[],"_links":{"self":[{"href":"https:\/\/villa-visnjan.eu\/hr\/wp-json\/wp\/v2\/pages\/3233","targetHints":{"allow":["GET"]}}],"collection":[{"href":"https:\/\/villa-visnjan.eu\/hr\/wp-json\/wp\/v2\/pages"}],"about":[{"href":"https:\/\/villa-visnjan.eu\/hr\/wp-json\/wp\/v2\/types\/page"}],"author":[{"embeddable":true,"href":"https:\/\/villa-visnjan.eu\/hr\/wp-json\/wp\/v2\/users\/1"}],"replies":[{"embeddable":true,"href":"https:\/\/villa-visnjan.eu\/hr\/wp-json\/wp\/v2\/comments?post=3233"}],"version-history":[{"count":21,"href":"https:\/\/villa-visnjan.eu\/hr\/wp-json\/wp\/v2\/pages\/3233\/revisions"}],"predecessor-version":[{"id":5013,"href":"https:\/\/villa-visnjan.eu\/hr\/wp-json\/wp\/v2\/pages\/3233\/revisions\/5013"}],"wp:featuredmedia":[{"embeddable":true,"href":"https:\/\/villa-visnjan.eu\/hr\/wp-json\/wp\/v2\/media\/4094"}],"wp:attachment":[{"href":"https:\/\/villa-visnjan.eu\/hr\/wp-json\/wp\/v2\/media?parent=3233"}],"curies":[{"name":"wp","href":"https:\/\/api.w.org\/{rel}","templated":true}]}}