{"id":3235,"date":"2018-04-30T13:17:08","date_gmt":"2018-04-30T11:17:08","guid":{"rendered":"https:\/\/new.villa-visnjan.eu\/?page_id=3235"},"modified":"2026-01-10T10:26:53","modified_gmt":"2026-01-10T09:26:53","slug":"plaze","status":"publish","type":"page","link":"https:\/\/villa-visnjan.eu\/hr\/plaze\/","title":{"rendered":"Pla\u017ee"},"content":{"rendered":"<p>Vi\u0161njan najvi\u0161e gravitira prema pore\u010du, a pore\u010dki se akvatorij obalnim dijelom prote\u017ee od rijeke Mirne na sjeveru pa sve do limesa ili Limskog kanala na jugu. Na tom potezu postoje mnoga kupali\u0161ta u sklopu hotelskih resorta gdje ne\u0107ete mo\u0107i pristupiti autom ba\u0161 do pla\u017ee, ili \u0107ete pak u visokoj sezoni morati platiti dnevnu ulaznicu.<\/p>\n<h2>-POPIS PLA\u017dA-<\/h2>\n<h3>Lanterna<\/h3>\n<p><img loading=\"lazy\" decoding=\"async\" class=\"alignleft wp-image-4240 size-thumbnail\" src=\"http:\/\/new.villa-visnjan.eu\/wp-content\/uploads\/2018\/05\/lanterna1-150x150.jpg\" alt=\"\" width=\"150\" height=\"150\" srcset=\"https:\/\/villa-visnjan.eu\/wp-content\/uploads\/2018\/05\/lanterna1-150x150.jpg 150w, https:\/\/villa-visnjan.eu\/wp-content\/uploads\/2018\/05\/lanterna1-650x650.jpg 650w, https:\/\/villa-visnjan.eu\/wp-content\/uploads\/2018\/05\/lanterna1-300x300.jpg 300w, https:\/\/villa-visnjan.eu\/wp-content\/uploads\/2018\/05\/lanterna1-100x100.jpg 100w\" sizes=\"auto, (max-width: 150px) 100vw, 150px\" \/><\/p>\n<p>Istaknuli bismo tako poluotok Lanternu, gdje imate kilometarsku pla\u017eu, kombinacija borove \u0161umice, kratkih \u0161ljunkovitih predjela ili grebene. Polovica poluotoka ima i sun\u010dali\u0161te za nudiste. Udaljenost od vi\u0161njana je 10 auto-minuta u smjeru Tar, a prometuje i sezonski bus.<\/p>\n<h3>Materada<\/h3>\n<p><img loading=\"lazy\" decoding=\"async\" class=\"alignright wp-image-4253 size-thumbnail\" src=\"http:\/\/new.villa-visnjan.eu\/wp-content\/uploads\/2018\/05\/plaza-luna-150x150.jpg\" alt=\"\" width=\"150\" height=\"150\" srcset=\"https:\/\/villa-visnjan.eu\/wp-content\/uploads\/2018\/05\/plaza-luna-150x150.jpg 150w, https:\/\/villa-visnjan.eu\/wp-content\/uploads\/2018\/05\/plaza-luna-650x650.jpg 650w, https:\/\/villa-visnjan.eu\/wp-content\/uploads\/2018\/05\/plaza-luna-300x300.jpg 300w, https:\/\/villa-visnjan.eu\/wp-content\/uploads\/2018\/05\/plaza-luna-100x100.jpg 100w\" sizes=\"auto, (max-width: 150px) 100vw, 150px\" \/>Naselje MATERADA ima pla\u017eu do koje mo\u017eete sti\u0107i autom, bez naplate. Na toj pla\u017ei ima nekoliko manjih buffeta gdje mo\u017eete popiti pivo i iznajmiti le\u017ealjke. Ve\u0107i dio pla\u017ee je robinzonskog tipa, a ispod hotela postoje tu\u0161evi i svla\u010dionice te igrali\u0161te za djecu. Udaljenost od Vi\u0161njana je 10 auto-minuta, u smjeru Pore\u010d-Sjever.<\/p>\n<h3>Naftaplin<\/h3>\n<p><img loading=\"lazy\" decoding=\"async\" class=\"wp-image-4256 size-thumbnail alignleft\" src=\"http:\/\/new.villa-visnjan.eu\/wp-content\/uploads\/2018\/05\/plaza-pical-150x150.jpg\" alt=\"\" width=\"150\" height=\"150\" srcset=\"https:\/\/villa-visnjan.eu\/wp-content\/uploads\/2018\/05\/plaza-pical-150x150.jpg 150w, https:\/\/villa-visnjan.eu\/wp-content\/uploads\/2018\/05\/plaza-pical-650x650.jpg 650w, https:\/\/villa-visnjan.eu\/wp-content\/uploads\/2018\/05\/plaza-pical-300x300.jpg 300w, https:\/\/villa-visnjan.eu\/wp-content\/uploads\/2018\/05\/plaza-pical-100x100.jpg 100w\" sizes=\"auto, (max-width: 150px) 100vw, 150px\" \/><\/p>\n<p>Gradska pla\u017ea u Pore\u010du, nalazi se pored centra grada. Ure\u0111ena je i ima lijepu \u0161etnicu i borovu \u0161umicu. Sun\u010dali\u0161ta su poplo\u010dena, a ulaz u vodu omogu\u0107en je pomo\u0107nim metalnim stepenicama. I ovdje ima snack-barova gdje mo\u017eete pojesti kratki zalogaj ili sladoled. Du\u017e pla\u017ee su tu\u0161evi i svla\u010dionice, na pojednim punktovima mo\u017eete iznajmiti le\u017ealjke, brodi\u0107e, sandoline, pedaline.<\/p>\n<h3>Plava Laguna<\/h3>\n<p><img loading=\"lazy\" decoding=\"async\" class=\"size-thumbnail wp-image-4247 alignright\" src=\"http:\/\/new.villa-visnjan.eu\/wp-content\/uploads\/2018\/05\/plava-laguna-150x150.jpg\" alt=\"\" width=\"150\" height=\"150\" srcset=\"https:\/\/villa-visnjan.eu\/wp-content\/uploads\/2018\/05\/plava-laguna-150x150.jpg 150w, https:\/\/villa-visnjan.eu\/wp-content\/uploads\/2018\/05\/plava-laguna-650x650.jpg 650w, https:\/\/villa-visnjan.eu\/wp-content\/uploads\/2018\/05\/plava-laguna-300x300.jpg 300w, https:\/\/villa-visnjan.eu\/wp-content\/uploads\/2018\/05\/plava-laguna-100x100.jpg 100w\" sizes=\"auto, (max-width: 150px) 100vw, 150px\" \/><br \/>\nTuristi\u010dki komplex vrvi turistima i ovdje isto pla\u0107ate parking, ako ga uspijete na\u0107i. Pla\u017ea je ure\u0111ena i poplo\u010dena te nudi sve sadr\u017eaje. Ovdje se kupaju mje\u0161tani te turisti koji no\u0107e u hotelima pored pla\u017ee.<\/p>\n<h3>Zelena Laguna<\/h3>\n<p>Kona\u010dno \u0161ljunak! Da, ovdje \u0107ete na\u0107i i \u0161ljunkovite predjele ako imate manju djecu. Na pla\u017ei mo\u017eete igrati beach volley, ili stolni tenis. Na ulazu u predio grada koji se zove Zelena Laguna postoji ski lift. To je \u017ei\u010dara na vodi i jako je zabavno probati skijati. Uz \u017ei\u010daru se nalazi kafi\u0107 gdje mo\u017eete promatrati druge kako padaju, ili kako su uspjeli savladati vje\u0161tinu pore\u010dkog skijanja na vodi.<\/p>\n<h3>Limski kanal<\/h3>\n<p>Limski fjord je za\u0161ti\u0107eno podru\u010dje pa preporu\u010damo da svoje kupanje u tom lijepom prirodnom ambijentu spojite sa vo\u017enjom brodicom do kanala. Organizirani izleti kre\u0107u iz luke Pore\u010d svakodnevno i nisu skupi. Na brodu se mo\u017ee uplatiti i riblji ru\u010dak, a kapetan vam onda odabere point gdje \u0107ete svi sko\u010diti u vodu i u\u017eivati. Na brodu postoji i vodi\u010d koji \u0107e vam pri\u010dati o gradi\u0107ima du\u017e obale. Za rezervacije ovakvog izleta osoblje Ville Vi\u0161njan rado vam stoji na raspolaganju.<\/p>\n<h3>Brijuni<\/h3>\n<p>Nedaleko Vi\u0161njana (ca. 40 min autom u smjeru Vodnjan) sti\u017eete do luke Fa\u017eana, gdje mo\u017eete kupiti ulaznicu za razgled nacionalnog parka. Ju\u017enije od info-centra u Fa\u017eani se prote\u017ee jako lijepa pla\u017ea koja gleda na nacionalni park. Pla\u017ea je \u0161ljun\u010dana i vrlo romanti\u010dna.<\/p>\n<h3>Rt Kamenjak<\/h3>\n<p><img loading=\"lazy\" decoding=\"async\" class=\"wp-image-4250 size-thumbnail alignleft\" src=\"http:\/\/new.villa-visnjan.eu\/wp-content\/uploads\/2018\/05\/plaza-gortanova-uvala-150x150.jpg\" alt=\"\" width=\"150\" height=\"150\" srcset=\"https:\/\/villa-visnjan.eu\/wp-content\/uploads\/2018\/05\/plaza-gortanova-uvala-150x150.jpg 150w, https:\/\/villa-visnjan.eu\/wp-content\/uploads\/2018\/05\/plaza-gortanova-uvala-650x650.jpg 650w, https:\/\/villa-visnjan.eu\/wp-content\/uploads\/2018\/05\/plaza-gortanova-uvala-300x300.jpg 300w, https:\/\/villa-visnjan.eu\/wp-content\/uploads\/2018\/05\/plaza-gortanova-uvala-100x100.jpg 100w\" sizes=\"auto, (max-width: 150px) 100vw, 150px\" \/>Avanturisti\u010dko kupanje na Rtu Kamenjak. Od Vi\u0161njana vozite prema najve\u0107em gradu u Istri, Puli. U Puli pratite putokaze za Premanturu. Posebnost Rta Kamenjak je ta \u0161to je Istra trokutastog oblika, a taj je rt njena najju\u017enija to\u010dka, ujedno i prirodni rezervat sa vi\u0161e od 500 za\u0161ti\u0107enih biljnih vrsta. Obala je jako razvedena, flora bujna i gusta, a pla\u017ee su robinzonske. Ovdje pu\u0161u najbolji vjetrovi za windsurfere.<\/p>\n<h3>Tequila<\/h3>\n<p>Ako vam je ponajvi\u0161e do opu\u0161tanja u hladu uz neki koktel, a kupanje \u017eelite spojiti sa laganom \u0161etnjicom po uskim drevnim ulicama Pore\u010da, onda preporu\u010damo pla\u017eu na potezu od hotela Zagreb do hotela Pical. Na \u010detvrtom rotoru kod Croduxa skre\u0107ete prema gradu i parkirate na parkingu kod Macela (Ul.Nikole Tesle). Ulaz na pla\u017eu je slobodan, a parking se pla\u0107a. Pla\u017eu zovu Tequila po simpati\u010dnom baru na otvorenom gdje mo\u017eete u\u017eivati u pogledu na Baziliku. Malo dalje prema Picalu mo\u017eete uposliti djecu da igraju mini-golf ili da se dive gusarskom drvenom brodu za penjanje i igru.<\/p>","protected":false},"excerpt":{"rendered":"<p>Vi\u0161njan najvi\u0161e gravitira prema pore\u010du, a pore\u010dki se akvatorij obalnim dijelom prote\u017ee od rijeke Mirne na sjeveru pa sve do limesa ili Limskog kanala na jugu. Na&#8230;<\/p>\n","protected":false},"author":1,"featured_media":4253,"parent":0,"menu_order":0,"comment_status":"closed","ping_status":"closed","template":"","meta":{"footnotes":""},"class_list":["post-3235","page","type-page","status-publish","has-post-thumbnail","hentry"],"aioseo_notices":[],"_links":{"self":[{"href":"https:\/\/villa-visnjan.eu\/hr\/wp-json\/wp\/v2\/pages\/3235","targetHints":{"allow":["GET"]}}],"collection":[{"href":"https:\/\/villa-visnjan.eu\/hr\/wp-json\/wp\/v2\/pages"}],"about":[{"href":"https:\/\/villa-visnjan.eu\/hr\/wp-json\/wp\/v2\/types\/page"}],"author":[{"embeddable":true,"href":"https:\/\/villa-visnjan.eu\/hr\/wp-json\/wp\/v2\/users\/1"}],"replies":[{"embeddable":true,"href":"https:\/\/villa-visnjan.eu\/hr\/wp-json\/wp\/v2\/comments?post=3235"}],"version-history":[{"count":8,"href":"https:\/\/villa-visnjan.eu\/hr\/wp-json\/wp\/v2\/pages\/3235\/revisions"}],"predecessor-version":[{"id":4479,"href":"https:\/\/villa-visnjan.eu\/hr\/wp-json\/wp\/v2\/pages\/3235\/revisions\/4479"}],"wp:featuredmedia":[{"embeddable":true,"href":"https:\/\/villa-visnjan.eu\/hr\/wp-json\/wp\/v2\/media\/4253"}],"wp:attachment":[{"href":"https:\/\/villa-visnjan.eu\/hr\/wp-json\/wp\/v2\/media?parent=3235"}],"curies":[{"name":"wp","href":"https:\/\/api.w.org\/{rel}","templated":true}]}}