{"id":3237,"date":"2018-04-30T13:17:30","date_gmt":"2018-04-30T11:17:30","guid":{"rendered":"https:\/\/new.villa-visnjan.eu\/?page_id=3237"},"modified":"2026-01-10T10:27:48","modified_gmt":"2026-01-10T09:27:48","slug":"porec","status":"publish","type":"page","link":"https:\/\/villa-visnjan.eu\/hr\/porec\/","title":{"rendered":"Pore\u010d"},"content":{"rendered":"<p><img loading=\"lazy\" decoding=\"async\" class=\"size-medium wp-image-3257 alignright\" src=\"https:\/\/new.villa-visnjan.eu\/wp-content\/uploads\/2018\/04\/Image00005-300x200.jpg\" alt=\"\" width=\"300\" height=\"200\" \/><img loading=\"lazy\" decoding=\"async\" class=\"size-medium wp-image-4408 alignleft\" src=\"http:\/\/new.villa-visnjan.eu\/wp-content\/uploads\/2018\/05\/porec-riva-300x200.jpg\" alt=\"\" width=\"300\" height=\"200\" srcset=\"https:\/\/villa-visnjan.eu\/wp-content\/uploads\/2018\/05\/porec-riva-300x200.jpg 300w, https:\/\/villa-visnjan.eu\/wp-content\/uploads\/2018\/05\/porec-riva-768x512.jpg 768w, https:\/\/villa-visnjan.eu\/wp-content\/uploads\/2018\/05\/porec-riva-600x400.jpg 600w, https:\/\/villa-visnjan.eu\/wp-content\/uploads\/2018\/05\/porec-riva.jpg 956w\" sizes=\"auto, (max-width: 300px) 100vw, 300px\" \/>Pore\u010d tj. Pore\u0161tina se prote\u017ee od doline rijeke Mirne na sjeveru do Limskog kanala na jugu. Otok Sv.Nikola \u0161titi gradsku luku i interesantno je mjesto za kupanje. Pore\u010dani se bave turizmom te razvijaju poljodjelstvo (vinova loza, masline, vo\u0107e), a grad je od ranog 20.st. bio sjedi\u0161te poljoprivredne \u0161kole, danas poznatog Instituta za poljoprivredu i turizam. Pore\u010d je nakon 313.god. postao sjedi\u0161tem biskupije. Za vrijeme bizantske vlasti pore\u010dki je biskup postao vrlo utjecajan u cijelom Akvilejskom patrijarhatu. Godine 1297. Pore\u010d prise\u017ee na vjernost Veneciji te postaje dio mleta\u010dkog posjeda u Istri. Do 1797. Bio je va\u017ena venecijanska luka za izvoz poljoprivrednih proizvoda. Kasnije, dok je bio pod Austrijom, 1797.-1918., grad postaje va\u017eno politi\u010dko sredi\u0161te, sjedi\u0161te Istarskog sabora i ureda pokrajinske vlasti. U Pore\u010du je sa\u010duvano desetak goti\u010dkih mleta\u010dkih pala\u010da iz 15.st., nekoliko romani\u010dkih zdanja, obrambene kule iz 13.-15.st., pravilne rimske ulice, ali najve\u0107e blago koje je za\u0161titio i sam UNESCO jest Komplex Eufrazijeve bazilike.<\/p>","protected":false},"excerpt":{"rendered":"<p>Pore\u010d tj. Pore\u0161tina se prote\u017ee od doline rijeke Mirne na sjeveru do Limskog kanala na jugu. Otok Sv.Nikola \u0161titi gradsku luku i interesantno je mjesto za kupanje&#8230;.<\/p>\n","protected":false},"author":1,"featured_media":4182,"parent":0,"menu_order":0,"comment_status":"closed","ping_status":"closed","template":"","meta":{"footnotes":""},"class_list":["post-3237","page","type-page","status-publish","has-post-thumbnail","hentry"],"aioseo_notices":[],"_links":{"self":[{"href":"https:\/\/villa-visnjan.eu\/hr\/wp-json\/wp\/v2\/pages\/3237","targetHints":{"allow":["GET"]}}],"collection":[{"href":"https:\/\/villa-visnjan.eu\/hr\/wp-json\/wp\/v2\/pages"}],"about":[{"href":"https:\/\/villa-visnjan.eu\/hr\/wp-json\/wp\/v2\/types\/page"}],"author":[{"embeddable":true,"href":"https:\/\/villa-visnjan.eu\/hr\/wp-json\/wp\/v2\/users\/1"}],"replies":[{"embeddable":true,"href":"https:\/\/villa-visnjan.eu\/hr\/wp-json\/wp\/v2\/comments?post=3237"}],"version-history":[{"count":5,"href":"https:\/\/villa-visnjan.eu\/hr\/wp-json\/wp\/v2\/pages\/3237\/revisions"}],"predecessor-version":[{"id":4410,"href":"https:\/\/villa-visnjan.eu\/hr\/wp-json\/wp\/v2\/pages\/3237\/revisions\/4410"}],"wp:featuredmedia":[{"embeddable":true,"href":"https:\/\/villa-visnjan.eu\/hr\/wp-json\/wp\/v2\/media\/4182"}],"wp:attachment":[{"href":"https:\/\/villa-visnjan.eu\/hr\/wp-json\/wp\/v2\/media?parent=3237"}],"curies":[{"name":"wp","href":"https:\/\/api.w.org\/{rel}","templated":true}]}}