{"id":4413,"date":"2018-05-21T20:53:33","date_gmt":"2018-05-21T18:53:33","guid":{"rendered":"http:\/\/new.villa-visnjan.eu\/?page_id=4413"},"modified":"2026-01-10T10:29:29","modified_gmt":"2026-01-10T09:29:29","slug":"sport-i-zabava","status":"publish","type":"page","link":"https:\/\/villa-visnjan.eu\/hr\/sport-i-zabava\/","title":{"rendered":"Sport i zabava"},"content":{"rendered":"<p><\/p>\n<h2><strong>Trekking<\/strong><\/h2>\n<h4>Staza: LIM \u2013 SV.MARTIN<\/h4>\n<p>Du\u017eina staze iznosi 8,2 km. Staza je srednje te\u017eine.<\/p>\n<p>Limski kanal je geomorfolo\u0161ki za\u0161ti\u0107eni krajolik. On je progla\u0161en i specijalnim rezervatom na moru jer se ovdje uzgajaju ribe i \u0161koljka\u0161i.\u00a0 Staza po\u010dinje na livadi na ulazu u Limski kanal koji je dug 12 km.<\/p>\n<p>Tu po\u010dinje staza koja vodi do Romualdove pe\u0107ine koja je dobila ime po Sv.Romualdu pustinjaku, koji je prema legendi tu \u017eivio. Staza \u201eLim-Sv.Martin\u201c prati put uz more\u00a0 na isto\u010dnom kraju Limskog kanala te se postepeno uspinje do 140mnv do visokih polja nad Limom. Staza vodi oko vrha Sv.Martin do kojeg dolazite ako prije sela Bubani skrenete lijevo. Stigli ste na 217mnv i ovdje se pru\u017ea pred vama jedinstven pogled. Nakon odmora vra\u0107ate se nazad do sela Bubani i kre\u0107ete prema mjestu So\u0161i\u0107i. Kraj bo\u0107arskog doma skrenete lijevo i spu\u0161tate se u Limsku dragu. Na dnu sti\u017eete do makadama i skre\u0107ete lijevo kako biste se vratili na livadu od koje ste krenuli<strong>.<\/strong><\/p>\n<p><strong>\u00a0<\/strong><\/p>\n<h2><strong>Bike &amp; trekking<\/strong><\/h2>\n<h4><strong>\u00a0<\/strong>BIKE- DAN NA ZVJEZDANOJ STAZI<\/h4>\n<p>Biciklist\u010dka ruta: Vi\u0161njan \u2013 Markovac \u2013 Jadruhi \u2013 Ba\u0161koti \u2013 Prhati \u2013 Rapavel- Radovani \u2013 Ba\u010dva<\/p>\n<p>Mo\u017eda\u00a0 niste znali da u Istri imamo uspje\u0161nu zvjezdarnicu koja se po astronomskim otkri\u0107ima svrstava me\u0111u 5 najpoznatijih u svijetu. Opservatorij se nalazi na Ti\u0107anu, svojevrsnom predgra\u0111u Vi\u0161njana. Iz tog razloga na\u0161a staza nosi naziv upravo zvjezdana staza. Na po\u010detku glavne ulice u Vi\u0161njanu nai\u0107i \u0107ete na crkvicu Sv.Antuna Opata sa glagoljskim natpisima iz 1550 god. i vrijednim ostacima fresaka Dominika iz Udina. To mo\u017ee biti va\u0161 start. Glavna \u017eupna crkva sa divnim foto-viewom i romanti\u010dnom lo\u017eom nalazi se na kraju Ulice S.Fortuna. dalje se vozite pitomim krajolikom preko Markovca, Ba\u0161kota, Vrani\u0107a i Prhata do Montavera. Ovdje \u0107ete na svakom koraku mo\u0107i u\u017eivati u miru pejza\u017ea i autenti\u010dnoj arhitekturi, a za\u017eelite se prave doma\u0107e kuhinje i odli\u010dnog vina, naprosto u\u0111ite u jedan od brojnih agroturizama koji \u0107e vam se na\u0107i na putu. Na povratku, 3 km ju\u017eno od Vi\u0161njana, le\u017ei selo Ba\u010dva. Ovdje \u0107ete na\u0107i crkvicu Sv.Jakova iz 12.st., a sto metara dalje i crkvicu Bla\u017eene Djevice Marije iz 14.\/15. st. okru\u017eenu bujnim zelenilom i ku\u0107ama. Konobe za preporuku: Milena u Ba\u010dvi ili Borgonja u centru Vi\u0161njana.<\/p>\n<p>&nbsp;<\/p>\n<p>Tehni\u010dki opis Zvjezdane staze:<\/p>\n<p>Polazna to\u010dka: Vi\u0161njan<\/p>\n<p>Du\u017eina staze: 24.5 km<\/p>\n<p>Krajnja to\u010dka: Vi\u0161njan<\/p>\n<p>Te\u017eina staze: lagana<\/p>\n<p>Visinska razlika: 306 km<\/p>\n<p>Najvi\u0161a to\u010dka: 331 m<\/p>\n<p>Najni\u017ea to\u010dka: 190 m<\/p>\n<p>Tip staze: asfalt (16.7 km; 68,16%)<\/p>\n<p>Makadam (7.8 km; 31,84%)<\/p>\n<p>&nbsp;<\/p>\n<p>Ostale bike staze koje prolaze kroz Vi\u0161njan:<\/p>\n<p>-Staza Eufrazijana<\/p>\n<p>-Staza Sv.Maura<\/p>\n<p>-Staza Sv.Mihovila pod zemljom<\/p>\n<p>-15.etapa Giro d&#8217;Italia<\/p>\n<p><strong>\u00a0\u00a0\u00a0\u00a0\u00a0\u00a0\u00a0\u00a0\u00a0\u00a0\u00a0 <\/strong><\/p>\n<h4>MTB PARENZANA CUBE<\/h4>\n<p><img loading=\"lazy\" decoding=\"async\" class=\"alignleft wp-image-4474 size-medium\" src=\"http:\/\/new.villa-visnjan.eu\/wp-content\/uploads\/2018\/06\/bike-staze2-300x198.jpg\" alt=\"\" width=\"300\" height=\"198\" srcset=\"https:\/\/villa-visnjan.eu\/wp-content\/uploads\/2018\/06\/bike-staze2-300x198.jpg 300w, https:\/\/villa-visnjan.eu\/wp-content\/uploads\/2018\/06\/bike-staze2-768x508.jpg 768w, https:\/\/villa-visnjan.eu\/wp-content\/uploads\/2018\/06\/bike-staze2.jpg 1024w, https:\/\/villa-visnjan.eu\/wp-content\/uploads\/2018\/06\/bike-staze2-600x397.jpg 600w\" sizes=\"auto, (max-width: 300px) 100vw, 300px\" \/><\/p>\n<p>Najljep\u0161i susret rekreativnih i profesionalnih biciklista u Istri, prote\u017ee se mjestima kojima je nekada prolazila \u017eeljezni\u010dka pruga Parenzana (Gro\u017enjan, Vi\u017einada,Vi\u0161njan, Pore\u010d ). Radi se o me\u0111unarodnom biciklisti\u010dkom susretu kojeg krajem rujna pohode svi ljubitelji biciklizma \u2013 cestovnog ili MTB. To je trodnevna manifestacija koja u sebi objedinjuje natjecateljsku MTB utrku na kojoj redovno sudjeluje vi\u0161e od 400 natjecatelja, ali uz koju se odr\u017eava i najmasovnija rekreativna biciklijada za sve uzraste<\/p>\n<p><strong>\u00a0<\/strong><\/p>\n<h4>STAZA PARENZANA\u00a0 (pje\u0161a\u010denje i bike)<\/h4>\n<p>Ova je staza neko\u0107 bila uskotra\u010dna pruga i nosila je ime Parenzana.\u00a0 Povezivala je Trst sa istarskim gradi\u0107ima. Njezina je sudbina bila ta da su tra\u010dnice uo\u010di po\u010detka II svjetskog\u00a0 rata poskidane i da je taj va\u017ean put pao u zaborav. Nedavno je trasa pruge uz financijsku potporu EU ponovo prokr\u010dena, o\u010di\u0161\u0107ena je od raslinja, i prepreka, a sanirani su i o\u010di\u0161\u0107eni mostovi, na koje se stavila i sigurnosna ograda. Upravo stoga \u0161to je financirana od strane EU, kao i radi toga \u0161to povezuje tri dr\u017eave &#8211; Italiju, Sloveniju i Hrvatsku, Parenzana je s pravom nazvana \u201eStazom zdravlja i prijateljstva&#8221;. Slu\u017ebeno je deklarirana kao biciklisti\u010dka staza, me\u0111utim pogodna je i za trekking. Tome u prilog ide i \u010dinjenica da staza prolazi prekrasnim pejza\u017eima starih sela, pitoresknih gradi\u0107a, rone\u0107i kroz prekrasne doline uz rje\u010dice i \u0161ume, a zatim izranjaju\u0107i na obronke bre\u017euljaka, krivudaju\u0107i izme\u0111u vinograda i maslinika vrhunskih istarskih proizvo\u0111a\u010da.<\/p>\n<p>U Sloveniji, po\u010dev\u0161i u luci Koper trasa je duga 38 kilometara i u cijelosti je asfaltirana. Na strani hrvatske Istre, pruga je nekada i\u0161la do Pore\u010da u du\u017eini od 60 km; do danas je obnovljen potez od granice sa Slovenijom do Vi\u017einade. U povijesti je ova pruga povezivala krajeve tada\u0161nje Austro-Ugarske monarhije, slu\u017ee\u0107i razmjeni dobara, a posebice otpremanju kvalitetnih proizvoda iz Istre na carske i kraljevske dvore. Radi velike potra\u017enje za istarskim vinom, kao i prevo\u017eenjem istoga na carske i kraljevske dvorove, pruga se znala nazivati i prugom vina. No, pored toga povezivala je i 33 mjesta i naselja na svom putu. Nakon Prvog svjetskog rata regija je pripala Italiji, no gospodarska i ekonomska kriza 1935. godine dovela je do ga\u0161enja pruge i njenog rastavljanja.<\/p>\n<p>Staza je ozna\u010dena \u017eutim znakovima na stupovima, a na njima se nalaze i ostali podaci o objektima kojima se prolazi na putu &#8211; vijaduktima, tunelima, nekada\u0161njim kolodvorima.<\/p>\n<p>Kao trajni pe\u010dat cijelom projektu, napravljen je i Muzej Parenzane, u kojem mo\u017eete pogledati stare fotografije ove pruge i vlaka, vidjeti kartu kuda trasa prolazi, kao i mnogo drugih podataka. Zabavni dio cijelog projekta jest i zabavna igra na temu Parenzane, a mo\u017eete ju kupiti, tako\u0111er, u Muzeju.<\/p>\n<p>(Izvor: <a href=\"http:\/\/www.parenzana.net\">www.parenzana.net<\/a>)<\/p>\n<p>&nbsp;<\/p>\n<h2><strong>Tr\u010danje<\/strong><\/h2>\n<h4><strong>\u00a0<\/strong>100 MILJA ISTRE<\/h4>\n<p>Relativno nova manifestacija koja se odr\u017eava po\u010detkom mjeseca travnja. Mix trail tr\u010danja po tehni\u010dki zahtjevnom terenu, coastering, tr\u010danje kroz srednjovjekovne gradi\u0107e, kroz \u0161ume, urbane sredine, kroz puno panorama koje oduzimaju dah. Prva od utrka duga je 171 km i po\u010dinje u Labinu, nastavlja\u00a0 se na U\u010dki, prolazi grebenom \u0106i\u0107arije i spu\u0161ta se u Buzet. Nastavlja se do mjesta Hum, najmanjeg grada na svijetu, pa do Motovuna preko Gro\u017enjana, a fini\u0161 je u Umagu.<\/p>\n<p>&nbsp;<\/p>\n<h2><strong>Plivanje<\/strong><\/h2>\n<h4>PORE\u010cKI DELFIN (pliva\u010dki maraton)<\/h4>\n<p>Zabavite se s nama na rekreativnom maratonu za pliva\u010de koji se odr\u017eava svake godine u Pore\u010du po\u010detkom mjeseca rujna. Pore\u010dki delfin je rekreativni pliva\u010dki maraton , pravi izazov za sve vrste pliva\u010da, staro i mlado. Nije va\u017eno ho\u0107ete li sti\u0107i na cilj, svoju ste medalju i majicu osigurali ve\u0107 svojim sudjelovanjem. Plivajte s perajama, na luftmadracu, trbu\u0161no ili le\u0111no.<\/p>\n<p>&nbsp;<\/p>\n<h4>AQUAPARK ISTRALANDIA<\/h4>\n<p>Krasan aquapark pored Vi\u0161njana, na Istarskom ipsilonu. 4500 m2 vodenih povr\u0161ina, raznolike atrakcije za djecu i odrasle, veliki dje\u010dji bazen sa vodenim dvorcem, relax zona sa hidromasa\u017enim kadama, bazen sa velikim valovima, free fall od 27 m, animacijski program u amfiteatru sa 500 sjede\u0107ih mjesta. Zumba, aquagym, aquaerobic, ma\u0111ioni\u010dari i bogata enogastronomska ponuda u 5 ugostiteljskih objekata.<\/p>\n<p>Nalazi se na auto-putu Istarski ipsilon nedaleko Vi\u0161njana.<\/p>\n<p>&nbsp;<\/p>\n<p>&nbsp;<\/p>\n<h2><strong>Speleologija<\/strong><\/h2>\n<h4>JAMA BAREDINE<\/h4>\n<p>Istra je najja\u010di hrvatski geoturisti\u010dki kraj. O tome, uz \u0161pilju Fe\u0161tini kod \u017dminja i \u0161pilju Mramornica kod Brtonigle, svjedo\u010di upravo najpoznatiji speleo-spomenik prirode, na prometnici izme\u0111u Pore\u010da i Vi\u0161njana, kod mjesta Nova Vas, \u0161pilja Baredine. Prva istra\u017eivanja \u0161pilje se\u017eu jo\u0161 u 1926., a danas se posjetitelji mogu uz stru\u010dnog vodi\u010da spustiti u \u0161pilju kroz pet dvorana, na 40 minuta, i vidjeti endem, \u010dovje\u010dju ribicu, bogato ukra\u0161ene stalaktite i stalagmite te sigaste stupove razli\u010ditih boja. Temperatura u \u0161pilji je tek 13\u00b0 C, stoga ponesite topliju odje\u0107u. U sklopu izleti\u0161ta mo\u017ee se posjetiti izlo\u017eba traktora (mali agro- muzej), kao i ru\u010dati na otvorenom; nedjeljom \u010desto organiziraju glazbu za ples. Ovo je simpati\u010dno izleti\u0161te pogodno za speleoljupce, ali i za obitelji s djecom.<\/p>\n<p>&nbsp;<\/p>\n<p>&nbsp;<\/p>\n<h2><strong>Zmajarenje<\/strong><\/h2>\n<h4>FESTIVAL ZMAJEVA U BALAMA<\/h4>\n<p><img loading=\"lazy\" decoding=\"async\" class=\"size-medium wp-image-4476 alignright\" src=\"http:\/\/new.villa-visnjan.eu\/wp-content\/uploads\/2018\/06\/festival_zmajeva_bale-300x169.jpg\" alt=\"\" width=\"300\" height=\"169\" srcset=\"https:\/\/villa-visnjan.eu\/wp-content\/uploads\/2018\/06\/festival_zmajeva_bale-300x169.jpg 300w, https:\/\/villa-visnjan.eu\/wp-content\/uploads\/2018\/06\/festival_zmajeva_bale-768x432.jpg 768w, https:\/\/villa-visnjan.eu\/wp-content\/uploads\/2018\/06\/festival_zmajeva_bale-600x338.jpg 600w, https:\/\/villa-visnjan.eu\/wp-content\/uploads\/2018\/06\/festival_zmajeva_bale.jpg 960w\" sizes=\"auto, (max-width: 300px) 100vw, 300px\" \/>Na posebnim radionicama prilikom Festivala zmajeva nau\u010dit \u0107ete kako izraditi vlastitog zmaja, kako ga pustiti u vjetar, ali i\u00a0 kako ga potom krotiti na nebu.<\/p>\n<p>Festival je namijenjen velikima i malima, a organizira se krajem mjeseca svibnja u mjestu Bale nedaleko Rovinja.<\/p>\n<p>&nbsp;<\/p>\n<p>&nbsp;<\/p>\n<p>&nbsp;<\/p>\n<p>&nbsp;<\/p>","protected":false},"excerpt":{"rendered":"<p>Trekking Staza: LIM \u2013 SV.MARTIN Du\u017eina staze iznosi 8,2 km. Staza je srednje te\u017eine. Limski kanal je geomorfolo\u0161ki za\u0161ti\u0107eni krajolik. On je progla\u0161en i specijalnim rezervatom na&#8230;<\/p>\n","protected":false},"author":1,"featured_media":4474,"parent":0,"menu_order":0,"comment_status":"closed","ping_status":"closed","template":"","meta":{"footnotes":""},"class_list":["post-4413","page","type-page","status-publish","has-post-thumbnail","hentry"],"aioseo_notices":[],"_links":{"self":[{"href":"https:\/\/villa-visnjan.eu\/hr\/wp-json\/wp\/v2\/pages\/4413","targetHints":{"allow":["GET"]}}],"collection":[{"href":"https:\/\/villa-visnjan.eu\/hr\/wp-json\/wp\/v2\/pages"}],"about":[{"href":"https:\/\/villa-visnjan.eu\/hr\/wp-json\/wp\/v2\/types\/page"}],"author":[{"embeddable":true,"href":"https:\/\/villa-visnjan.eu\/hr\/wp-json\/wp\/v2\/users\/1"}],"replies":[{"embeddable":true,"href":"https:\/\/villa-visnjan.eu\/hr\/wp-json\/wp\/v2\/comments?post=4413"}],"version-history":[{"count":10,"href":"https:\/\/villa-visnjan.eu\/hr\/wp-json\/wp\/v2\/pages\/4413\/revisions"}],"predecessor-version":[{"id":4538,"href":"https:\/\/villa-visnjan.eu\/hr\/wp-json\/wp\/v2\/pages\/4413\/revisions\/4538"}],"wp:featuredmedia":[{"embeddable":true,"href":"https:\/\/villa-visnjan.eu\/hr\/wp-json\/wp\/v2\/media\/4474"}],"wp:attachment":[{"href":"https:\/\/villa-visnjan.eu\/hr\/wp-json\/wp\/v2\/media?parent=4413"}],"curies":[{"name":"wp","href":"https:\/\/api.w.org\/{rel}","templated":true}]}}