{"id":4481,"date":"2018-06-10T18:32:20","date_gmt":"2018-06-10T16:32:20","guid":{"rendered":"http:\/\/new.villa-visnjan.eu\/?page_id=4481"},"modified":"2018-06-18T21:49:23","modified_gmt":"2018-06-18T19:49:23","slug":"pravila-privatnosti","status":"publish","type":"page","link":"https:\/\/villa-visnjan.eu\/hr\/pravila-privatnosti\/","title":{"rendered":"Pravila privatnosti"},"content":{"rendered":"<p><\/p>\n<h2>GDPR<\/h2>\n<p>U skladu s odredbama Zakona o ugostiteljskoj djelatnosti (NN 85\/15, 112\/16), fizi\u010dka osoba koja pru\u017ea usluge smje\u0161taja u doma\u0107instvima &#8211; doma\u0107in, du\u017ena je voditi popis gostiju na propisani na\u010din u skladu s Pravilnikom o obliku, sadr\u017eaju i na\u010dinu vo\u0111enja knjige gostiju i popisa gostiju (NN 140\/15).<\/p>\n<p>\u010clanak 4. navedenog Pravilnika odre\u0111uje koji su osobni podaci gosta nu\u017eni za urednu prijavu, odjavu i evidenciju:<\/p>\n<p>REDNI BROJ UPISA GOSTA, IME I PREZIME, SPOL, DR\u017dAVA I DATUM RO\u0110ENJA, DR\u017dAVLJANSTVO, VRSTA I BROJ ISPRAVE O IDENTITETU, PREBIVALI\u0160TE (BORAVI\u0160TE) I ADRESA, VRSTA PRU\u017dENE USLUGE, DATUM I VRIJEME PRIJAVE, DATUM I VRIJEME ODJAVE.<\/p>\n<p>Prema \u010dlanku 21. Zakona o boravi\u0161noj pristojbi (NN 152\/08, 59\/09), doma\u0107in je obvezan u roku od 24 sata prijaviti, odnosno odjaviti, gosta podru\u010dnoj turisti\u010dkoj zajednici. Pravilnikom o na\u010dinu vo\u0111enja popisa turista te o obliku i sadr\u017eaju obrasca prijave turista turisti\u010dkoj zajednici (NN 126\/15) je utvr\u0111eno da se postupak vr\u0161i na temelju podataka iz osobne iskaznice, putovnice ili neke druge identifikacijske isprave.<\/p>\n<p>Pravilnikom o obliku, sadr\u017eaju i na\u010dinu vo\u0111enja knjige gostiju i popisa gostiju, \u010dlankom 3., stavak 3., odre\u0111eno je kako se knjigom gostiju smatra i popis koji se vodi u sustavu eVisitor te je dovoljno unijeti osobne podatke gosta u sustav, a knjiga gostiju vi\u0161e nije obvezna.<\/p>\n<p>Op\u0107i uvjeti kori\u0161tenja sustava eVisitor su mudro formulirani tako da je odgovornost za za\u0161titu osobnih podataka na iznajmljiva\u010du. Sustav koristi visoke razine za\u0161tite &#8211; TAN-lista za pristup su\u010delju spada u 3. razinu sigurnosti i uvedena je sukladno naputku Agencije za za\u0161titu osobnih podataka, upravo zato \u0161to se prijavom na sustav eVisitor pristupa osobnim podacima turista.<\/p>\n<p><a href=\"http:\/\/new.villa-visnjan.eu\/wp-content\/uploads\/2018\/06\/eVisitor-obavijest-Prikupljanje-osobnih-podataka_HR.pdf\">eVisitor obavijest Prikupljanje osobnih podataka_HR<\/a><\/p>\n<h2>ONLINE UPLATE<\/h2>\n<p>VEZANO ZA UPLATE SMJE\u0160TAJA KOJE PRISTI\u017dU PUTEM NA\u0160E WEB STRANICE, TJ. PUTEM ONLINE KANALA, BANKA KOJA OBRA\u0110UJE UPLATE ZATRA\u017dITI \u0106E OD VAS PODATKE KOJE UOBI\u010cAJENO DIJELITE S BILO KOJOM BANKOM KOJA POSREDUJE PRILIKOM IZVR\u0160AVANJA TRANSAKCIJE KAKO BI VAS IDENTIFICIRALA KAO OSOBU, UPLATITELJA USLUGE.<\/p>\n<p>VA\u0160I PODACI O UPLATI KORISTIT \u0106E NAMA, DOMA\u0106INU, KAKO BISMO POTVRDILI I OSIGURALI REZERVACIJU SMJE\u0160TAJA. U PODACIMA O UPLATI DOZNAT \u0106EMO VA\u0160E IME I PREZIME, NACIONALNOST, RAZDOBLJE ZA KOJE STE REZERVIRALI SMJE\u0160TAJ I IZNOS KOJI STE UPLATILI.<\/p>\n<p>Na\u0161a je du\u017enost po\u0161tivati uredbu GDPR i za\u0161tititi gore navedene podatke od neovla\u0161tene manipulacije. Osobe koje su u na\u0161em doma\u0107instvu odgovorne za administraciju va\u0161ih podataka su ku\u0107edoma\u0107ini, gdin. Silvano Ritossa i g\u0111a. Doris Ritossa.<\/p>","protected":false},"excerpt":{"rendered":"<p>GDPR U skladu s odredbama Zakona o ugostiteljskoj djelatnosti (NN 85\/15, 112\/16), fizi\u010dka osoba koja pru\u017ea usluge smje\u0161taja u doma\u0107instvima &#8211; doma\u0107in, du\u017ena je voditi popis gostiju&#8230;<\/p>\n","protected":false},"author":1,"featured_media":0,"parent":0,"menu_order":0,"comment_status":"closed","ping_status":"closed","template":"","meta":{"footnotes":""},"class_list":["post-4481","page","type-page","status-publish","hentry"],"aioseo_notices":[],"_links":{"self":[{"href":"https:\/\/villa-visnjan.eu\/hr\/wp-json\/wp\/v2\/pages\/4481","targetHints":{"allow":["GET"]}}],"collection":[{"href":"https:\/\/villa-visnjan.eu\/hr\/wp-json\/wp\/v2\/pages"}],"about":[{"href":"https:\/\/villa-visnjan.eu\/hr\/wp-json\/wp\/v2\/types\/page"}],"author":[{"embeddable":true,"href":"https:\/\/villa-visnjan.eu\/hr\/wp-json\/wp\/v2\/users\/1"}],"replies":[{"embeddable":true,"href":"https:\/\/villa-visnjan.eu\/hr\/wp-json\/wp\/v2\/comments?post=4481"}],"version-history":[{"count":2,"href":"https:\/\/villa-visnjan.eu\/hr\/wp-json\/wp\/v2\/pages\/4481\/revisions"}],"predecessor-version":[{"id":4544,"href":"https:\/\/villa-visnjan.eu\/hr\/wp-json\/wp\/v2\/pages\/4481\/revisions\/4544"}],"wp:attachment":[{"href":"https:\/\/villa-visnjan.eu\/hr\/wp-json\/wp\/v2\/media?parent=4481"}],"curies":[{"name":"wp","href":"https:\/\/api.w.org\/{rel}","templated":true}]}}