{"id":454,"date":"2018-04-30T21:47:46","date_gmt":"2018-04-30T19:47:46","guid":{"rendered":"http:\/\/new.villa-visnjan.eu\/hotel-rooms\/"},"modified":"2026-01-02T19:39:54","modified_gmt":"2026-01-02T18:39:54","slug":"apartmani","status":"publish","type":"page","link":"https:\/\/villa-visnjan.eu\/hr\/apartmani\/","title":{"rendered":"Apartmani Villa Vi\u0161njan"},"content":{"rendered":"<p>[vc_row][vc_column]<!-- Section Rooms --><div class=\"section \" ><div class=\"wrapper-inner\"> <!-- Rooms List --><div class=\"widget-rooms-list\"><div class=\"rooms-item\"><div class=\"item-photo\"><a href=\"https:\/\/villa-visnjan.eu\/hr\/rooms\/studio-sole\/\" data-background=\"https:\/\/villa-visnjan.eu\/wp-content\/uploads\/2018\/05\/pro\u010delje-resize-1-600x600.jpg\"><\/a><\/div><div class=\"item-desc\"><h2><a href=\"https:\/\/villa-visnjan.eu\/hr\/rooms\/studio-sole\/\">Studio Sole<\/a><\/h2><p>STUDIO SOLE Studio na prvom katu za 2 odrasle osobe + 2 djece, klima ure\u0111aj, bra\u010dni krevet i kau\u010d na razvla\u010denje, tu\u0161\/WC, fen za kosu, T<\/p><div class=\"desc-features\"><ul> <\/ul><\/div><\/div><div class=\"item-price\"><div class=\"price-inner\"><h3> <\/h3><h4> <\/h4><h5><\/h5><a href=\"\" class=\"btn\" target=\"\"><\/a><\/div><\/div><\/div><div class=\"rooms-item\"><div class=\"item-photo\"><a href=\"https:\/\/villa-visnjan.eu\/hr\/rooms\/apartman-romantico\/\" data-background=\"https:\/\/villa-visnjan.eu\/wp-content\/uploads\/2018\/05\/Apartman-Romantico2-bra\u010dni-krevet-600x600.jpg\"><\/a><\/div><div class=\"item-desc\"><h2><a href=\"https:\/\/villa-visnjan.eu\/hr\/rooms\/apartman-romantico\/\">Apartman Romantico<\/a><\/h2><p>Apartman Romantico Apartman u prizemlju sa 2 odvojene sobe od kojih jedna s bra\u010dnim krevetom, a druga s 2 odvojena kreveta, 1 kupaonica s ka<\/p><div class=\"desc-features\"><ul> <\/ul><\/div><\/div><div class=\"item-price\"><div class=\"price-inner\"><h3> <\/h3><h4> <\/h4><h5><\/h5><a href=\"\" class=\"btn\" target=\"\"><\/a><\/div><\/div><\/div><div class=\"rooms-item\"><div class=\"item-photo\"><a href=\"https:\/\/villa-visnjan.eu\/hr\/rooms\/apartman-stephanie\/\" data-background=\"https:\/\/villa-visnjan.eu\/wp-content\/uploads\/2018\/05\/pro\u010delje-resize-1-600x600.jpg\"><\/a><\/div><div class=\"item-desc\"><h2><a href=\"https:\/\/villa-visnjan.eu\/hr\/rooms\/apartman-stephanie\/\">Apartman Stephanie<\/a><\/h2><p>Apartman STEPHANIE Apartman Stephanie na 2.katu s klima ure\u0111ajem za ukupno 4 osobe: 2 prostorije od kojih jedna s 2 odvojena kreveta, i soba<\/p><div class=\"desc-features\"><ul> <\/ul><\/div><\/div><div class=\"item-price\"><div class=\"price-inner\"><h3> <\/h3><h4> <\/h4><h5><\/h5><a href=\"\" class=\"btn\" target=\"\"><\/a><\/div><\/div><\/div><div class=\"rooms-item\"><div class=\"item-photo\"><a href=\"https:\/\/villa-visnjan.eu\/hr\/rooms\/studio-amore\/\" data-background=\"https:\/\/villa-visnjan.eu\/wp-content\/uploads\/2018\/05\/IMG_20190916_161107-scaled-600x600.jpg\"><\/a><\/div><div class=\"item-desc\"><h2><a href=\"https:\/\/villa-visnjan.eu\/hr\/rooms\/studio-amore\/\">Studio Amore<\/a><\/h2><p>Studio Amore Studio Amore &#8211; Studio apartman na 2. katu za 2 odrasle osobe, bra\u010dni krevet, kupaonica s kadom, WC, su\u0161ilo za kosu, TV i<\/p><div class=\"desc-features\"><ul> <\/ul><\/div><\/div><div class=\"item-price\"><div class=\"price-inner\"><h3> <\/h3><h4> <\/h4><h5><\/h5><a href=\"\" class=\"btn\" target=\"\"><\/a><\/div><\/div><\/div><div class=\"rooms-item\"><div class=\"item-photo\"><a href=\"https:\/\/villa-visnjan.eu\/hr\/rooms\/apartman-duplex-rina\/\" data-background=\"https:\/\/villa-visnjan.eu\/wp-content\/uploads\/2018\/05\/pro\u010delje-resize-1-600x600.jpg\"><\/a><\/div><div class=\"item-desc\"><h2><a href=\"https:\/\/villa-visnjan.eu\/hr\/rooms\/apartman-duplex-rina\/\">Apartman Duplex Rina<\/a><\/h2><p>RINA Apartman na dvije eta\u017ee za ukupno 4 osobe s klima ure\u0111ajem: 2 sobe od kojih jedna s bra\u010dnim krevetom, a druga s 2 odvojena kreveta, 1<\/p><div class=\"desc-features\"><ul> <\/ul><\/div><\/div><div class=\"item-price\"><div class=\"price-inner\"><h3> <\/h3><h4> <\/h4><h5><\/h5><a href=\"\" class=\"btn\" target=\"\"><\/a><\/div><\/div><\/div><div class=\"rooms-item\"><div class=\"item-photo\"><a href=\"https:\/\/villa-visnjan.eu\/hr\/rooms\/studio-marta\/\" data-background=\"https:\/\/villa-visnjan.eu\/wp-content\/uploads\/2018\/05\/marta-dnevni2-600x600.jpg\"><\/a><\/div><div class=\"item-desc\"><h2><a href=\"https:\/\/villa-visnjan.eu\/hr\/rooms\/studio-marta\/\">Studio Marta<\/a><\/h2><p>MARTA Studio na prvom katu za 2 odrasle osobe, s klima ure\u0111ajem, ima 2 odvojena kreveta, tu\u0161\/WC, fen, TV i wifi. Kuhinjski kutak raspola\u017ee<\/p><div class=\"desc-features\"><ul> <\/ul><\/div><\/div><div class=\"item-price\"><div class=\"price-inner\"><h3> <\/h3><h4> <\/h4><h5><\/h5><a href=\"\" class=\"btn\" target=\"\"><\/a><\/div><\/div><\/div><div class=\"rooms-item\"><div class=\"item-photo\"><a href=\"https:\/\/villa-visnjan.eu\/hr\/rooms\/studio-dora\/\" data-background=\"https:\/\/villa-visnjan.eu\/wp-content\/uploads\/2018\/05\/dora-dnevni-600x600.jpg\"><\/a><\/div><div class=\"item-desc\"><h2><a href=\"https:\/\/villa-visnjan.eu\/hr\/rooms\/studio-dora\/\">Studio Dora<\/a><\/h2><p>DORA Studio na prvom katu za 2 odrasle osobe ima bra\u010dni krevet, klima ure\u0111aj, tu\u0161\/WC, fen, TV i wifi. Kuhinja raspola\u017ee plo\u010dom za kuhanj<\/p><div class=\"desc-features\"><ul> <\/ul><\/div><\/div><div class=\"item-price\"><div class=\"price-inner\"><h3> <\/h3><h4> <\/h4><h5><\/h5><a href=\"\" class=\"btn\" target=\"\"><\/a><\/div><\/div><\/div><div class=\"rooms-item\"><div class=\"item-photo\"><a href=\"https:\/\/villa-visnjan.eu\/hr\/rooms\/apartman-duplex-mare\/\" data-background=\"https:\/\/villa-visnjan.eu\/wp-content\/uploads\/2018\/05\/ApartmanMare-2-soba-600x600.jpg\"><\/a><\/div><div class=\"item-desc\"><h2><a href=\"https:\/\/villa-visnjan.eu\/hr\/rooms\/apartman-duplex-mare\/\">Apartman Duplex Mare<\/a><\/h2><p>MARE Apartman za 4 osobe na dvije eta\u017ee, s klima ure\u0111ajem, pogodan za obitelji. Ima 2 prostorije od kojih jedna s pomo\u0107nim le\u017eajem, a dru<\/p><div class=\"desc-features\"><ul> <\/ul><\/div><\/div><div class=\"item-price\"><div class=\"price-inner\"><h3> <\/h3><h4> <\/h4><h5><\/h5><a href=\"\" class=\"btn\" target=\"\"><\/a><\/div><\/div><\/div><div class=\"rooms-item\"><div class=\"item-photo\"><a href=\"https:\/\/villa-visnjan.eu\/hr\/rooms\/apartman-ana\/\" data-background=\"https:\/\/villa-visnjan.eu\/wp-content\/uploads\/2018\/05\/IMG_20190916_154716-scaled-600x600.jpg\"><\/a><\/div><div class=\"item-desc\"><h2><a href=\"https:\/\/villa-visnjan.eu\/hr\/rooms\/apartman-ana\/\">Apartman Ana<\/a><\/h2><p>ANA Studio u prizemlju za 2+1 odrasle osobe ima bra\u010dni krevet i kau\u010d\/le\u017eaj, klima ure\u0111aj, kupaonicu s kadom, WC, fen, TV i wifi. Kuhinja <\/p><div class=\"desc-features\"><ul> <\/ul><\/div><\/div><div class=\"item-price\"><div class=\"price-inner\"><h3> <\/h3><h4> <\/h4><h5><\/h5><a href=\"\" class=\"btn\" target=\"\"><\/a><\/div><\/div><\/div> <\/div><!-- Rooms List End --><!-- Pager --><div class=\"widget-pager\"> <\/div><!-- Pager End --> <\/div><\/div><!-- Section Rooms End -->[\/vc_column][\/vc_row]<\/p>","protected":false},"excerpt":{"rendered":"<p>[vc_row][vc_column][\/vc_column][\/vc_row]<\/p>\n","protected":false},"author":1,"featured_media":0,"parent":0,"menu_order":0,"comment_status":"closed","ping_status":"closed","template":"fullwidth-page.php","meta":{"footnotes":""},"class_list":["post-454","page","type-page","status-publish","hentry"],"aioseo_notices":[],"_links":{"self":[{"href":"https:\/\/villa-visnjan.eu\/hr\/wp-json\/wp\/v2\/pages\/454","targetHints":{"allow":["GET"]}}],"collection":[{"href":"https:\/\/villa-visnjan.eu\/hr\/wp-json\/wp\/v2\/pages"}],"about":[{"href":"https:\/\/villa-visnjan.eu\/hr\/wp-json\/wp\/v2\/types\/page"}],"author":[{"embeddable":true,"href":"https:\/\/villa-visnjan.eu\/hr\/wp-json\/wp\/v2\/users\/1"}],"replies":[{"embeddable":true,"href":"https:\/\/villa-visnjan.eu\/hr\/wp-json\/wp\/v2\/comments?post=454"}],"version-history":[{"count":17,"href":"https:\/\/villa-visnjan.eu\/hr\/wp-json\/wp\/v2\/pages\/454\/revisions"}],"predecessor-version":[{"id":5001,"href":"https:\/\/villa-visnjan.eu\/hr\/wp-json\/wp\/v2\/pages\/454\/revisions\/5001"}],"wp:attachment":[{"href":"https:\/\/villa-visnjan.eu\/hr\/wp-json\/wp\/v2\/media?parent=454"}],"curies":[{"name":"wp","href":"https:\/\/api.w.org\/{rel}","templated":true}]}}