{"id":459,"date":"2018-04-30T21:47:46","date_gmt":"2018-04-30T19:47:46","guid":{"rendered":"http:\/\/new.villa-visnjan.eu\/hotel-term-condition\/"},"modified":"2026-01-10T10:25:37","modified_gmt":"2026-01-10T09:25:37","slug":"uvjeti-poslovanja","status":"publish","type":"page","link":"https:\/\/villa-visnjan.eu\/hr\/uvjeti-poslovanja\/","title":{"rendered":"OP\u0106I UVJETI POSLOVANJA"},"content":{"rendered":"<p>Cijene su izra\u017eene po smje\u0161tajnoj\u00a0 jedinici i podrazumijevaju\u00a0 dnevni najam apartmana, bez obroka.<\/p>\n<p>U cijenu smje\u0161taja uklju\u010deni su registracija, boravi\u0161na pristojba, posteljina, ru\u010dnici, wifi i finalno \u010di\u0161\u0107enje. Ukoliko ste odabrali pomo\u0107ni le\u017eaj za dijete tada je cijena regulirana ovisno o dobi djeteta.<\/p>\n<p>Parkirali\u0161no mjesto u na\u0161em zatvorenom dvori\u0161tu nije uklju\u010deno u cijenu.<\/p>\n<p>Prilikom online rezervacije odabrali ste\u00a0 apartman i termin boravka. Svoj dolazak garantirate kreditnom karticom ili uplatom tra\u017eene akontacije putem bankovne doznake.<\/p>\n<p>Iznos sa Va\u0161e kartice teretimo u cijelosti najkasnije u roku od 48h od nastanka rezervacije.<\/p>\n<p>Prihva\u0107amo sljede\u0107e kreditne kartice: Visa, American Express, Diners i MasterCard.<\/p>\n<p>Postoje ograni\u010denja za rezervaciju vi\u0161e apartmana odjednom. Za svaku rezervaciju potrebno je ponoviti postupak rezervacije zasebno ili obratiti se na na\u0161 e-mail putem kontakt obrasca.<\/p>\n<p>Ako \u017eelite izmijeniti ili otkazati postoje\u0107u rezervaciju, mo\u017eete to u\u010diniti slanjem poruke e-po\u0161te na adresu u kontakt obrascu.<\/p>\n<h4>REZERVACIJU JE MOGU\u0106E OTKAZATI 3 MJESECA UO\u010cI REZERVIRANOG TERMINA BEZ NAKNADE. UKOLIKO OTKA\u017dETE DO NAJKASNIJE 30 DANA UO\u010cI DOLASKA VRA\u0106AMO VAM 50% UPLA\u0106ENOG IZNOSA.<\/h4>\n<h4>ZA NEDOLAZAK ILI NEPRAVOVREMENO OTKAZIVANJE NE ODOBRAVAMO POVRAT NOVCA.<\/h4>\n<h5><\/h5>\n<h2>Potvrda rezervacije<\/h2>\n<p>Ako rezervaciju garantirate kreditnom karticom, rezervacija se potvr\u0111uje u roku od 48h od realizirane uplate.\u00a0 Ako ste odabrali pla\u0107anje putem bankovnog transfera, Va\u0161a je rezervacija na \u010dekanju do primitka uplate na na\u0161 ra\u010dun. U oba slu\u010daja na va\u0161u adresu e-po\u0161te sti\u017ee potvrda rezervacije.<\/p>\n<p>&nbsp;<\/p>\n<h2>CHECK \u2013IN<\/h2>\n<p>Vrijeme prijave regulirano je na\u0161im ku\u0107nim redom koji omogu\u0107uje ulazak u apartman od 17-21h.<\/p>\n<p>Po\u0161aljite nam request putem e-maila s pribli\u017enom satnicom kada namjeravate doputovati kako bismo organizirali osoblje za Va\u0161 do\u010dek.<\/p>\n<p>&nbsp;<\/p>\n<h2>NAPU\u0160TANJE APARTMANA<\/h2>\n<p>Odjava je najkasnije u 10.30h na dan odlaska prema na\u0161im uvjetima poslovanja.<\/p>\n<p>&nbsp;<\/p>\n<h2>Ku\u0107ni ljubimci<\/h2>\n<p>Na\u0161 objekat ne nudi mogu\u0107nost prihvata ku\u0107nih ljubimaca u visokoj sezoni. Molimo Vas za razumijevanje.<\/p>\n<h2>GDPR<\/h2>\n<p>Pro\u010ditajte posebnu <a href=\"http:\/\/new.villa-visnjan.eu\/pravila-privatnosti\/\">rubriku<\/a> na na\u0161em sajtu u kojoj Vam precizno navodimo koji \u0107e nam podaci biti potrebni prilikom check-in-a\u00a0 za podignuti klju\u010deve Va\u0161eg apartmana.<\/p>","protected":false},"excerpt":{"rendered":"<p>Cijene su izra\u017eene po smje\u0161tajnoj\u00a0 jedinici i podrazumijevaju\u00a0 dnevni najam apartmana, bez obroka. U cijenu smje\u0161taja uklju\u010deni su registracija, boravi\u0161na pristojba, posteljina, ru\u010dnici, wifi i finalno \u010di\u0161\u0107enje&#8230;.<\/p>\n","protected":false},"author":1,"featured_media":0,"parent":0,"menu_order":0,"comment_status":"closed","ping_status":"closed","template":"","meta":{"footnotes":""},"class_list":["post-459","page","type-page","status-publish","hentry"],"aioseo_notices":[],"_links":{"self":[{"href":"https:\/\/villa-visnjan.eu\/hr\/wp-json\/wp\/v2\/pages\/459","targetHints":{"allow":["GET"]}}],"collection":[{"href":"https:\/\/villa-visnjan.eu\/hr\/wp-json\/wp\/v2\/pages"}],"about":[{"href":"https:\/\/villa-visnjan.eu\/hr\/wp-json\/wp\/v2\/types\/page"}],"author":[{"embeddable":true,"href":"https:\/\/villa-visnjan.eu\/hr\/wp-json\/wp\/v2\/users\/1"}],"replies":[{"embeddable":true,"href":"https:\/\/villa-visnjan.eu\/hr\/wp-json\/wp\/v2\/comments?post=459"}],"version-history":[{"count":6,"href":"https:\/\/villa-visnjan.eu\/hr\/wp-json\/wp\/v2\/pages\/459\/revisions"}],"predecessor-version":[{"id":4590,"href":"https:\/\/villa-visnjan.eu\/hr\/wp-json\/wp\/v2\/pages\/459\/revisions\/4590"}],"wp:attachment":[{"href":"https:\/\/villa-visnjan.eu\/hr\/wp-json\/wp\/v2\/media?parent=459"}],"curies":[{"name":"wp","href":"https:\/\/api.w.org\/{rel}","templated":true}]}}