{"id":3233,"date":"2018-04-30T13:16:49","date_gmt":"2018-04-30T11:16:49","guid":{"rendered":"https:\/\/new.villa-visnjan.eu\/?page_id=3233"},"modified":"2026-01-02T19:54:31","modified_gmt":"2026-01-02T18:54:31","slug":"visnjan","status":"publish","type":"page","link":"https:\/\/villa-visnjan.eu\/it\/visnjan\/","title":{"rendered":"Vi\u0161njan &#8211; Visignano, , Pore\u010d, Istria, Croatia"},"content":{"rendered":"<p><\/p>\n<h2>VI\u0160NJAN<\/h2>\n<p>Il nome deriva probabilmente dal latino Vicinianus, ovvero, nelle vicinanze. Nel passato Visignano era soggetto a Parenzo, prima come ager e pi\u00f9 avanti come parte della Colonia Iulia. Pi\u00f9 tardi passer\u00e0 nelle mani del Vescovo di Parenzo, fino al 1203, per cadere poi sotto l&#8217;amministrazione dei nobili di Montona, con cui, dal 1287-1797 era sottomesso alla Repubblica di Venezia. La presenza di Venezia \u00e8 testimoniata dalle opere architettoniche (entrata nella citt\u00e0 vecchia con lo stemma del leone). La Villa Vi\u0161njan \u00e8 situata proprio nella parte pi\u00f9 antica della citt\u00e0. Nel passato si svolgeva qui la vita mondana, ovvero nella piazza di fronte alla chiesa e nella bella loggia settecentesca. Il frontespizio della chiesa parrocchiale rappresenta lo stile classicistico. Il campanile di 27 m di altezza \u00e8 separato dalla pianta dell&#8217;edificio principale. Sempre verso la piazza guarda il palazzo dei nobili Sincic, ristrutturato da poco. All&#8217;inizio della via stretta di Silvio Fortuna si trova il gioiello pi\u00f9 bello, la chiesetta di San Antonio, quattrocentesca. Al suo interno ci sono affreschi antichi e graffiti in scrittura glagolitica.<br \/>\nVisignano \u00e8 una cittadina dove molte famiglie producono vini di ottima qualit\u00e0. La maggior parte degli abitanti lavora presso le ditte turistiche di Parenzo, Orsera o Lanterna presso Torre. Questa cittadina ha anche il proprio osservatorio, portato avanti dal professore Korado Korlevic, noto astronomo croato.<\/p>\n<p>&nbsp;<\/p>\n<h2>OSSERVATORIO<\/h2>\n<p><img loading=\"lazy\" decoding=\"async\" class=\"size-medium wp-image-4108 alignright\" src=\"http:\/\/new.villa-visnjan.eu\/wp-content\/uploads\/2018\/05\/zvjezdarnica-300x231.jpg\" alt=\"\" width=\"300\" height=\"231\" srcset=\"https:\/\/villa-visnjan.eu\/wp-content\/uploads\/2018\/05\/zvjezdarnica-300x231.jpg 300w, https:\/\/villa-visnjan.eu\/wp-content\/uploads\/2018\/05\/zvjezdarnica-768x591.jpg 768w, https:\/\/villa-visnjan.eu\/wp-content\/uploads\/2018\/05\/zvjezdarnica.jpg 1024w, https:\/\/villa-visnjan.eu\/wp-content\/uploads\/2018\/05\/zvjezdarnica-600x462.jpg 600w\" sizes=\"auto, (max-width: 300px) 100vw, 300px\" \/>Se vi piace esplorare nuovi posti e incontrare nuova gente la nostra cittadina fa proprio per voi. Accanto alla viticoltura ed al turismo a Visignano opera un gruppetto di fervidi entusiasti che si occupano di osservare il cielo. Il club degli astronomi \u00e8 attivo da qualche decennio ed \u00e8 riuscito a lanciare il nome di questa piccola cittadina di soli 2400 abitanti in tutto il mondo. Gli astronomi del club sono riusciti ad intravvedere nel 1998 pi\u00f9 di 370 asteroidi nuovi , che sarebbe la somma di tutti gli asterodi scoperti insieme a Nizza, Vienna, Pola o Belgrado nella storia. L&#8217;anno dopo i risultati furono ancor pi\u00f9 sorprendenti, ne scoprono altri 923, due comete ed un potenziale pericoloso corpo volante!<br \/>\nGi\u00e0 col 2003 l&#8217;osservatorio di Visignano diventa uno dei centri pi\u00f9 produttivi di tutti i tempi. Si decide allora di allargare l&#8217;attivit\u00e0 fuori il centro abitato e di dar vita ad un osservatorio nuovo a Ti\u0107an, nei pressi di Visignano. Il club continua a scoprire fenomeni nuovi e inizia con un fervido lavoro di istruzione della giovent\u00f9. Gi\u00e0 da anni \u00e8 attiva a Visignano la &#8220;Scuola internazionale di astronomia&#8221;, per le eccellenze. L&#8217;osservatorio \u00e8 stato promosso a uno dei 19 centri mondiali d&#8217;eccellenza (Network of excellence). Alcuni dei membri del club di astronomia oggi sono dipendenti della NASA. In collaborazione con un network tedesco \u201eEuropean fireball network&#8221; a Visignao \u00e8 stata posizionata la telecamera nr.77 per il monitoraggio del comportamento delle meteoriti.<\/p>\n<p>&nbsp;<\/p>\n<h2>GROTTA BAREDINE<\/h2>\n<p><img loading=\"lazy\" decoding=\"async\" class=\"size-medium wp-image-4109 alignright\" src=\"http:\/\/new.villa-visnjan.eu\/wp-content\/uploads\/2018\/05\/Jama-Baredine-dvorana-300x199.jpg\" alt=\"\" width=\"300\" height=\"199\" srcset=\"https:\/\/villa-visnjan.eu\/wp-content\/uploads\/2018\/05\/Jama-Baredine-dvorana-300x199.jpg 300w, https:\/\/villa-visnjan.eu\/wp-content\/uploads\/2018\/05\/Jama-Baredine-dvorana-768x510.jpg 768w, https:\/\/villa-visnjan.eu\/wp-content\/uploads\/2018\/05\/Jama-Baredine-dvorana.jpg 1024w, https:\/\/villa-visnjan.eu\/wp-content\/uploads\/2018\/05\/Jama-Baredine-dvorana-600x398.jpg 600w\" sizes=\"auto, (max-width: 300px) 100vw, 300px\" \/>L&#8217;Istria \u00e8 ricchissima di monumenti naturali geomorfologici che si sono creati nel corso di millenni.<br \/>\nIl mondo sotterraneo della grotta di Baredine \u00e9 ricco di stalagmiti e stalattiti, di sculture sotterranee create dal lavorio paziente dell&#8217;acqua. La visita guidata della grotta dura 40 minuti lungo 5 gallerie sotteranee. In una delle sale passerete accanto ad un pozzo largo 4 m e profondo 66 m che scende fino ai laghi sotteranei. Un aspetto interessante di questa impresa avventurosa \u00e9 soprattutto l&#8217;incontro con il mondo animale sotterraneo: vedrete il proteo, specie animale endemica che vive solo in queste zone carsiche.<br \/>\nContenuti esterni: punto informativo per la vendita di biglietti, cartoline, souvenir.<br \/>\nRistorante all&#8217;aperto. Piccola mostra di trattori (traktor story).<\/p>\n<p>&nbsp;<\/p>\n<h2>PISTE CICLABILI<\/h2>\n<p><strong>(Vi\u0161njan \u2013 Markovac \u2013 Jadruhi \u2013 Ba\u0161koti \u2013 Prhati \u2013 Rapavel- Radovani \u2013 Ba\u010dva)<\/strong><\/p>\n<h2><\/h2>\n<p><img loading=\"lazy\" decoding=\"async\" class=\"size-medium wp-image-4110 alignright\" src=\"http:\/\/new.villa-visnjan.eu\/wp-content\/uploads\/2018\/05\/bike-staze2-300x198.jpg\" alt=\"\" width=\"300\" height=\"198\" srcset=\"https:\/\/villa-visnjan.eu\/wp-content\/uploads\/2018\/05\/bike-staze2-300x198.jpg 300w, https:\/\/villa-visnjan.eu\/wp-content\/uploads\/2018\/05\/bike-staze2-768x508.jpg 768w, https:\/\/villa-visnjan.eu\/wp-content\/uploads\/2018\/05\/bike-staze2.jpg 1024w, https:\/\/villa-visnjan.eu\/wp-content\/uploads\/2018\/05\/bike-staze2-600x397.jpg 600w\" sizes=\"auto, (max-width: 300px) 100vw, 300px\" \/>Non si tratta di alcuna metafora: se non lo sapevate, qui potrete trovare un osservatorio astronomico che, in base ai suoi ritrovamenti, viene annoverato tra i 5 osservatori pi\u00f9 importanti del mondo. Dal suo telescopio sono stati scoperti oltre 1400 piccoli pianeti del sistema solare.<br \/>\nLungo il percorso delle stelle potrete visitare la chiesa parrocchiale neoclassica dei SS. Quirico e Giulita del XIX secolo, con un imponente campanile e guardate le sue due belle pale d&#8217;altare \u2013 pezzi d&#8217;arte del maestro Zorzi Ventura. All&#8217;inizio della strada principale di Visignano troverete la chiesa medievale di S. Antonio Abate con scritte glagolitiche del 1550 ed inoltre i preziosi resti degli affreschi di Domenico da Udine. Proseguite oltre, lungo il percorso attraverso il docile paesaggio di S. Marco, Ba\u0161koti, Vrani\u0107i e Prhati fino a Montaver.<br \/>\nSulla vostra via di ritorno, nell&#8217;altipiano 3 km a sud da Visignano, proseguite attraverso un piccolo villaggio che si chiama Mondellebotte. Qui potrete riflettere sul nome ispirativo di questo affascinante villaggio, vi troverete la chiesa di S. Giacomo del XII secolo ed inoltre, a cento metri di distanza la chiesa della Beata Vergine Maria (XIV\/XV), circondata da una rigogliosa vegetazione e dalle case.<\/p>\n<p>Caratteristiche tecniche del percorso:<br \/>\nPartenza: Visignano<br \/>\nArrivo:Visignano<br \/>\nLunghezza: 24.5 km<br \/>\nGrado di difficolt\u00e0: lieve<br \/>\nPunto massimo: 306m<br \/>\nPunto minimo:331m<br \/>\nAsfalto: 16.7<br \/>\nSterrato: 7.8<\/p>\n<p>Altre piste ciclabili che attraversano Vi\u0161njan:<br \/>\n-Pista ciclabile Eufrazijana<br \/>\n-Pista ciclabile di San Mauro<br \/>\n-Pista ciclabile di San Mihele<br \/>\n-Pista della 15.tappa del Giro d&#8217;Italia<\/p>\n<p>&nbsp;<\/p>\n<p>&nbsp;<\/p>\n<h2>LA PARENZANA<\/h2>\n<p><img loading=\"lazy\" decoding=\"async\" class=\"size-medium wp-image-4111 alignright\" src=\"http:\/\/new.villa-visnjan.eu\/wp-content\/uploads\/2018\/05\/staza-parenzana-300x198.jpg\" alt=\"\" width=\"300\" height=\"198\" srcset=\"https:\/\/villa-visnjan.eu\/wp-content\/uploads\/2018\/05\/staza-parenzana-300x198.jpg 300w, https:\/\/villa-visnjan.eu\/wp-content\/uploads\/2018\/05\/staza-parenzana-768x508.jpg 768w, https:\/\/villa-visnjan.eu\/wp-content\/uploads\/2018\/05\/staza-parenzana.jpg 1024w, https:\/\/villa-visnjan.eu\/wp-content\/uploads\/2018\/05\/staza-parenzana-600x397.jpg 600w\" sizes=\"auto, (max-width: 300px) 100vw, 300px\" \/>Antica tratta ferroviaria con binario a scartamento ridotto lunga 123.1 km collegava trentatr\u00e9 localit\u00e0 istriane da Trieste a Parenzo. I primi costruttori chiamarono la tratta Parenzaner Bahn, la popolazione slovena l&#8217;aveva denominata Istrijanka, Istranka, Pore\u0161ka o Pore\u010danka; la popolazione italiana invece la chiamava Parenzana. Oltre ai passeggeri questa ferrovia trasportava anche il sale dalle saline di Pirano e di Sicciole, l&#8217;olio d&#8217;oliva dalla zona di Buie e Montona, frutta, verdura, pietra carsica, calce, legno, farina e vino. La ferrovia fu dismessa nel 1935, dopo soli 33 anni di vita, lasciando un segno indelebile in tutto il territorio.<br \/>\nAnche se la Parenzana solo fino a poco tempo fa fu soltanto un rudere romantico, in alcune parti quasi irriconoscibile, ricoperta dalla verzura del panorama collinare, la vecchia ferrovia con binario a scartamento ridotto che viaggiava attraverso il pittoresco paesaggio tra Parenzo e Trieste come una linea della vita sul palmo della mano, \u00e8 profondamente incisa nella carta del destino della Penisola Istriana.<br \/>\nPochi anni fa si \u00e8 proceduto con la revitalizzazione di questa storica tratta. Ora essa \u00e8 diventata un interessantissimo percorso ciclabile oppure un sentiero adatto a praticare trekking. L&#8217;intero progetto porta il nome di &#8220;Parenzana- Via della Salute e dell&#8217;amicizia&#8221;.<br \/>\nVi invitiamo alla gara ciclistica per tutti i livelli che si tiene ogni primavera lungo la Parenzana, a pochi chilometri da Vi\u0161njan. Il punto d&#8217;arrivo con una grande festa in piazza viene organizzato a Visinada.<br \/>\n(Fonti: www.parenzana.hr)<\/p>","protected":false},"excerpt":{"rendered":"<p>VI\u0160NJAN Il nome deriva probabilmente dal latino Vicinianus, ovvero, nelle vicinanze. Nel passato Visignano era soggetto a Parenzo, prima come ager e pi\u00f9 avanti come parte della&#8230;<\/p>\n","protected":false},"author":1,"featured_media":4094,"parent":0,"menu_order":0,"comment_status":"closed","ping_status":"closed","template":"","meta":{"footnotes":""},"class_list":["post-3233","page","type-page","status-publish","has-post-thumbnail","hentry"],"aioseo_notices":[],"_links":{"self":[{"href":"https:\/\/villa-visnjan.eu\/it\/wp-json\/wp\/v2\/pages\/3233","targetHints":{"allow":["GET"]}}],"collection":[{"href":"https:\/\/villa-visnjan.eu\/it\/wp-json\/wp\/v2\/pages"}],"about":[{"href":"https:\/\/villa-visnjan.eu\/it\/wp-json\/wp\/v2\/types\/page"}],"author":[{"embeddable":true,"href":"https:\/\/villa-visnjan.eu\/it\/wp-json\/wp\/v2\/users\/1"}],"replies":[{"embeddable":true,"href":"https:\/\/villa-visnjan.eu\/it\/wp-json\/wp\/v2\/comments?post=3233"}],"version-history":[{"count":21,"href":"https:\/\/villa-visnjan.eu\/it\/wp-json\/wp\/v2\/pages\/3233\/revisions"}],"predecessor-version":[{"id":5013,"href":"https:\/\/villa-visnjan.eu\/it\/wp-json\/wp\/v2\/pages\/3233\/revisions\/5013"}],"wp:featuredmedia":[{"embeddable":true,"href":"https:\/\/villa-visnjan.eu\/it\/wp-json\/wp\/v2\/media\/4094"}],"wp:attachment":[{"href":"https:\/\/villa-visnjan.eu\/it\/wp-json\/wp\/v2\/media?parent=3233"}],"curies":[{"name":"wp","href":"https:\/\/api.w.org\/{rel}","templated":true}]}}