{"id":3235,"date":"2018-04-30T13:17:08","date_gmt":"2018-04-30T11:17:08","guid":{"rendered":"https:\/\/new.villa-visnjan.eu\/?page_id=3235"},"modified":"2026-01-10T10:26:53","modified_gmt":"2026-01-10T09:26:53","slug":"plaze","status":"publish","type":"page","link":"https:\/\/villa-visnjan.eu\/it\/plaze\/","title":{"rendered":"Spiagge"},"content":{"rendered":"<p>Vi\u0161njan fa parte dell&#8217;entroterra parentino ed \u00e8 una specie di periferia della citt\u00e0 di Parenzo. Per questo motivo le spiagge pi\u00f9 vicine sono quelle dell&#8217;omonimo aquatorio il quale si protende dalla foce del fiume Quieto (Mirna) a nord, fino al limes o Canal di Leme, a sud. Proponiamo qui alcune spiagge presso Parenzo ed altre idee escursionistiche:<\/p>\n<h2>-Suggerimenti-<\/h2>\n<h3>Lanterna<\/h3>\n<p><img loading=\"lazy\" decoding=\"async\" class=\"size-thumbnail wp-image-4240 alignleft\" src=\"http:\/\/new.villa-visnjan.eu\/wp-content\/uploads\/2018\/05\/lanterna1-150x150.jpg\" alt=\"\" width=\"150\" height=\"150\" srcset=\"https:\/\/villa-visnjan.eu\/wp-content\/uploads\/2018\/05\/lanterna1-150x150.jpg 150w, https:\/\/villa-visnjan.eu\/wp-content\/uploads\/2018\/05\/lanterna1-650x650.jpg 650w, https:\/\/villa-visnjan.eu\/wp-content\/uploads\/2018\/05\/lanterna1-300x300.jpg 300w, https:\/\/villa-visnjan.eu\/wp-content\/uploads\/2018\/05\/lanterna1-100x100.jpg 100w\" sizes=\"auto, (max-width: 150px) 100vw, 150px\" \/>E&#8217; una penisola sotto al villaggio di Torre di Parenzo, a 10 km da Vi\u0161njan. La penisola offre chilometri di spiagge soleggiate o nascoste dall&#8217;ombra di pini e altra flora tipicamente mediterranea e un alternarsi di cemento, ghiaia e scogli. A sud della penisola c&#8217;e&#8217; anche una bella spiaggia FKK. Da Vi\u0161njan si pu\u00f2 raggiungere la Lanterna con la corriera di linea, ma solo nel periodo estivo. Proponiamo di iniziare la giornata nella baia di Valletta. Qui troverete tante opportunit\u00e0 per ogni tipo di sport sull&#8217;acqua. Ci sono ristoranti, bar e gelaterie. Molto spazio sia al sole che all&#8217;ombra. Il ticket giornaliero per la macchina costa ca.8 Eur.<\/p>\n<h3>Materada<\/h3>\n<p><img loading=\"lazy\" decoding=\"async\" class=\"size-thumbnail wp-image-4253 alignright\" src=\"http:\/\/new.villa-visnjan.eu\/wp-content\/uploads\/2018\/05\/plaza-luna-150x150.jpg\" alt=\"\" width=\"150\" height=\"150\" srcset=\"https:\/\/villa-visnjan.eu\/wp-content\/uploads\/2018\/05\/plaza-luna-150x150.jpg 150w, https:\/\/villa-visnjan.eu\/wp-content\/uploads\/2018\/05\/plaza-luna-650x650.jpg 650w, https:\/\/villa-visnjan.eu\/wp-content\/uploads\/2018\/05\/plaza-luna-300x300.jpg 300w, https:\/\/villa-visnjan.eu\/wp-content\/uploads\/2018\/05\/plaza-luna-100x100.jpg 100w\" sizes=\"auto, (max-width: 150px) 100vw, 150px\" \/>La zona di Materada si trova nella parte nord di Pore\u010d. Qui si pu\u00f2 lasciare la macchina in un boschetto vicino alla spiaggia. La spiaggia non \u00e8 affollata ed \u00e8 un po&#8217; intatta. Ci sono scogli e qualche baretto all&#8217;ombra. Sempre in zona c&#8217;e&#8217; anche un albergo la cui spiaggia e&#8217; attrezzata e munita di docce e spogliatoi, come anche di un parco per bambini con le altalene.<\/p>\n<h3>Naftaplin<\/h3>\n<p><img decoding=\"async\" class=\"alignleft\" src=\"http:\/\/new.villa-visnjan.eu\/wp-content\/uploads\/2018\/05\/plaza-pical-150x150.jpg\" \/>Questa \u00e8 la spiaggia cittadina di Pore\u010d\/ Parenzo. \u00c8 ben tenuta, con docce e spogliatoi e possibilit\u00e0 di noleggio di pedal\u00f2. Ci sono dei piccoli ristorantini ed un boschetto di pini. L&#8217;entrata del parcheggio a pagamento si trova in via Rade Koncar. La spiaggia \u00e8 molto vicina al centro della citt\u00e0. Il lungo mare collega il centro con le zone di Brulo e Plava Laguna. A settembre questa spiaggia ospita una maratona ricreativa di nuoto per tutte le et\u00e0.<\/p>\n<h3>Plava Laguna<\/h3>\n<p><img loading=\"lazy\" decoding=\"async\" class=\"size-thumbnail wp-image-4247 alignright\" src=\"http:\/\/new.villa-visnjan.eu\/wp-content\/uploads\/2018\/05\/plava-laguna-150x150.jpg\" alt=\"\" width=\"150\" height=\"150\" srcset=\"https:\/\/villa-visnjan.eu\/wp-content\/uploads\/2018\/05\/plava-laguna-150x150.jpg 150w, https:\/\/villa-visnjan.eu\/wp-content\/uploads\/2018\/05\/plava-laguna-650x650.jpg 650w, https:\/\/villa-visnjan.eu\/wp-content\/uploads\/2018\/05\/plava-laguna-300x300.jpg 300w, https:\/\/villa-visnjan.eu\/wp-content\/uploads\/2018\/05\/plava-laguna-100x100.jpg 100w\" sizes=\"auto, (max-width: 150px) 100vw, 150px\" \/>Tradotto in italiano Plava Laguna significa &#8216;Laguna Blu&#8217;. Questa spiaggia \u00e8 carina ma molto affolata. Si trova a sud di Pore\u010d nell&#8217;omonimo resort. Qui fanno il bagno sia gli ospiti del resort che i cittadini di Parenzo. La spiaggia \u00e8 attrezzata e offre diverse possibilit\u00e0 per il divertimento sull&#8217;acqua.<\/p>\n<h3>Zelena Laguna<\/h3>\n<p>Tradotto in italiano significa &#8216;Laguna Verde&#8217;. Questa spiaggia \u00e8 carina e molto varia. Zone con ghiaia si alternano a scogli o isole cementate. Si trova a sud di Pore\u010d in una specie di resort con alberghi e campeggi. L&#8217;ingresso con la macchina \u00e8 a pagamento. Ci sono molte opportunit\u00e0 per praticare sport (beach volley, tennis, tennis da tavolo). La sorpresa di questa spiaggia \u00e8 sicuramente lo SKI-LIFT sull&#8217;acqua. Avete mai provato a sciare sull&#8217;acqua trainati da una funivia? Cercate di impararlo a Parenzo!<\/p>\n<h3>Canal di Leme<\/h3>\n<p>Il Canal di Leme assomiglia ad un fiordo scandinavo ed \u00e8 per questo motivo che le guide turistiche lo denominano molto spesso &#8220;Lim-fjord&#8221;. Giacch\u00e8 si tratta di una zona protetta, consigliamo di accedervi in barca, partendo dal porto di Pore\u010d. Le escursioni in barca che partono ogni giorno dal porto di Porec, prevedono spesso un pic-nic a base di pesce ed un bagno nelle acque del canale. Sulla barca c&#8217;e&#8217; sempre una guida turistica che da&#8217; spiegazioni riguardanti al territorio costiero. Sbarcando dalla nave nella zona escursionistica potrete acquistare le grappe istriane ed altri souvenir.<\/p>\n<h3>Parco naturale delle Isole Brioni<\/h3>\n<p>Nel porto di Fazana (40 km sud da Vi\u0161njan) si trova il centro informazioni delle Brioni. Qui troverete l&#8217;orario delle imbarcazioni e altre info. Si tratta di un Parco naturale ed exresidenza estiva del Maresciallo Tito, dove si pu\u00f2 accedere solamente accompagnati dalla guida turistica del parco.<br \/>\nNel porto di Fasana a sud della riva cittadina c&#8217;e&#8217; una bella spiaggia di ghiaia. Da questa spiaggia si pu\u00f2 ammirare l&#8217;arcipelago delle Brioni. Proponiamo di fare il bagno qui,prima o dopo l&#8217;escursione sull&#8217;isola.<\/p>\n<h3>Capo Promontore (Rt Kamenjak)<\/h3>\n<p><img loading=\"lazy\" decoding=\"async\" class=\"wp-image-4250 size-thumbnail alignleft\" src=\"http:\/\/new.villa-visnjan.eu\/wp-content\/uploads\/2018\/05\/plaza-gortanova-uvala-150x150.jpg\" alt=\"\" width=\"150\" height=\"150\" srcset=\"https:\/\/villa-visnjan.eu\/wp-content\/uploads\/2018\/05\/plaza-gortanova-uvala-150x150.jpg 150w, https:\/\/villa-visnjan.eu\/wp-content\/uploads\/2018\/05\/plaza-gortanova-uvala-650x650.jpg 650w, https:\/\/villa-visnjan.eu\/wp-content\/uploads\/2018\/05\/plaza-gortanova-uvala-300x300.jpg 300w, https:\/\/villa-visnjan.eu\/wp-content\/uploads\/2018\/05\/plaza-gortanova-uvala-100x100.jpg 100w\" sizes=\"auto, (max-width: 150px) 100vw, 150px\" \/>Il Capo Promontore \u00e8 una zona tutelata con strade sterrate; la via principale corre verso sud in direzione del capo, ramificandosi in numerosi percorsi secondari. Qui ci sono oltre 550 diverse specie vegetali, 5 delle quali sono endogene e vivono esclusivamente in questo ambiente. Seppur completamente disabitato, il parco ospita al suo interno numerose attivit\u00e0 agricole e di allevamento. Un attrazione per i bambini sono i ritrovamenti delle zampe di dinosauri che nel passato abitavano proprio qua&#8217;. Le spiagge sono ottime per il windsurf.<\/p>\n<h3>Tequila -Pical<\/h3>\n<p>Denominata Tequila come il piccolo baretto da dove si pu\u00f2 ammirare l&#8217;antica Parenzo ed il Complesso della Basilica, questa spiaggia si trova a Pore\u010d nord, nei pressi della stazione di rifornimento Crodux. Parcheggiate nella Via Nikola Tesla. Qui entrerete nella zona pedonale di Pical dove troverete tanti bei posti all&#8217;ombra per famiglie o coppiette. Nell&#8217;omonimo boschetto c&#8217;e&#8217; una zona di mini-golf dove potrete giocare con i vostri figli. La spiaggia \u00e8 molto vicina al centro storico e perci\u00f2 proponiamo di fare una pausa facendo quattro passi per la citt\u00e0.<\/p>","protected":false},"excerpt":{"rendered":"<p>Vi\u0161njan fa parte dell&#8217;entroterra parentino ed \u00e8 una specie di periferia della citt\u00e0 di Parenzo. Per questo motivo le spiagge pi\u00f9 vicine sono quelle dell&#8217;omonimo aquatorio il&#8230;<\/p>\n","protected":false},"author":1,"featured_media":4253,"parent":0,"menu_order":0,"comment_status":"closed","ping_status":"closed","template":"","meta":{"footnotes":""},"class_list":["post-3235","page","type-page","status-publish","has-post-thumbnail","hentry"],"aioseo_notices":[],"_links":{"self":[{"href":"https:\/\/villa-visnjan.eu\/it\/wp-json\/wp\/v2\/pages\/3235","targetHints":{"allow":["GET"]}}],"collection":[{"href":"https:\/\/villa-visnjan.eu\/it\/wp-json\/wp\/v2\/pages"}],"about":[{"href":"https:\/\/villa-visnjan.eu\/it\/wp-json\/wp\/v2\/types\/page"}],"author":[{"embeddable":true,"href":"https:\/\/villa-visnjan.eu\/it\/wp-json\/wp\/v2\/users\/1"}],"replies":[{"embeddable":true,"href":"https:\/\/villa-visnjan.eu\/it\/wp-json\/wp\/v2\/comments?post=3235"}],"version-history":[{"count":8,"href":"https:\/\/villa-visnjan.eu\/it\/wp-json\/wp\/v2\/pages\/3235\/revisions"}],"predecessor-version":[{"id":4479,"href":"https:\/\/villa-visnjan.eu\/it\/wp-json\/wp\/v2\/pages\/3235\/revisions\/4479"}],"wp:featuredmedia":[{"embeddable":true,"href":"https:\/\/villa-visnjan.eu\/it\/wp-json\/wp\/v2\/media\/4253"}],"wp:attachment":[{"href":"https:\/\/villa-visnjan.eu\/it\/wp-json\/wp\/v2\/media?parent=3235"}],"curies":[{"name":"wp","href":"https:\/\/api.w.org\/{rel}","templated":true}]}}