{"id":3237,"date":"2018-04-30T13:17:30","date_gmt":"2018-04-30T11:17:30","guid":{"rendered":"https:\/\/new.villa-visnjan.eu\/?page_id=3237"},"modified":"2026-01-10T10:27:48","modified_gmt":"2026-01-10T09:27:48","slug":"porec","status":"publish","type":"page","link":"https:\/\/villa-visnjan.eu\/it\/porec\/","title":{"rendered":"Pore\u010d &#8211; Parenzo"},"content":{"rendered":"<p><img loading=\"lazy\" decoding=\"async\" class=\"size-medium wp-image-3257 alignright\" src=\"https:\/\/new.villa-visnjan.eu\/wp-content\/uploads\/2018\/04\/Image00005-300x200.jpg\" alt=\"\" width=\"300\" height=\"200\" \/><img loading=\"lazy\" decoding=\"async\" class=\"size-full wp-image-4096 alignleft\" src=\"http:\/\/new.villa-visnjan.eu\/wp-content\/uploads\/2018\/05\/porec.jpg\" alt=\"Pore\u010d\" width=\"250\" height=\"250\" srcset=\"https:\/\/villa-visnjan.eu\/wp-content\/uploads\/2018\/05\/porec.jpg 250w, https:\/\/villa-visnjan.eu\/wp-content\/uploads\/2018\/05\/porec-150x150.jpg 150w, https:\/\/villa-visnjan.eu\/wp-content\/uploads\/2018\/05\/porec-100x100.jpg 100w\" sizes=\"auto, (max-width: 250px) 100vw, 250px\" \/>I manoscritti degli antichi storici e geografi Greci risalenti al 6\u00b0 e 4\u00b0 sec. a.C. testimoniano di un piccolo villaggio di pescatori, e i reperti archeologici di dimore umane risalenti a quell&#8217;epoca. I lineamenti urbani di Parenzo si riscontrano in una regolare distribuzione geometrica, contraddistinta dalle vie principali Cardo Maximus e Decumanus, e dal foro romano Marafor (derivante dal latino Maior Forum), la piazza centrale. Lo status di citt\u00e0, altres\u00ec di Municipium, Parenzo lo ottenne nella prima met\u00e0 del 1\u00b0 sec. a.C. quando acquis\u00ec il nome di Colonia Iulia Parentium.<br \/>\nMauro, il primo vescovo di Parenzo, fu vittima di una delle tante persecuzioni rivolte contro i Cristiani, avvenuta nel 3\u00b0 sec. d.C., divenendo poi il patrono della citt\u00e0. Il vescovo Eufrasio fece costruire una basilica \u2013 un cimelio dell&#8217;architettura famoso in tutto il mondo, divenuto nel 1998 patrimonio mondiale tutelato dall&#8217;UNESCO.<br \/>\nIl dominio pi\u00f9 lungo sulla citt\u00e0, durato oltre cinque secoli, lo esercit\u00f2 la Serenissima. Con la dissoluzione della Repubblica di Venezia, Parenzo ricadde sotto un breve dominio dell&#8217;Impero d&#8217;Austria, seguito gi\u00e0 nel 1805 dall&#8217;avvento dell&#8217;Impero francese di Napoleone. Dal 1815 al 1918 la citt\u00e0 ritorna nuovamente agli austriaci. \u00c8 un motivo di vanto per la citt\u00e0 il fatto che sotto il dominio della monarchia Austro-Ungarica nel 1861 divenne capitale dell&#8217;Istria e sede della Dieta istriana quale massima autorit\u00e0 regionale. Nel 1943 Parenzo, con il resto dell&#8217;Istria, fu annessa alla Croazia, all&#8217;epoca parte della Jugoslavia, divenuta nel 1990 stato indipendente.<\/p>","protected":false},"excerpt":{"rendered":"<p>I manoscritti degli antichi storici e geografi Greci risalenti al 6\u00b0 e 4\u00b0 sec. a.C. testimoniano di un piccolo villaggio di pescatori, e i reperti archeologici di&#8230;<\/p>\n","protected":false},"author":1,"featured_media":4182,"parent":0,"menu_order":0,"comment_status":"closed","ping_status":"closed","template":"","meta":{"footnotes":""},"class_list":["post-3237","page","type-page","status-publish","has-post-thumbnail","hentry"],"aioseo_notices":[],"_links":{"self":[{"href":"https:\/\/villa-visnjan.eu\/it\/wp-json\/wp\/v2\/pages\/3237","targetHints":{"allow":["GET"]}}],"collection":[{"href":"https:\/\/villa-visnjan.eu\/it\/wp-json\/wp\/v2\/pages"}],"about":[{"href":"https:\/\/villa-visnjan.eu\/it\/wp-json\/wp\/v2\/types\/page"}],"author":[{"embeddable":true,"href":"https:\/\/villa-visnjan.eu\/it\/wp-json\/wp\/v2\/users\/1"}],"replies":[{"embeddable":true,"href":"https:\/\/villa-visnjan.eu\/it\/wp-json\/wp\/v2\/comments?post=3237"}],"version-history":[{"count":5,"href":"https:\/\/villa-visnjan.eu\/it\/wp-json\/wp\/v2\/pages\/3237\/revisions"}],"predecessor-version":[{"id":4410,"href":"https:\/\/villa-visnjan.eu\/it\/wp-json\/wp\/v2\/pages\/3237\/revisions\/4410"}],"wp:featuredmedia":[{"embeddable":true,"href":"https:\/\/villa-visnjan.eu\/it\/wp-json\/wp\/v2\/media\/4182"}],"wp:attachment":[{"href":"https:\/\/villa-visnjan.eu\/it\/wp-json\/wp\/v2\/media?parent=3237"}],"curies":[{"name":"wp","href":"https:\/\/api.w.org\/{rel}","templated":true}]}}