{"id":4413,"date":"2018-05-21T20:53:33","date_gmt":"2018-05-21T18:53:33","guid":{"rendered":"http:\/\/new.villa-visnjan.eu\/?page_id=4413"},"modified":"2026-01-10T10:29:29","modified_gmt":"2026-01-10T09:29:29","slug":"sport-i-zabava","status":"publish","type":"page","link":"https:\/\/villa-visnjan.eu\/it\/sport-i-zabava\/","title":{"rendered":"Sport e divertimento"},"content":{"rendered":"<p><\/p>\n<h2><strong><em>Trekking<\/em><\/strong><\/h2>\n<h4>Percorso: LEME \u2013 SAN MARTINO<\/h4>\n<p>Il percorso \u00e8 lungo 8,2 km. E&#8217; di difficolt\u00e0 media.<\/p>\n<p>Il percorso parte dal prato all&#8217;inizio del canal di Leme. Il canal di Leme \u00e8 una valle carsica sommersa sulla costa occidentale dell&#8217;Istria, lunga 12 km. Il canale fa parte del paesaggio geomorfologico e idrogeologico tutelato dallo stato croato. Inoltre questo luogo \u00e8 una riserva marittima adatta per la coltivazione di pesci e molluschi. Tanti sono i visitatori appassionati di trekking che esplorano la baia. Qui c&#8217;e&#8217; anche un percorso che vi conduce fino alla grotta di Romualdo, eremita che secondo la leggenda viveva nella grotta. Il percorso Lemme- San Martino costeggia il mare nella parte orientale del canale di Leme e sale gradualmente fino a 140 m sopra il livello del mare fino a raggiungere i campi. Il sentiero vi conduce tutt&#8217;attorno alla vetta San Martino che si raggiunge dopo aver svoltato a sinistra all&#8217;incrocio verso Bubani. Dal monte San Martino (217m) si apre una splendida vista sul panorama circostante. Per tornare indietro prendete la stessa strada verso Bubani e poi andate dritto verso Sosici. Vicino al bocciodromo c&#8217;e&#8217; un sentiero che scende nella valle di Leme. Raggiungerete la strada sterrata e girando a destra ben presto vi ritroverete sul prato da dove siete partiti.<\/p>\n<p>&nbsp;<\/p>\n<h2><strong><em>Bike &amp; trekking<\/em><\/strong><\/h2>\n<h4>RADUNO CICLISTICO MTB PARENZANA CUBE (fine settembre)<\/h4>\n<p>Il pi\u00f9 bel raduno di ciclisti amatoriali e professionisti. La MTB Parenzana Cube attraversa i luoghi dove una volta passava la ferrovia Parenzana (Grisignana, Visinada, Visignano, Parenzo). Questa maratona internazionale rappresenta l\u2019evento ciclistico pi\u00f9 grande in Istria che alla fine di settembre diventa un raduno per tutti i ciclisti \u2013sia quelli su strada che quelli su mountain-bike. Questa gara di tre giorni unisce la gara MTB dove partecipano regolarmente pi\u00f9 di 400 concorrenti. Parallelamente si tiene pure una manifestazione ciclistica ricreativa per tutte le et\u00e0, dove ogni anno vi partecipano sempre pi\u00f9 ciclisti.<\/p>\n<p>&nbsp;<\/p>\n<h4>PISTE CICLABILI \u2013 LA PISTA DELLE STELLE<\/h4>\n<p>(Vi\u0161njan \u2013 Markovac \u2013 Jadruhi \u2013 Ba\u0161koti \u2013 Prhati \u2013 Rapavel- Radovani \u2013 Ba\u010dva)<\/p>\n<p>Non si tratta di alcuna metafora: se non lo sapevate, qui potrete trovare un osservatorio astronomico che, in base ai suoi ritrovamenti, viene annoverato tra i 5 osservatori pi\u00f9 importanti del mondo. Dal suo telescopio sono stati scoperti oltre 1400 piccoli pianeti del sistema solare.<\/p>\n<p>Lungo il percorso delle stelle potrete visitare la chiesa parrocchiale neoclassica dei SS. Quirico e Giulita del XIX secolo, con un imponente campanile e guardate le sue due belle pale d&#8217;altare \u2013 pezzi d&#8217;arte del maestro Zorzi Ventura. All&#8217;inizio della strada principale di Visignano troverete la chiesa medievale di S. Antonio Abate con scritte glagolitiche del 1550 ed inoltre i preziosi resti degli affreschi di Domenico da Udine. Proseguite oltre, lungo il percorso attraverso il docile paesaggio di S. Marco, Ba\u0161koti, Vrani\u0107i e Prhati fino a Montaver.<\/p>\n<p>Sulla vostra via di ritorno, nell&#8217;altipiano 3 km a sud da Visignano, proseguite attraverso un piccolo villaggio che si chiama Mondellebotte. Qui potrete riflettere sul nome ispirativo di questo affascinante villaggio, vi troverete la chiesa di S. Giacomo del XII secolo ed inoltre, a cento metri di distanza la chiesa della Beata Vergine Maria (XIV\/XV), circondata da una rigogliosa vegetazione e dalle case.<\/p>\n<p>&nbsp;<\/p>\n<p><strong><u>Caratteristiche tecniche del percorso:<\/u><\/strong><\/p>\n<p>Partenza: Visignano<\/p>\n<p>Arrivo:Visignano<\/p>\n<p>Lunghezza: 24.5 km<\/p>\n<p>Grado di difficolt\u00e0: lieve<\/p>\n<p>Punto massimo: 306m<\/p>\n<p>Punto minimo:331m<\/p>\n<p>Asfalto: 16.7<\/p>\n<p>Sterrato: 7.8<\/p>\n<p>&nbsp;<\/p>\n<p><strong><u>Altre piste ciclabili che attraversano Vi\u0161njan:<\/u><\/strong><\/p>\n<p>-Pista ciclabile Eufrazijana<\/p>\n<p>-Pista ciclabile di San Mauro<\/p>\n<p>-Pista ciclabile di San Mihele<\/p>\n<p>-Pista della 15.tappa del Giro d&#8217;Italia<\/p>\n<p>&nbsp;<\/p>\n<h4>LA PARENZANA \u2013 antica tratta revitalizzata<\/h4>\n<p><img loading=\"lazy\" decoding=\"async\" class=\"size-medium wp-image-4474 alignleft\" src=\"http:\/\/new.villa-visnjan.eu\/wp-content\/uploads\/2018\/06\/bike-staze2-300x198.jpg\" alt=\"\" width=\"300\" height=\"198\" srcset=\"https:\/\/villa-visnjan.eu\/wp-content\/uploads\/2018\/06\/bike-staze2-300x198.jpg 300w, https:\/\/villa-visnjan.eu\/wp-content\/uploads\/2018\/06\/bike-staze2-768x508.jpg 768w, https:\/\/villa-visnjan.eu\/wp-content\/uploads\/2018\/06\/bike-staze2.jpg 1024w, https:\/\/villa-visnjan.eu\/wp-content\/uploads\/2018\/06\/bike-staze2-600x397.jpg 600w\" sizes=\"auto, (max-width: 300px) 100vw, 300px\" \/>Antica tratta ferroviaria con binario a scartamento ridotto lunga 123.1 km collegava trentatr\u00e9 localit\u00e0 istriane da Trieste a Parenzo. I primi costruttori chiamarono la tratta Parenzaner Bahn, la popolazione slovena l&#8217;aveva denominata Istrijanka, Istranka, Pore\u0161ka o Pore\u010danka; la popolazione italiana invece la chiamava Parenzana. Oltre ai passeggeri questa ferrovia trasportava anche il sale dalle saline di Pirano e di Sicciole, l&#8217;olio d&#8217;oliva dalla zona di Buie e Montona, frutta, verdura, pietra carsica, calce, legno, farina e vino. La ferrovia fu dismessa nel 1935, dopo soli 33 anni di vita, lasciando un segno indelebile in tutto il territorio.<\/p>\n<p>Anche se la Parenzana solo fino a poco tempo fa fu soltanto un rudere romantico, in alcune parti quasi irriconoscibile, ricoperta dalla verzura del panorama collinare, la vecchia ferrovia con binario a scartamento ridotto che viaggiava attraverso il pittoresco paesaggio tra Parenzo e Trieste come una linea della vita sul palmo della mano, \u00e8 profondamente incisa nella carta del destino della Penisola Istriana.<\/p>\n<p>Pochi anni fa si \u00e8 proceduto con la revitalizzazione di questa storica tratta. Ora essa \u00e8 diventata un interessantissimo percorso ciclabile oppure un sentiero adatto a praticare trekking. L&#8217;intero progetto porta il nome di &#8220;Parenzana- Via della Salute e dell&#8217;amicizia&#8221;.<\/p>\n<p>Vi invitiamo alla gara ciclistica per tutti i livelli che si tiene ogni primavera lungo la Parenzana, a pochi chilometri da Vi\u0161njan. Il punto d&#8217;arrivo con una grande festa in piazza viene organizzato a Visinada.<\/p>\n<p>(Fonti: www.parenzana.hr)<\/p>\n<h2><strong><em>Running<\/em><\/strong><\/h2>\n<h4><strong>100 MIGLIA DELL&#8217;ISTRIA<\/strong><\/h4>\n<p>Evento inaugurato da poco, viene organizzato all&#8217;inizio del mese di aprile. I partecipanti potranno assaporare tutti gli aspetti possibili della corsa trail su terreni tecnicamente molto impegnativi, un p\u00f2 di coastering, lacorsa continua nelle bellissime cittadine medievali, nel bosco, nelle aree urbane, per poi raggiungere valli fangose e vedere panorami mozzafiato. La corsa inizia a Labin \/Albona, \u00e8 lunga 171 km, prosegue verso il Monte Maggiore (Ucka), si passa per la Ciceria per arrivare fino a Buzet\/ Pinguente . Da qui si prosegue fino aHum\/ Colmo (la pi\u00f9 piccola citt\u00e0 del mondo), si arriva a Montona, a Grisignana e il finish della gara \u00e8 a Umag \/Umago.<\/p>\n<p>&nbsp;<\/p>\n<h2><strong><em>Nuoto<\/em><\/strong><\/h2>\n<h4><strong><em>IL DELFINO PARENTINO<\/em><\/strong><\/h4>\n<p>Pore\u010dki Delfin (Il delfino Parentino) \u00e8 una sfida di nuoto per tutti, non importa se arrivate alla fine per primi o tra gli ultimi. La vostra\u00a0 medaglia ed una maglietta sono gi\u00e0 garantite con la sola partecipazione. Nuotate con le pinne, su materassi gonfiabili, stile rana, dorso o stile libero\u00a0 -semplicemente-nuotate!<\/p>\n<p>La lunghezza della pista la scegliete da soli. La gara viene organizzata ogni anno nel primo weekend di settembre.<\/p>\n<p>&nbsp;<\/p>\n<h4><strong>AQUAPARK ISTRALANDIA<\/strong><\/h4>\n<p>Bellissimo parco acquatico a soli 10 km da Villa Visnjan prendendo l&#8217;autostrada verso nord, prima usita (Novigrad\/ Brtonigla). 4500 mq di piscine, diverse attrazioni per ragazzi e adulti, una grande piscina con tanto di castello, zona relax con vasche idromassaggio, piscina con le onde pi\u00f9 alte del Mediterraneo! Il free-fall alto 27m, intrattenimento con animatori e maghi, ricca offerta enogastronomica in ben 5 zone di ristorazione<strong>.<\/strong><\/p>\n<p><strong>\u00a0<\/strong><\/p>\n<h2><strong><em>Speleologia<\/em><\/strong><\/h2>\n<h4>GROTTA BAREDINE<\/h4>\n<p>L&#8217;Istria \u00e8 ricchissima di monumenti naturali geomorfologici che si sono creati nel corso di millenni.<\/p>\n<p>Il mondo sotterraneo della grotta di Baredine \u00e9 ricco di stalagmiti e stalattiti, di sculture sotterranee create dal lavorio paziente dell&#8217;acqua. La visita guidata della grotta dura 40 minuti lungo 5 gallerie sotteranee. In una delle sale passerete accanto ad un pozzo largo 4 m e profondo 66 m che scende fino ai laghi sotteranei. Un aspetto interessante di questa impresa avventurosa \u00e9 soprattutto l&#8217;incontro con il mondo animale sotterraneo: vedrete il proteo, specie animale endemica che vive solo in queste zone carsiche.<\/p>\n<p>Contenuti esterni: punto informativo per la vendita di biglietti, cartoline, souvenir.<\/p>\n<p>Ristorante all&#8217;aperto. Piccola mostra di trattori (traktor story).<\/p>\n<p>&nbsp;<\/p>\n<h2><strong><em>Astronomia <\/em><\/strong><\/h2>\n<h4>OSSERVATORIO<\/h4>\n<p>Se vi piace esplorare nuovi posti e incontrare nuova gente la nostra cittadina fa proprio per voi. Accanto alla viticoltura ed al turismo a Visignano opera un gruppetto di fervidi entusiasti che si occupano di osservare il cielo. Il club degli astronomi \u00e8 attivo da qualche decennio ed \u00e8 riuscito a lanciare il nome di questa piccola cittadina di soli 2400 abitanti in tutto il mondo. Gli astronomi del club sono riusciti ad intravvedere nel 1998 pi\u00f9 di 370 asteroidi nuovi , che sarebbe la somma di tutti gli asterodi scoperti insieme a Nizza, Vienna, Pola o Belgrado nella storia. L&#8217;anno dopo i risultati furono ancor pi\u00f9 sorprendenti, ne scoprono altri 923, due comete ed un potenziale pericoloso corpo volante!<\/p>\n<p>Gi\u00e0 col 2003 l&#8217;osservatorio di Visignano diventa uno dei centri pi\u00f9 produttivi di tutti i tempi. Si decide allora di allargare l&#8217;attivit\u00e0 fuori il centro abitato e di dar vita ad un osservatorio nuovo a Ti\u0107an, nei pressi di Visignano. Il club continua a scoprire fenomeni nuovi e inizia con un fervido lavoro di istruzione della giovent\u00f9. Gi\u00e0 da anni \u00e8 attiva a Visignano la &#8220;Scuola internazionale di astronomia&#8221;, per le eccellenze. L&#8217;osservatorio \u00e8 stato promosso a uno dei 19 centri mondiali d&#8217;eccellenza (Network of excellence). Alcuni dei membri del club di astronomia oggi sono dipendenti della NASA. In collaborazione con un network tedesco \u201eEuropean fireball network&#8221; a Visignao \u00e8 stata posizionata la telecamera nr.77 per il monitoraggio del comportamento delle meteoriti.<\/p>\n<p>&nbsp;<\/p>\n<h2><strong><em>Fun<\/em><\/strong><\/h2>\n<h4>FESTIVAL DEGLI AQUILONI<\/h4>\n<p><img loading=\"lazy\" decoding=\"async\" class=\"size-medium wp-image-4476 alignright\" src=\"http:\/\/new.villa-visnjan.eu\/wp-content\/uploads\/2018\/06\/festival_zmajeva_bale-300x169.jpg\" alt=\"\" width=\"300\" height=\"169\" srcset=\"https:\/\/villa-visnjan.eu\/wp-content\/uploads\/2018\/06\/festival_zmajeva_bale-300x169.jpg 300w, https:\/\/villa-visnjan.eu\/wp-content\/uploads\/2018\/06\/festival_zmajeva_bale-768x432.jpg 768w, https:\/\/villa-visnjan.eu\/wp-content\/uploads\/2018\/06\/festival_zmajeva_bale-600x338.jpg 600w, https:\/\/villa-visnjan.eu\/wp-content\/uploads\/2018\/06\/festival_zmajeva_bale.jpg 960w\" sizes=\"auto, (max-width: 300px) 100vw, 300px\" \/>Vi invitiamo al Festival degli aquiloni\u00a0 dove potrete assistere a dei laboratori dove creerete il vostro aquilone e poi vi mostreremo come addomesticare il vostro aquilone in cielo e come farlo volare.<\/p>\n<p>Il Festival degli aquiloni viene organizzato per grandi e piccini nell&#8217;ultima settimana di maggio a Valle d&#8217;Istria, presso Rovigno.<\/p>","protected":false},"excerpt":{"rendered":"<p>Trekking Percorso: LEME \u2013 SAN MARTINO Il percorso \u00e8 lungo 8,2 km. E&#8217; di difficolt\u00e0 media. Il percorso parte dal prato all&#8217;inizio del canal di Leme. Il&#8230;<\/p>\n","protected":false},"author":1,"featured_media":4474,"parent":0,"menu_order":0,"comment_status":"closed","ping_status":"closed","template":"","meta":{"footnotes":""},"class_list":["post-4413","page","type-page","status-publish","has-post-thumbnail","hentry"],"aioseo_notices":[],"_links":{"self":[{"href":"https:\/\/villa-visnjan.eu\/it\/wp-json\/wp\/v2\/pages\/4413","targetHints":{"allow":["GET"]}}],"collection":[{"href":"https:\/\/villa-visnjan.eu\/it\/wp-json\/wp\/v2\/pages"}],"about":[{"href":"https:\/\/villa-visnjan.eu\/it\/wp-json\/wp\/v2\/types\/page"}],"author":[{"embeddable":true,"href":"https:\/\/villa-visnjan.eu\/it\/wp-json\/wp\/v2\/users\/1"}],"replies":[{"embeddable":true,"href":"https:\/\/villa-visnjan.eu\/it\/wp-json\/wp\/v2\/comments?post=4413"}],"version-history":[{"count":10,"href":"https:\/\/villa-visnjan.eu\/it\/wp-json\/wp\/v2\/pages\/4413\/revisions"}],"predecessor-version":[{"id":4538,"href":"https:\/\/villa-visnjan.eu\/it\/wp-json\/wp\/v2\/pages\/4413\/revisions\/4538"}],"wp:featuredmedia":[{"embeddable":true,"href":"https:\/\/villa-visnjan.eu\/it\/wp-json\/wp\/v2\/media\/4474"}],"wp:attachment":[{"href":"https:\/\/villa-visnjan.eu\/it\/wp-json\/wp\/v2\/media?parent=4413"}],"curies":[{"name":"wp","href":"https:\/\/api.w.org\/{rel}","templated":true}]}}