{"id":4451,"date":"2018-06-08T09:33:55","date_gmt":"2018-06-08T07:33:55","guid":{"rendered":"http:\/\/new.villa-visnjan.eu\/?page_id=4451"},"modified":"2026-01-10T10:23:35","modified_gmt":"2026-01-10T09:23:35","slug":"gastronomija","status":"publish","type":"page","link":"https:\/\/villa-visnjan.eu\/it\/gastronomija\/","title":{"rendered":"Gastronomia"},"content":{"rendered":"<p><\/p>\n<h2>Il tartufo<\/h2>\n<p><img loading=\"lazy\" decoding=\"async\" class=\"wp-image-4446 size-full alignleft\" src=\"https:\/\/villa-visnjan.eu\/wp-content\/uploads\/2018\/06\/trazenje_tartufa.jpg\" alt=\"\" width=\"275\" height=\"183\" \/><\/p>\n<p>\u00c8 un tubero singolare, misterioso e nascosto sotto terra. Non ha la parte epigea e quindi, l&#8217;uomo pu\u00f2 trovarlo solo con l&#8217;ausilio di cani appositamente addestrati.<\/p>\n<p><img loading=\"lazy\" decoding=\"async\" class=\"wp-image-4605 size-medium alignright\" src=\"https:\/\/villa-visnjan.eu\/wp-content\/uploads\/2018\/06\/tartufi-e1529777893715-272x300.jpg\" alt=\"\" width=\"272\" height=\"300\" srcset=\"https:\/\/villa-visnjan.eu\/wp-content\/uploads\/2018\/06\/tartufi-e1529777893715-272x300.jpg 272w, https:\/\/villa-visnjan.eu\/wp-content\/uploads\/2018\/06\/tartufi-e1529777893715.jpg 354w\" sizes=\"auto, (max-width: 272px) 100vw, 272px\" \/><\/p>\n<p>Il suolo della nostra penisola a forma di cuore \u00e8 costituito da due tipi di terra, quella intensamente rossa nella parte litoranea, e quella grigia ed argillacea nella parte centrale. Il tartufo cresce nella terra grigia con epicentro nell\u2019umida foresta di Motovun presso il fiume Mirna. Pi\u00f9 precisamente &#8211; presso il paesino di Livade, del comune di Oprtalj e nella regione di Buzet, poich\u00e8 Buzet \u00a0\u00e8 nota pure come LA CITT\u00c0 DEL TARTUFO. La zona del tartufo s&#8217;estende verso nord-est fino a Lani\u0161\u0107e, a sud-est fino al fiumicello Ra\u0161a nei pressi di Labin, e verso sud fino alle porte di Pazin.<\/p>\n<p>Il tartufo bianco \u2013 si tratta della specie pi\u00f9 pregiata al mondo. Esso matura in autunno.<\/p>\n<p>Il tartufo nero- Sui pendii lungo il fiume Mirna, nonch\u00e9 nell&#8217;Istria rossa, quasi in sordina del pi\u00f9 noto tartufo bianco, germoglia il tartufo nero. Dato che matura sia d&#8217;inverno che d&#8217;estate, mentre per il bianco bisogna attendere fino agli albori autunnali, \u00e8 un complemento ideale al tartufo bianco.<\/p>\n<p>Fonti: Istra Gourmet<\/p>\n<p>&nbsp;<\/p>\n<h2>Asparago selvatico<\/h2>\n<p><img loading=\"lazy\" decoding=\"async\" class=\"wp-image-4447 size-medium alignleft\" src=\"https:\/\/villa-visnjan.eu\/wp-content\/uploads\/2018\/06\/sparoge2-300x199.jpg\" alt=\"\" width=\"300\" height=\"199\" srcset=\"https:\/\/villa-visnjan.eu\/wp-content\/uploads\/2018\/06\/sparoge2-300x199.jpg 300w, https:\/\/villa-visnjan.eu\/wp-content\/uploads\/2018\/06\/sparoge2-768x510.jpg 768w, https:\/\/villa-visnjan.eu\/wp-content\/uploads\/2018\/06\/sparoge2-1024x680.jpg 1024w, https:\/\/villa-visnjan.eu\/wp-content\/uploads\/2018\/06\/sparoge2-600x399.jpg 600w\" sizes=\"auto, (max-width: 300px) 100vw, 300px\" \/><\/p>\n<p>L\u2019asparago \u00e8 una pianta spontanea che appare in primavera e s\u2019incontra nei boschi, sui prati e in luoghi umidi. A differenza degli asparagi domestici, che sono coltivabili, nel caso dell\u2019asparago selvatico (Asparagus acutifolius L) ci\u00f2 non \u00e8 possibile. Dal sapore aspro, i germogli dell&#8217;asparago sembrano fatti apposta per essere preparati con le uova.<\/p>\n<p><img loading=\"lazy\" decoding=\"async\" class=\"wp-image-4455 size-full alignright\" src=\"https:\/\/villa-visnjan.eu\/wp-content\/uploads\/2018\/06\/\u0161paroge1.jpg\" alt=\"\" width=\"275\" height=\"183\" \/><\/p>\n<p>A differenza con la Dalmazia, dove gli asparagi in vengono preparati nell&#8217;insalata (asparagi con uova sode), in Istria \u00e8 pi\u00f9 comune la frittata coni asparagi. Le cime degli asparagi oppure del tamaro (Tamus comunis) vanno stufate in olio d&#8217;oliva finch\u00e9 non s&#8217;inteneriscono per poi aggiungere uova rimescolate, sale e pepe.<\/p>\n<p>Buon appetito!<\/p>\n<p>Fonti: Istra Gourmet<\/p>\n<p>&nbsp;<\/p>\n<h2>OLIO D&#8217;OLIVA<\/h2>\n<p><img loading=\"lazy\" decoding=\"async\" class=\"size-medium wp-image-4803 alignright\" src=\"https:\/\/villa-visnjan.eu\/wp-content\/uploads\/2019\/05\/20161008_132340-300x169.jpg\" alt=\"\" width=\"300\" height=\"169\" srcset=\"https:\/\/villa-visnjan.eu\/wp-content\/uploads\/2019\/05\/20161008_132340-300x169.jpg 300w, https:\/\/villa-visnjan.eu\/wp-content\/uploads\/2019\/05\/20161008_132340.jpg 500w\" sizes=\"auto, (max-width: 300px) 100vw, 300px\" \/>Quasi nulla pu\u00f2 essere paragonato a quest\u2019olio extravergine d\u2019oliva cos\u00ed opaco e dorato. L\u2019olio d\u2019oliva \u00e8 il grasso vegetale pi\u00f9 valorizzato nella nutrizione umana, esso \u00e8 un\u2019elisir di lunga vita. L\u2019Istria vanta un\u2019eredit\u00e0 ineguagliabile, condizioni climatiche eccellenti, una posizione geologica favorevole, conoscenze tramandate da generazione in generazione nella coltivazione e nella produzione di quest\u2019 \u00a0\u2018oro che cola\u2019. Gi\u00e0 nell\u2019antichit\u00e0, l\u2019olio extravergine d\u2019oliva istriano era rinomato in tutto l\u2019Impero romano. Ne testimoniano i resti materiali come gli antichi frantoi lungo tutta la costa occidentale, in particolare nell\u2019arcipelago delle isole Brioni, a Barbariga, a Parenzo e a Porto Cervera.<\/p>\n<p>L\u2019Istria \u00e8 stata proclamata gi\u00e0 per la seconda volta (2017) quale regione in cui l\u2019olivicoltura vanta la pi\u00f9 alta qualit\u00e0 al mondo. La guida enogastronomica, l\u2019unica che raccoglie tutti gli oli extravergini del mondo, Flos Olei, ha valutato complessivamente 1800 produttori mondiali, tra questi ben 60 produttori e coltivatori istriani si sono classificati tra i 500 migliori produttori di oli d\u2019oliva al mondo!<\/p>\n<p>Scaricate l\u2019applicazione per informarvi pi\u00f9 dettagliatamente: <span style=\"color: #000080;\"><a style=\"color: #000080;\" href=\"http:\/\/www.istra.com\/gourmet-app\">www.istra.com\/gourmet-app<\/a><\/span><\/p>\n<p>La nostra raccomandazione personale per la qualit\u00e0 e l&#8217;olio extravergine di oliva fatto in casa che \u00e8 esclusivamente naturale (bio), senza pesticidi, erba artificiale e forte e l&#8217;irrigazione \u00e8\u00a0<span style=\"color: #000080;\"><a style=\"color: #000080;\" href=\"http:\/\/www.opg-bubicic.com\" target=\"_blank\" rel=\"noopener\" data-saferedirecturl=\"https:\/\/www.google.com\/url?q=http:\/\/www.opg-bubicic.hr&amp;source=gmail&amp;ust=1529573694403000&amp;usg=AFQjCNGR_zkVKFrHtrJqqU9H_HO6kff7kw\">www.opg-bubicic.com<\/a><\/span>. \u00c8 una piccola fattoria agricola di Dra\u010devac vicino a \u017dbandaj e Parenzo.<\/p>\n<p>&nbsp;<\/p>\n<h2>VINICOLTURA A VISIGNANO<\/h2>\n<p><img loading=\"lazy\" decoding=\"async\" class=\"wp-image-4448 size-medium alignleft\" src=\"https:\/\/villa-visnjan.eu\/wp-content\/uploads\/2018\/06\/vino-300x300.jpg\" alt=\"\" width=\"300\" height=\"300\" srcset=\"https:\/\/villa-visnjan.eu\/wp-content\/uploads\/2018\/06\/vino-300x300.jpg 300w, https:\/\/villa-visnjan.eu\/wp-content\/uploads\/2018\/06\/vino-150x150.jpg 150w, https:\/\/villa-visnjan.eu\/wp-content\/uploads\/2018\/06\/vino-100x100.jpg 100w, https:\/\/villa-visnjan.eu\/wp-content\/uploads\/2018\/06\/vino.jpg 577w\" sizes=\"auto, (max-width: 300px) 100vw, 300px\" \/><\/p>\n<p>Su questa terra rossa e fruttuosa abitano gi\u00e0 da secoli famiglie che si occupano di agricoltura. Lungo la strada che porta al villaggio avrete sicuramente notato le varie indicazioni che invitano a visitare le numerose cantine. S\u00ec, sono questi i nostri vinai e la zona \u00e8 largamente conosciuta per la produzione di vini e spumanti d\u2019oc.<\/p>\n<p>Possiamo per\u00f2 precisare che appena la terza generazione, \u00e8 stata quella che ha preso le redini di questa bella storia del vino de Visignanese e che vent\u2019anni fa circa \u00a0ha raggiunto un enorme passo in avanti. Il vino, fino ad allora, infatti, si produceva in piccole quantit\u00e0, quanto ne bastava al fabbisogno della famiglia e si faceva cos\u00ec in tutta l\u2019Istria anche con l\u2019olio d\u2019oliva.<\/p>\n<p>All\u2019inizio di questo millennio molti giovani di Visignano\u00a0 si sono decisi ad intraprendere seriamente questa\u00a0 attivit\u00e0, sono riusciti in poco tempo a fare un bel salto di qualit\u00e0 nella produzione del vino, hanno investito nelle tecnologie e aggiornandosi continuamente, hanno raggiunto questo grande risultato che non poteva mancare.<\/p>\n<p>Oggi queste persone portano avanti cantine di successo, sono produttori di vini riconosciuti non solo in zona, in tutta la Croazia ma anche in Europa. Il successo dei loro vini porta molti vantaggi al villaggio di Visignano ed \u00e8 ormai diventato un marchio di qualit\u00e0 di questa zona.<\/p>\n<p>(La fiera di vini e vinicoltura, Vinistra, si tiene ogni anno verso la met\u00e0 del mese di maggio ed \u00e8 un\u2019occasione per degustare tutti i vini d\u2019oc della nostra bella penisola. Per ulteriori informazioni rivolgetevi senza impegno al proprietario della Villa Visnjan).<\/p>\n<p>&nbsp;<\/p>\n<table width=\"746\">\n<tbody>\n<tr>\n<td width=\"141\">\u017dikovi\u0107 \u017deljko<\/td>\n<td width=\"605\">Malvazija istarska, Chardonnay, crno stolno vino,<\/td>\n<\/tr>\n<tr>\n<td>\u017dikovi\u0107 Valter<\/td>\n<td>Cabernet Sauvignon, Malvazija istarska<\/td>\n<\/tr>\n<tr>\n<td>Radovan Franko<\/td>\n<td>Merlot, Cabernet Sauvignon, Teran, Refo\u0161k, Malvazija istarska, Chardonnay<\/td>\n<\/tr>\n<tr>\n<td>Pulin Roberto<\/td>\n<td>Malvazija, Borgonja, Bikova krv, Merlot, Cabernet Sauvignon, Teran, Mu\u0161kat \u017euti, Mu\u0161kat ru\u017ea, Ljubavno vino<\/td>\n<\/tr>\n<tr>\n<td>Prodan Adriano<\/td>\n<td>Cabernet Sauvignon, Teran, Malvazija, Chardonnay, Mu\u0161kat \u017euti<\/td>\n<\/tr>\n<tr>\n<td>Poletti Peter<\/td>\n<td>Cabernet Sauvignon,\u00a0 Malvazija istarska, Chardonnay, Rossella, Merlot, Teran<\/td>\n<\/tr>\n<tr>\n<td>Poleis Ivan<\/td>\n<td>Cabernet Sauvignon, Borgonja, Malvazija istarska, Chardonnay, Rose<\/td>\n<\/tr>\n<tr>\n<td>Per\u0161uri\u0107 Mario<\/td>\n<td>Cabernet Sauvignon, Teran, Malvazija istarska, Chardonnay<\/td>\n<\/tr>\n<tr>\n<td>obitelj Per\u0161uri\u0107 \u0110ordano<\/td>\n<td>Pjenu\u0161ava vina, Misal<\/td>\n<\/tr>\n<tr>\n<td>Mati\u0107 Milenko<\/td>\n<td>Malvazija, Chardonnay, Mu\u0161kat \u017euti, Mu\u0161kat ru\u017ea, Sauvignon<\/td>\n<\/tr>\n<tr>\n<td>Corlevich Dario<\/td>\n<td>Malvazija istarska, Teran, Cabernet Sauvignon<\/td>\n<\/tr>\n<tr>\n<td>Bernobi\u0107 Marko<\/td>\n<td>\u00a0Teran, Malvazija istarska, Rose, Mu\u0161kat \u017euti<\/td>\n<\/tr>\n<tr>\n<td>Bernobi\u0107 Guido<\/td>\n<td>Cabersovin, Chardovin, Mu\u0161katelo, Mu\u0161katelo rose,Teranin,\u00a0 Malvazija istarska,<\/td>\n<\/tr>\n<\/tbody>\n<\/table>\n<p>&nbsp;<\/p>","protected":false},"excerpt":{"rendered":"<p>Il tartufo \u00c8 un tubero singolare, misterioso e nascosto sotto terra. Non ha la parte epigea e quindi, l&#8217;uomo pu\u00f2 trovarlo solo con l&#8217;ausilio di cani appositamente&#8230;<\/p>\n","protected":false},"author":1,"featured_media":4461,"parent":0,"menu_order":0,"comment_status":"closed","ping_status":"closed","template":"","meta":{"footnotes":""},"class_list":["post-4451","page","type-page","status-publish","has-post-thumbnail","hentry"],"aioseo_notices":[],"_links":{"self":[{"href":"https:\/\/villa-visnjan.eu\/it\/wp-json\/wp\/v2\/pages\/4451","targetHints":{"allow":["GET"]}}],"collection":[{"href":"https:\/\/villa-visnjan.eu\/it\/wp-json\/wp\/v2\/pages"}],"about":[{"href":"https:\/\/villa-visnjan.eu\/it\/wp-json\/wp\/v2\/types\/page"}],"author":[{"embeddable":true,"href":"https:\/\/villa-visnjan.eu\/it\/wp-json\/wp\/v2\/users\/1"}],"replies":[{"embeddable":true,"href":"https:\/\/villa-visnjan.eu\/it\/wp-json\/wp\/v2\/comments?post=4451"}],"version-history":[{"count":15,"href":"https:\/\/villa-visnjan.eu\/it\/wp-json\/wp\/v2\/pages\/4451\/revisions"}],"predecessor-version":[{"id":4943,"href":"https:\/\/villa-visnjan.eu\/it\/wp-json\/wp\/v2\/pages\/4451\/revisions\/4943"}],"wp:featuredmedia":[{"embeddable":true,"href":"https:\/\/villa-visnjan.eu\/it\/wp-json\/wp\/v2\/media\/4461"}],"wp:attachment":[{"href":"https:\/\/villa-visnjan.eu\/it\/wp-json\/wp\/v2\/media?parent=4451"}],"curies":[{"name":"wp","href":"https:\/\/api.w.org\/{rel}","templated":true}]}}