{"id":459,"date":"2018-04-30T21:47:46","date_gmt":"2018-04-30T19:47:46","guid":{"rendered":"http:\/\/new.villa-visnjan.eu\/hotel-term-condition\/"},"modified":"2026-01-10T10:25:37","modified_gmt":"2026-01-10T09:25:37","slug":"uvjeti-poslovanja","status":"publish","type":"page","link":"https:\/\/villa-visnjan.eu\/it\/uvjeti-poslovanja\/","title":{"rendered":"CONDIZIONI GENERALI DI PAGAMENTO"},"content":{"rendered":"<p>I prezzi sono espressi in Euro per pernottamento e si riferiscono a una singola unit\u00e0 e non includono\u00a0\u00a0 nessun pasto.<\/p>\n<p>Nel prezzo giornaliero \u00e8 inclusa la registrazione, tassa di soggiorno, biancheria, asciugamani, wifi e pulizia finale. In caso aveste prenotato pure il letto aggiuntivo per bambini allora il prezzo aumenter\u00e0 a seconda dell\u2019et\u00e0 del bambino.<\/p>\n<p>Il posto macchina nel nostro giardino chiuso non \u00e8 incluso nel prezzo dell\u2019appartamento.<\/p>\n<p>Al momento della prenotazione online voi avete scelto l\u2019appartamento desiderato e la data di arrivo\/ partenza. Voi garantite il vostro arrivo tramite carta di credito o tramite bonifico bancario.<\/p>\n<p>L\u2019ammonto complessivo da pagare verr\u00e0 scaricato dalla vostra carta di credito entro le 48 ore dalla prenotazione.<\/p>\n<p>Accettiamo le seguenti carte di credito:<\/p>\n<p>Visa, American Express, Diners i MasterCard.<\/p>\n<p>Esistono delle limitazioni se volete prenotare pi\u00f9 unit\u00e0 allo stesso tempo. Per ogni appartamento che vorreste prenotare ci sar\u00e0 bisogno di rifare la procedura di prenotazione da capo. Se avete delle difficolt\u00e0, contattateci pure al nostro indirizzo e-mail che troverete sul sito.<\/p>\n<h4>E\u2019 POSSIBILE DISDIRE LA PRENOTAZIONE 3 MESI PRIMA DELL\u2019ARRIVO, IN QUESTO CASO LA DISDETTA E\u2019 GRATIS.<\/h4>\n<h4>SE INVECE DISDITE FINO AL MASSIMO DI 30 GIORNI PRIMA DELL\u2019ARRIVO VI RESTITUIAMO IL 50% DELL\u2019IMPORTO PAGATO. LA DISDETTA PU\u00d2 ESSERE DATA TRAMITE E-MAIL O PER TELEFONO IN ORARIO DI LAVORO.<\/h4>\n<h4>PER IL NON ARRIVO O SE NON DISDITE LA PRENOTAZIONE PER TEMPO COME SOPRA\u00a0 STABILITO DALLE NOSTRE CONDIZIONI GENERALI DI PAGAMENTO NON POTREMMO RISARCIRVI.<\/h4>\n<p>&nbsp;<\/p>\n<h2>Conferma della prenotazione<\/h2>\n<p>Se garantite la vostra prenotazione tramite carta di credito, la prenotazione sar\u00e0 confermata entro 48h dal pagamento effettuato. Se invece avete scelto di fare un bonifico bancario , la vostra prenotazione \u00e8 in \u2018stand by\u2019 fino al momento che la banca ci conferma che il versamento \u00e8 stato effettuato e completato. In ambedue i casi vi arriver\u00e0 una conferma di prenotazione per posta elettronica.<\/p>\n<p>&nbsp;<\/p>\n<h2>CHECK \u2013IN<\/h2>\n<p>La fascia oraria per il check-in \u00e8 stabilita dal nostro ordine della casa. Sar\u00e0 possibile entrare in appartamento dalle 17-21h.<\/p>\n<p>Vi preghiamo di inviarci un\u2019 e-mail con l\u2019orario del vostro arrivo per poter organizzare lo staff per accogliervi. A volte in dipendenza dalla disponibilit\u00e0, si potr\u00e0 entrare in appartamento anche prima dell\u2019ufficiale orario per il check-in.<\/p>\n<p>&nbsp;<\/p>\n<h2>LA PARTENZA<\/h2>\n<p>Al giorno della vostra partenza si prega di abbandonare la stanza entro le 10:30h.<\/p>\n<p>&nbsp;<\/p>\n<h2>ANIMALI DOMESTICI<\/h2>\n<p>Gli animali domestici non sono accettati nella nostra struttura sporattutto in alta stagione. Vi ringraziamo per la comprensione.<\/p>\n<p>&nbsp;<\/p>\n<h2>GDPR<\/h2>\n<p>Vi preghiamo di informarvi sul nostro sito in una <a href=\"http:\/\/new.villa-visnjan.eu\/pravila-privatnosti\/\">rubrica<\/a> a parte sulle condizioni del check-in. Per la registrazione della vostra permanenza dobbiamo per legge inserire i vostri dati personali\u00a0 nell\u2019applicazione apposita dell\u2019 Ente del turismo croato. Appena dopo aver effettuato la registrazione potrete usufruire dell\u2019 unit\u00e0 prenotata.<\/p>\n<p>&nbsp;<\/p>","protected":false},"excerpt":{"rendered":"<p>I prezzi sono espressi in Euro per pernottamento e si riferiscono a una singola unit\u00e0 e non includono\u00a0\u00a0 nessun pasto. Nel prezzo giornaliero \u00e8 inclusa la registrazione,&#8230;<\/p>\n","protected":false},"author":1,"featured_media":0,"parent":0,"menu_order":0,"comment_status":"closed","ping_status":"closed","template":"","meta":{"footnotes":""},"class_list":["post-459","page","type-page","status-publish","hentry"],"aioseo_notices":[],"_links":{"self":[{"href":"https:\/\/villa-visnjan.eu\/it\/wp-json\/wp\/v2\/pages\/459","targetHints":{"allow":["GET"]}}],"collection":[{"href":"https:\/\/villa-visnjan.eu\/it\/wp-json\/wp\/v2\/pages"}],"about":[{"href":"https:\/\/villa-visnjan.eu\/it\/wp-json\/wp\/v2\/types\/page"}],"author":[{"embeddable":true,"href":"https:\/\/villa-visnjan.eu\/it\/wp-json\/wp\/v2\/users\/1"}],"replies":[{"embeddable":true,"href":"https:\/\/villa-visnjan.eu\/it\/wp-json\/wp\/v2\/comments?post=459"}],"version-history":[{"count":6,"href":"https:\/\/villa-visnjan.eu\/it\/wp-json\/wp\/v2\/pages\/459\/revisions"}],"predecessor-version":[{"id":4590,"href":"https:\/\/villa-visnjan.eu\/it\/wp-json\/wp\/v2\/pages\/459\/revisions\/4590"}],"wp:attachment":[{"href":"https:\/\/villa-visnjan.eu\/it\/wp-json\/wp\/v2\/media?parent=459"}],"curies":[{"name":"wp","href":"https:\/\/api.w.org\/{rel}","templated":true}]}}